{"id":190,"date":"2024-04-18T09:23:20","date_gmt":"2024-04-18T07:23:20","guid":{"rendered":"https:\/\/pedirenjumilla.es\/wanyal\/?page_id=190"},"modified":"2024-06-10T09:10:22","modified_gmt":"2024-06-10T07:10:22","slug":"info","status":"publish","type":"page","link":"https:\/\/pediren.es\/wanyal\/info\/","title":{"rendered":"Info"},"content":{"rendered":"<p>[et_pb_section fb_built=\u00bb1&#8243; module_id=\u00bbinfo-legal-establecimiento\u00bb _builder_version=\u00bb4.24.2&#8243; _module_preset=\u00bbdefault\u00bb global_colors_info=\u00bb{}\u00bb][et_pb_row _builder_version=\u00bb4.24.2&#8243; _module_preset=\u00bbdefault\u00bb global_colors_info=\u00bb{}\u00bb][et_pb_column type=\u00bb4_4&#8243; _builder_version=\u00bb4.24.2&#8243; _module_preset=\u00bbdefault\u00bb global_colors_info=\u00bb{}\u00bb][et_pb_text admin_label=\u00bbinfo-legal-establecimiento-titulo\u00bb module_id=\u00bbinfo-legal-establecimiento-titulo\u00bb _builder_version=\u00bb4.24.3&#8243; _module_preset=\u00bbdefault\u00bb global_colors_info=\u00bb{}\u00bb]<\/p>\n<h1>Informaci\u00f3n Restaurante Wanyal<\/h1>\n<p>[\/et_pb_text][et_pb_text admin_label=\u00bbinfo-legal-establecimiento-contacto\u00bb module_id=\u00bbinfo-legal-establecimiento-contacto\u00bb _builder_version=\u00bb4.24.3&#8243; _module_preset=\u00bbdefault\u00bb global_colors_info=\u00bb{}\u00bb]<\/p>\n<h2>Contacto<\/h2>\n<p><i class=\"fa fa-phone\" aria-hidden=\"true\"><\/i> 968 784 332<br \/><i class=\"fa fa-envelope\" aria-hidden=\"true\"><\/i> wanyal@pedirenjumilla.es<\/p>\n<p>[\/et_pb_text][et_pb_code _builder_version=\u00bb4.24.3&#8243; _module_preset=\u00bbdefault\u00bb global_colors_info=\u00bb{}\u00bb]<iframe src=\"https:\/\/www.google.com\/maps\/embed?pb=!1m18!1m12!1m3!1d3123.6351642386453!2d-1.3216569000000002!3d38.47298329999998!2m3!1f0!2f0!3f0!3m2!1i1024!2i768!4f13.1!3m3!1m2!1s0xd640f7933d798b7%3A0xdea5df209745144a!2sRestaurante%20Wanyal!5e0!3m2!1ses!2ses!4v1713424919989!5m2!1ses!2ses\" width=\"100%\" height=\"200\" style=\"border:0;\" allowfullscreen=\"\" loading=\"lazy\" referrerpolicy=\"no-referrer-when-downgrade\"><\/iframe>[\/et_pb_code][et_pb_text admin_label=\u00bbTextoinfo-legal-establecimiento-terminos\u00bb module_id=\u00bbinfo-legal-establecimiento-terminos\u00bb _builder_version=\u00bb4.24.2&#8243; _module_preset=\u00bbdefault\u00bb global_colors_info=\u00bb{}\u00bb]<\/p>\n<h2>T\u00e9rminos y condiciones pediren.es<\/h2>\n<p><i class=\"fa fa-gavel\" aria-hidden=\"true\"><\/i> Revisa los <a href=\"https:\/\/pediren.es\/mapa-web\/\" rel=\"nofollow\">t\u00e9rminos y condiciones<\/a> de pediren.es antes de hacer un pedido o cualquier otra transacci\u00f3n en este sitio web.<\/p>\n<p>[\/et_pb_text][et_pb_text admin_label=\u00bbinfo-legal-establecimiento-datos-fiscales\u00bb module_id=\u00bbinfo-legal-establecimiento-datos-fiscales\u00bb _builder_version=\u00bb4.25.0&#8243; _module_preset=\u00bbdefault\u00bb hover_enabled=\u00bb0&#8243; global_colors_info=\u00bb{}\u00bb sticky_enabled=\u00bb0&#8243;]<\/p>\n<h2>Informaci\u00f3n fiscal establecimiento<\/h2>\n<ul>\n<li>Denominaci\u00f3n social: Xiaoyong Wang Wang<\/li>\n<li>NIF \/ NIE: 48840965-M<\/li>\n<li>Domicilio social: Av. de la Libertad con Joaqu\u00edn Turina\u200b. Jumilla, Murcia (30520).<\/li>\n<\/ul>\n<p>[\/et_pb_text][\/et_pb_column][\/et_pb_row][\/et_pb_section]<\/p>\n","protected":false},"excerpt":{"rendered":"<p>Informaci\u00f3n Restaurante WanyalContacto 968 784 332 wanyal@pedirenjumilla.esT\u00e9rminos y condiciones pediren.es Revisa los t\u00e9rminos y condiciones de pediren.es antes de hacer un pedido o cualquier otra transacci\u00f3n en este sitio web.Informaci\u00f3n fiscal establecimiento Denominaci\u00f3n social: Xiaoyong Wang Wang NIF \/ NIE: 48840965-M Domicilio social: Av. de la Libertad con Joaqu\u00edn Turina\u200b. Jumilla, Murcia (30520).<\/p>\n","protected":false},"author":1,"featured_media":0,"parent":0,"menu_order":0,"comment_status":"closed","ping_status":"closed","template":"","meta":{"_et_pb_use_builder":"on","_et_pb_old_content":"","_et_gb_content_width":"","footnotes":""},"class_list":["post-190","page","type-page","status-publish","hentry"],"yoast_head":"<!-- This site is optimized with the Yoast SEO plugin v27.3 - https:\/\/yoast.com\/product\/yoast-seo-wordpress\/ -->\n<title>Info - Wanyal<\/title>\n<meta name=\"robots\" content=\"noindex, nofollow\" \/>\n<script type=\"application\/ld+json\" class=\"yoast-schema-graph\">{\"@context\":\"https:\\\/\\\/schema.org\",\"@graph\":[{\"@type\":\"WebPage\",\"@id\":\"https:\\\/\\\/pediren.es\\\/wanyal\\\/info\\\/\",\"url\":\"https:\\\/\\\/pediren.es\\\/wanyal\\\/info\\\/\",\"name\":\"Info - Wanyal\",\"isPartOf\":{\"@id\":\"https:\\\/\\\/pediren.es\\\/wanyal\\\/#website\"},\"datePublished\":\"2024-04-18T07:23:20+00:00\",\"dateModified\":\"2024-06-10T07:10:22+00:00\",\"breadcrumb\":{\"@id\":\"https:\\\/\\\/pediren.es\\\/wanyal\\\/info\\\/#breadcrumb\"},\"inLanguage\":\"es\",\"potentialAction\":[{\"@type\":\"ReadAction\",\"target\":[\"https:\\\/\\\/pediren.es\\\/wanyal\\\/info\\\/\"]}]},{\"@type\":\"BreadcrumbList\",\"@id\":\"https:\\\/\\\/pediren.es\\\/wanyal\\\/info\\\/#breadcrumb\",\"itemListElement\":[{\"@type\":\"ListItem\",\"position\":1,\"name\":\"Portada\",\"item\":\"https:\\\/\\\/pediren.es\\\/wanyal\\\/\"},{\"@type\":\"ListItem\",\"position\":2,\"name\":\"Info\"}]},{\"@type\":\"WebSite\",\"@id\":\"https:\\\/\\\/pediren.es\\\/wanyal\\\/#website\",\"url\":\"https:\\\/\\\/pediren.es\\\/wanyal\\\/\",\"name\":\"Wanyal\",\"description\":\"El aut\u00e9ntico sabor de la comida china en cada bocado\",\"potentialAction\":[{\"@type\":\"SearchAction\",\"target\":{\"@type\":\"EntryPoint\",\"urlTemplate\":\"https:\\\/\\\/pediren.es\\\/wanyal\\\/?s={search_term_string}\"},\"query-input\":{\"@type\":\"PropertyValueSpecification\",\"valueRequired\":true,\"valueName\":\"search_term_string\"}}],\"inLanguage\":\"es\"}]}<\/script>\n<!-- \/ Yoast SEO plugin. -->","yoast_head_json":{"title":"Info - Wanyal","robots":{"index":"noindex","follow":"nofollow"},"schema":{"@context":"https:\/\/schema.org","@graph":[{"@type":"WebPage","@id":"https:\/\/pediren.es\/wanyal\/info\/","url":"https:\/\/pediren.es\/wanyal\/info\/","name":"Info - Wanyal","isPartOf":{"@id":"https:\/\/pediren.es\/wanyal\/#website"},"datePublished":"2024-04-18T07:23:20+00:00","dateModified":"2024-06-10T07:10:22+00:00","breadcrumb":{"@id":"https:\/\/pediren.es\/wanyal\/info\/#breadcrumb"},"inLanguage":"es","potentialAction":[{"@type":"ReadAction","target":["https:\/\/pediren.es\/wanyal\/info\/"]}]},{"@type":"BreadcrumbList","@id":"https:\/\/pediren.es\/wanyal\/info\/#breadcrumb","itemListElement":[{"@type":"ListItem","position":1,"name":"Portada","item":"https:\/\/pediren.es\/wanyal\/"},{"@type":"ListItem","position":2,"name":"Info"}]},{"@type":"WebSite","@id":"https:\/\/pediren.es\/wanyal\/#website","url":"https:\/\/pediren.es\/wanyal\/","name":"Wanyal","description":"El aut\u00e9ntico sabor de la comida china en cada bocado","potentialAction":[{"@type":"SearchAction","target":{"@type":"EntryPoint","urlTemplate":"https:\/\/pediren.es\/wanyal\/?s={search_term_string}"},"query-input":{"@type":"PropertyValueSpecification","valueRequired":true,"valueName":"search_term_string"}}],"inLanguage":"es"}]}},"_links":{"self":[{"href":"https:\/\/pediren.es\/wanyal\/wp-json\/wp\/v2\/pages\/190","targetHints":{"allow":["GET"]}}],"collection":[{"href":"https:\/\/pediren.es\/wanyal\/wp-json\/wp\/v2\/pages"}],"about":[{"href":"https:\/\/pediren.es\/wanyal\/wp-json\/wp\/v2\/types\/page"}],"author":[{"embeddable":true,"href":"https:\/\/pediren.es\/wanyal\/wp-json\/wp\/v2\/users\/1"}],"replies":[{"embeddable":true,"href":"https:\/\/pediren.es\/wanyal\/wp-json\/wp\/v2\/comments?post=190"}],"version-history":[{"count":0,"href":"https:\/\/pediren.es\/wanyal\/wp-json\/wp\/v2\/pages\/190\/revisions"}],"wp:attachment":[{"href":"https:\/\/pediren.es\/wanyal\/wp-json\/wp\/v2\/media?parent=190"}],"curies":[{"name":"wp","href":"https:\/\/api.w.org\/{rel}","templated":true}]}}