{"id":87,"date":"2024-09-20T19:51:27","date_gmt":"2024-09-20T17:51:27","guid":{"rendered":"https:\/\/pedirenjumilla.es\/sushi-sr-miyagi\/?post_type=product&#038;p=87"},"modified":"2025-01-09T18:14:38","modified_gmt":"2025-01-09T17:14:38","slug":"menu-singleplayer-1-persona","status":"publish","type":"product","link":"https:\/\/pediren.es\/sushi-sr-miyagi\/producto\/menu-singleplayer-1-persona\/","title":{"rendered":"Combo Singleplayer (1 persona)"},"content":{"rendered":"<p>Incluye 12 piezas de sushi, palillos, soja y wasabi. Las piezas son variadas y no se pueden elegir. Incluir\u00e1 piezas de at\u00fan, salm\u00f3n y pez mantequilla, entre otros.<\/p>\n","protected":false},"excerpt":{"rendered":"<p>Incluye 12 piezas de sushi, palillos, soja y wasabi. Las piezas son variadas y no se pueden elegir. Incluir\u00e1 piezas de at\u00fan, salm\u00f3n y pez mantequilla, entre otros.<\/p>\n","protected":false},"featured_media":228,"template":"","meta":{"_et_pb_use_builder":"","_et_pb_old_content":"","_et_gb_content_width":""},"product_brand":[],"product_cat":[24],"product_tag":[],"class_list":{"0":"post-87","1":"product","2":"type-product","3":"status-publish","4":"has-post-thumbnail","6":"product_cat-menus","8":"first","9":"instock","10":"taxable","11":"shipping-taxable","12":"purchasable","13":"product-type-simple"},"yoast_head":"<!-- This site is optimized with the Yoast SEO plugin v27.2 - https:\/\/yoast.com\/product\/yoast-seo-wordpress\/ -->\n<title>Combo Singleplayer (1 persona) - Sushi Sr Miyagi<\/title>\n<meta name=\"robots\" content=\"noindex, follow\" \/>\n<script type=\"application\/ld+json\" class=\"yoast-schema-graph\">{\"@context\":\"https:\/\/schema.org\",\"@graph\":[{\"@type\":\"WebPage\",\"@id\":\"https:\/\/pediren.es\/sushi-sr-miyagi\/producto\/menu-singleplayer-1-persona\/\",\"url\":\"https:\/\/pediren.es\/sushi-sr-miyagi\/producto\/menu-singleplayer-1-persona\/\",\"name\":\"Combo Singleplayer (1 persona) - Sushi Sr Miyagi\",\"isPartOf\":{\"@id\":\"https:\/\/pediren.es\/sushi-sr-miyagi\/#website\"},\"primaryImageOfPage\":{\"@id\":\"https:\/\/pediren.es\/sushi-sr-miyagi\/producto\/menu-singleplayer-1-persona\/#primaryimage\"},\"image\":{\"@id\":\"https:\/\/pediren.es\/sushi-sr-miyagi\/producto\/menu-singleplayer-1-persona\/#primaryimage\"},\"thumbnailUrl\":\"https:\/\/pediren.es\/sushi-sr-miyagi\/wp-content\/uploads\/sites\/72\/2024\/09\/menu-single-player-ok.jpg\",\"datePublished\":\"2024-09-20T17:51:27+00:00\",\"dateModified\":\"2025-01-09T17:14:38+00:00\",\"breadcrumb\":{\"@id\":\"https:\/\/pediren.es\/sushi-sr-miyagi\/producto\/menu-singleplayer-1-persona\/#breadcrumb\"},\"inLanguage\":\"es\",\"potentialAction\":[{\"@type\":\"ReadAction\",\"target\":[\"https:\/\/pediren.es\/sushi-sr-miyagi\/producto\/menu-singleplayer-1-persona\/\"]}]},{\"@type\":\"ImageObject\",\"inLanguage\":\"es\",\"@id\":\"https:\/\/pediren.es\/sushi-sr-miyagi\/producto\/menu-singleplayer-1-persona\/#primaryimage\",\"url\":\"https:\/\/pediren.es\/sushi-sr-miyagi\/wp-content\/uploads\/sites\/72\/2024\/09\/menu-single-player-ok.jpg\",\"contentUrl\":\"https:\/\/pediren.es\/sushi-sr-miyagi\/wp-content\/uploads\/sites\/72\/2024\/09\/menu-single-player-ok.jpg\",\"width\":1000,\"height\":600},{\"@type\":\"BreadcrumbList\",\"@id\":\"https:\/\/pediren.es\/sushi-sr-miyagi\/producto\/menu-singleplayer-1-persona\/#breadcrumb\",\"itemListElement\":[{\"@type\":\"ListItem\",\"position\":1,\"name\":\"Portada\",\"item\":\"https:\/\/pediren.es\/sushi-sr-miyagi\/\"},{\"@type\":\"ListItem\",\"position\":2,\"name\":\"Sushi Sr Miyagi\",\"item\":\"https:\/\/pediren.es\/sushi-sr-miyagi\/\"},{\"@type\":\"ListItem\",\"position\":3,\"name\":\"Combo Singleplayer (1 persona)\"}]},{\"@type\":\"WebSite\",\"@id\":\"https:\/\/pediren.es\/sushi-sr-miyagi\/#website\",\"url\":\"https:\/\/pediren.es\/sushi-sr-miyagi\/\",\"name\":\"Sushi Sr Miyagi\",\"description\":\"\u00a1Te traemos el sushi m\u00e1s famoso de Yecla!\",\"publisher\":{\"@id\":\"https:\/\/pediren.es\/sushi-sr-miyagi\/#organization\"},\"potentialAction\":[{\"@type\":\"SearchAction\",\"target\":{\"@type\":\"EntryPoint\",\"urlTemplate\":\"https:\/\/pediren.es\/sushi-sr-miyagi\/?s={search_term_string}\"},\"query-input\":{\"@type\":\"PropertyValueSpecification\",\"valueRequired\":true,\"valueName\":\"search_term_string\"}}],\"inLanguage\":\"es\"},{\"@type\":\"Organization\",\"@id\":\"https:\/\/pediren.es\/sushi-sr-miyagi\/#organization\",\"name\":\"PedirEnJumilla.es\",\"alternateName\":\"Pedir En Jumilla\",\"url\":\"https:\/\/pediren.es\/sushi-sr-miyagi\/\",\"logo\":{\"@type\":\"ImageObject\",\"inLanguage\":\"es\",\"@id\":\"https:\/\/pediren.es\/sushi-sr-miyagi\/#\/schema\/logo\/image\/\",\"url\":\"https:\/\/pediren.es\/wp-content\/uploads\/2024\/02\/pedir-en-jumilla-es-logo.svg\",\"contentUrl\":\"https:\/\/pediren.es\/wp-content\/uploads\/2024\/02\/pedir-en-jumilla-es-logo.svg\",\"width\":500,\"height\":173,\"caption\":\"PedirEnJumilla.es\"},\"image\":{\"@id\":\"https:\/\/pediren.es\/sushi-sr-miyagi\/#\/schema\/logo\/image\/\"},\"sameAs\":[\"https:\/\/www.facebook.com\/pediren.es\",\"https:\/\/www.instagram.com\/pediren.es\/\"]}]}<\/script>\n<!-- \/ Yoast SEO plugin. -->","yoast_head_json":{"title":"Combo Singleplayer (1 persona) - Sushi Sr Miyagi","robots":{"index":"noindex","follow":"follow"},"schema":{"@context":"https:\/\/schema.org","@graph":[{"@type":"WebPage","@id":"https:\/\/pediren.es\/sushi-sr-miyagi\/producto\/menu-singleplayer-1-persona\/","url":"https:\/\/pediren.es\/sushi-sr-miyagi\/producto\/menu-singleplayer-1-persona\/","name":"Combo Singleplayer (1 persona) - Sushi Sr Miyagi","isPartOf":{"@id":"https:\/\/pediren.es\/sushi-sr-miyagi\/#website"},"primaryImageOfPage":{"@id":"https:\/\/pediren.es\/sushi-sr-miyagi\/producto\/menu-singleplayer-1-persona\/#primaryimage"},"image":{"@id":"https:\/\/pediren.es\/sushi-sr-miyagi\/producto\/menu-singleplayer-1-persona\/#primaryimage"},"thumbnailUrl":"https:\/\/pediren.es\/sushi-sr-miyagi\/wp-content\/uploads\/sites\/72\/2024\/09\/menu-single-player-ok.jpg","datePublished":"2024-09-20T17:51:27+00:00","dateModified":"2025-01-09T17:14:38+00:00","breadcrumb":{"@id":"https:\/\/pediren.es\/sushi-sr-miyagi\/producto\/menu-singleplayer-1-persona\/#breadcrumb"},"inLanguage":"es","potentialAction":[{"@type":"ReadAction","target":["https:\/\/pediren.es\/sushi-sr-miyagi\/producto\/menu-singleplayer-1-persona\/"]}]},{"@type":"ImageObject","inLanguage":"es","@id":"https:\/\/pediren.es\/sushi-sr-miyagi\/producto\/menu-singleplayer-1-persona\/#primaryimage","url":"https:\/\/pediren.es\/sushi-sr-miyagi\/wp-content\/uploads\/sites\/72\/2024\/09\/menu-single-player-ok.jpg","contentUrl":"https:\/\/pediren.es\/sushi-sr-miyagi\/wp-content\/uploads\/sites\/72\/2024\/09\/menu-single-player-ok.jpg","width":1000,"height":600},{"@type":"BreadcrumbList","@id":"https:\/\/pediren.es\/sushi-sr-miyagi\/producto\/menu-singleplayer-1-persona\/#breadcrumb","itemListElement":[{"@type":"ListItem","position":1,"name":"Portada","item":"https:\/\/pediren.es\/sushi-sr-miyagi\/"},{"@type":"ListItem","position":2,"name":"Sushi Sr Miyagi","item":"https:\/\/pediren.es\/sushi-sr-miyagi\/"},{"@type":"ListItem","position":3,"name":"Combo Singleplayer (1 persona)"}]},{"@type":"WebSite","@id":"https:\/\/pediren.es\/sushi-sr-miyagi\/#website","url":"https:\/\/pediren.es\/sushi-sr-miyagi\/","name":"Sushi Sr Miyagi","description":"\u00a1Te traemos el sushi m\u00e1s famoso de Yecla!","publisher":{"@id":"https:\/\/pediren.es\/sushi-sr-miyagi\/#organization"},"potentialAction":[{"@type":"SearchAction","target":{"@type":"EntryPoint","urlTemplate":"https:\/\/pediren.es\/sushi-sr-miyagi\/?s={search_term_string}"},"query-input":{"@type":"PropertyValueSpecification","valueRequired":true,"valueName":"search_term_string"}}],"inLanguage":"es"},{"@type":"Organization","@id":"https:\/\/pediren.es\/sushi-sr-miyagi\/#organization","name":"PedirEnJumilla.es","alternateName":"Pedir En Jumilla","url":"https:\/\/pediren.es\/sushi-sr-miyagi\/","logo":{"@type":"ImageObject","inLanguage":"es","@id":"https:\/\/pediren.es\/sushi-sr-miyagi\/#\/schema\/logo\/image\/","url":"https:\/\/pediren.es\/wp-content\/uploads\/2024\/02\/pedir-en-jumilla-es-logo.svg","contentUrl":"https:\/\/pediren.es\/wp-content\/uploads\/2024\/02\/pedir-en-jumilla-es-logo.svg","width":500,"height":173,"caption":"PedirEnJumilla.es"},"image":{"@id":"https:\/\/pediren.es\/sushi-sr-miyagi\/#\/schema\/logo\/image\/"},"sameAs":["https:\/\/www.facebook.com\/pediren.es","https:\/\/www.instagram.com\/pediren.es\/"]}]}},"_links":{"self":[{"href":"https:\/\/pediren.es\/sushi-sr-miyagi\/wp-json\/wp\/v2\/product\/87","targetHints":{"allow":["GET"]}}],"collection":[{"href":"https:\/\/pediren.es\/sushi-sr-miyagi\/wp-json\/wp\/v2\/product"}],"about":[{"href":"https:\/\/pediren.es\/sushi-sr-miyagi\/wp-json\/wp\/v2\/types\/product"}],"wp:featuredmedia":[{"embeddable":true,"href":"https:\/\/pediren.es\/sushi-sr-miyagi\/wp-json\/wp\/v2\/media\/228"}],"wp:attachment":[{"href":"https:\/\/pediren.es\/sushi-sr-miyagi\/wp-json\/wp\/v2\/media?parent=87"}],"wp:term":[{"taxonomy":"product_brand","embeddable":true,"href":"https:\/\/pediren.es\/sushi-sr-miyagi\/wp-json\/wp\/v2\/product_brand?post=87"},{"taxonomy":"product_cat","embeddable":true,"href":"https:\/\/pediren.es\/sushi-sr-miyagi\/wp-json\/wp\/v2\/product_cat?post=87"},{"taxonomy":"product_tag","embeddable":true,"href":"https:\/\/pediren.es\/sushi-sr-miyagi\/wp-json\/wp\/v2\/product_tag?post=87"}],"curies":[{"name":"wp","href":"https:\/\/api.w.org\/{rel}","templated":true}]}}