{"id":668,"date":"2025-01-08T19:55:05","date_gmt":"2025-01-08T18:55:05","guid":{"rendered":"https:\/\/pedirenyecla.es\/sushi-sr-miyagi\/?post_type=product&amp;p=668"},"modified":"2025-01-08T19:55:05","modified_gmt":"2025-01-08T18:55:05","slug":"combo-onlysushi","status":"publish","type":"product","link":"https:\/\/pediren.es\/sushi-sr-miyagi-yecla\/producto\/combo-onlysushi\/","title":{"rendered":"Combo OnlySushi"},"content":{"rendered":"<p>Incluye 100 piezas de sushi, palillos, soja y wasabi. Las piezas son variadas y no se pueden elegir. Incluir\u00e1 piezas de at\u00fan, salm\u00f3n y pez mantequilla, entre otros.<\/p>\n","protected":false},"excerpt":{"rendered":"<p>Incluye 100 piezas de sushi, palillos, soja y wasabi. Las piezas son variadas y no se pueden elegir. Incluir\u00e1 piezas de at\u00fan, salm\u00f3n y pez mantequilla, entre otros.<\/p>\n","protected":false},"featured_media":0,"template":"","meta":{"_et_pb_use_builder":"","_et_pb_old_content":"","_et_gb_content_width":""},"product_brand":[],"product_cat":[25],"product_tag":[],"class_list":{"0":"post-668","1":"product","2":"type-product","3":"status-publish","5":"product_cat-menus","7":"first","8":"instock","9":"taxable","10":"shipping-taxable","11":"purchasable","12":"product-type-simple"},"yoast_head":"<!-- This site is optimized with the Yoast SEO plugin v27.3 - https:\/\/yoast.com\/product\/yoast-seo-wordpress\/ -->\n<title>Combo OnlySushi - Sushi Sr Miyagi<\/title>\n<meta name=\"robots\" content=\"noindex, follow\" \/>\n<script type=\"application\/ld+json\" class=\"yoast-schema-graph\">{\"@context\":\"https:\\\/\\\/schema.org\",\"@graph\":[{\"@type\":\"WebPage\",\"@id\":\"https:\\\/\\\/pediren.es\\\/sushi-sr-miyagi-yecla\\\/producto\\\/combo-onlysushi\\\/\",\"url\":\"https:\\\/\\\/pediren.es\\\/sushi-sr-miyagi-yecla\\\/producto\\\/combo-onlysushi\\\/\",\"name\":\"Combo OnlySushi - Sushi Sr Miyagi\",\"isPartOf\":{\"@id\":\"https:\\\/\\\/pediren.es\\\/sushi-sr-miyagi-yecla\\\/#website\"},\"datePublished\":\"2025-01-08T18:55:05+00:00\",\"breadcrumb\":{\"@id\":\"https:\\\/\\\/pediren.es\\\/sushi-sr-miyagi-yecla\\\/producto\\\/combo-onlysushi\\\/#breadcrumb\"},\"inLanguage\":\"es\",\"potentialAction\":[{\"@type\":\"ReadAction\",\"target\":[\"https:\\\/\\\/pediren.es\\\/sushi-sr-miyagi-yecla\\\/producto\\\/combo-onlysushi\\\/\"]}]},{\"@type\":\"BreadcrumbList\",\"@id\":\"https:\\\/\\\/pediren.es\\\/sushi-sr-miyagi-yecla\\\/producto\\\/combo-onlysushi\\\/#breadcrumb\",\"itemListElement\":[{\"@type\":\"ListItem\",\"position\":1,\"name\":\"Portada\",\"item\":\"https:\\\/\\\/pediren.es\\\/sushi-sr-miyagi-yecla\\\/\"},{\"@type\":\"ListItem\",\"position\":2,\"name\":\"Sushi Sr Miyagi Yecla\",\"item\":\"https:\\\/\\\/pediren.es\\\/sushi-sr-miyagi-yecla\\\/\"},{\"@type\":\"ListItem\",\"position\":3,\"name\":\"Combo OnlySushi\"}]},{\"@type\":\"WebSite\",\"@id\":\"https:\\\/\\\/pediren.es\\\/sushi-sr-miyagi-yecla\\\/#website\",\"url\":\"https:\\\/\\\/pediren.es\\\/sushi-sr-miyagi-yecla\\\/\",\"name\":\"Sushi Sr Miyagi\",\"description\":\"Sushi innovador que desaf\u00eda lo convencional. \u00a1Te sorprender\u00e1!\",\"publisher\":{\"@id\":\"https:\\\/\\\/pediren.es\\\/sushi-sr-miyagi-yecla\\\/#organization\"},\"potentialAction\":[{\"@type\":\"SearchAction\",\"target\":{\"@type\":\"EntryPoint\",\"urlTemplate\":\"https:\\\/\\\/pediren.es\\\/sushi-sr-miyagi-yecla\\\/?s={search_term_string}\"},\"query-input\":{\"@type\":\"PropertyValueSpecification\",\"valueRequired\":true,\"valueName\":\"search_term_string\"}}],\"inLanguage\":\"es\"},{\"@type\":\"Organization\",\"@id\":\"https:\\\/\\\/pediren.es\\\/sushi-sr-miyagi-yecla\\\/#organization\",\"name\":\"PedirEnJumilla.es\",\"alternateName\":\"Pedir En Jumilla\",\"url\":\"https:\\\/\\\/pediren.es\\\/sushi-sr-miyagi-yecla\\\/\",\"logo\":{\"@type\":\"ImageObject\",\"inLanguage\":\"es\",\"@id\":\"https:\\\/\\\/pediren.es\\\/sushi-sr-miyagi-yecla\\\/#\\\/schema\\\/logo\\\/image\\\/\",\"url\":\"https:\\\/\\\/pediren.es\\\/wp-content\\\/uploads\\\/2024\\\/02\\\/pedir-en-jumilla-es-logo.svg\",\"contentUrl\":\"https:\\\/\\\/pediren.es\\\/wp-content\\\/uploads\\\/2024\\\/02\\\/pedir-en-jumilla-es-logo.svg\",\"width\":500,\"height\":173,\"caption\":\"PedirEnJumilla.es\"},\"image\":{\"@id\":\"https:\\\/\\\/pediren.es\\\/sushi-sr-miyagi-yecla\\\/#\\\/schema\\\/logo\\\/image\\\/\"},\"sameAs\":[\"https:\\\/\\\/www.facebook.com\\\/pediren.es\",\"https:\\\/\\\/www.instagram.com\\\/pediren.es\\\/\"]}]}<\/script>\n<!-- \/ Yoast SEO plugin. -->","yoast_head_json":{"title":"Combo OnlySushi - Sushi Sr Miyagi","robots":{"index":"noindex","follow":"follow"},"schema":{"@context":"https:\/\/schema.org","@graph":[{"@type":"WebPage","@id":"https:\/\/pediren.es\/sushi-sr-miyagi-yecla\/producto\/combo-onlysushi\/","url":"https:\/\/pediren.es\/sushi-sr-miyagi-yecla\/producto\/combo-onlysushi\/","name":"Combo OnlySushi - Sushi Sr Miyagi","isPartOf":{"@id":"https:\/\/pediren.es\/sushi-sr-miyagi-yecla\/#website"},"datePublished":"2025-01-08T18:55:05+00:00","breadcrumb":{"@id":"https:\/\/pediren.es\/sushi-sr-miyagi-yecla\/producto\/combo-onlysushi\/#breadcrumb"},"inLanguage":"es","potentialAction":[{"@type":"ReadAction","target":["https:\/\/pediren.es\/sushi-sr-miyagi-yecla\/producto\/combo-onlysushi\/"]}]},{"@type":"BreadcrumbList","@id":"https:\/\/pediren.es\/sushi-sr-miyagi-yecla\/producto\/combo-onlysushi\/#breadcrumb","itemListElement":[{"@type":"ListItem","position":1,"name":"Portada","item":"https:\/\/pediren.es\/sushi-sr-miyagi-yecla\/"},{"@type":"ListItem","position":2,"name":"Sushi Sr Miyagi Yecla","item":"https:\/\/pediren.es\/sushi-sr-miyagi-yecla\/"},{"@type":"ListItem","position":3,"name":"Combo OnlySushi"}]},{"@type":"WebSite","@id":"https:\/\/pediren.es\/sushi-sr-miyagi-yecla\/#website","url":"https:\/\/pediren.es\/sushi-sr-miyagi-yecla\/","name":"Sushi Sr Miyagi","description":"Sushi innovador que desaf\u00eda lo convencional. \u00a1Te sorprender\u00e1!","publisher":{"@id":"https:\/\/pediren.es\/sushi-sr-miyagi-yecla\/#organization"},"potentialAction":[{"@type":"SearchAction","target":{"@type":"EntryPoint","urlTemplate":"https:\/\/pediren.es\/sushi-sr-miyagi-yecla\/?s={search_term_string}"},"query-input":{"@type":"PropertyValueSpecification","valueRequired":true,"valueName":"search_term_string"}}],"inLanguage":"es"},{"@type":"Organization","@id":"https:\/\/pediren.es\/sushi-sr-miyagi-yecla\/#organization","name":"PedirEnJumilla.es","alternateName":"Pedir En Jumilla","url":"https:\/\/pediren.es\/sushi-sr-miyagi-yecla\/","logo":{"@type":"ImageObject","inLanguage":"es","@id":"https:\/\/pediren.es\/sushi-sr-miyagi-yecla\/#\/schema\/logo\/image\/","url":"https:\/\/pediren.es\/wp-content\/uploads\/2024\/02\/pedir-en-jumilla-es-logo.svg","contentUrl":"https:\/\/pediren.es\/wp-content\/uploads\/2024\/02\/pedir-en-jumilla-es-logo.svg","width":500,"height":173,"caption":"PedirEnJumilla.es"},"image":{"@id":"https:\/\/pediren.es\/sushi-sr-miyagi-yecla\/#\/schema\/logo\/image\/"},"sameAs":["https:\/\/www.facebook.com\/pediren.es","https:\/\/www.instagram.com\/pediren.es\/"]}]}},"_links":{"self":[{"href":"https:\/\/pediren.es\/sushi-sr-miyagi-yecla\/wp-json\/wp\/v2\/product\/668","targetHints":{"allow":["GET"]}}],"collection":[{"href":"https:\/\/pediren.es\/sushi-sr-miyagi-yecla\/wp-json\/wp\/v2\/product"}],"about":[{"href":"https:\/\/pediren.es\/sushi-sr-miyagi-yecla\/wp-json\/wp\/v2\/types\/product"}],"wp:attachment":[{"href":"https:\/\/pediren.es\/sushi-sr-miyagi-yecla\/wp-json\/wp\/v2\/media?parent=668"}],"wp:term":[{"taxonomy":"product_brand","embeddable":true,"href":"https:\/\/pediren.es\/sushi-sr-miyagi-yecla\/wp-json\/wp\/v2\/product_brand?post=668"},{"taxonomy":"product_cat","embeddable":true,"href":"https:\/\/pediren.es\/sushi-sr-miyagi-yecla\/wp-json\/wp\/v2\/product_cat?post=668"},{"taxonomy":"product_tag","embeddable":true,"href":"https:\/\/pediren.es\/sushi-sr-miyagi-yecla\/wp-json\/wp\/v2\/product_tag?post=668"}],"curies":[{"name":"wp","href":"https:\/\/api.w.org\/{rel}","templated":true}]}}