{"id":1157,"date":"2024-09-15T10:36:41","date_gmt":"2024-09-15T08:36:41","guid":{"rendered":"https:\/\/pedirenyecla.es\/sushi-sr-miyagi\/producto\/menu-japo-party-deluxe\/"},"modified":"2025-12-27T19:31:42","modified_gmt":"2025-12-27T18:31:42","slug":"menu-japo-party-deluxe","status":"publish","type":"product","link":"https:\/\/pediren.es\/sushi-sr-miyagi-yecla\/producto\/menu-japo-party-deluxe\/","title":{"rendered":"Combo Japo Party Deluxe"},"content":{"rendered":"<p>52 piezas de sushi, 12 gyozas, 6 yakitori sticks, 12 takoyakis, 4 postres, 6 palillos, soja y wasabi. Las piezas son variadas y no se pueden elegir. Incluir\u00e1 piezas de at\u00fan, salm\u00f3n y pez mantequilla, entre otros.<\/p>\n","protected":false},"excerpt":{"rendered":"<p>52 piezas de sushi, 12 gyozas, 6 yakitori sticks, 12 takoyakis, 4 postres, 6 palillos, soja y wasabi. Las piezas son variadas y no se pueden elegir. Incluir\u00e1 piezas de at\u00fan, salm\u00f3n y pez mantequilla, entre otros.<\/p>\n","protected":false},"featured_media":238,"template":"","meta":{"_et_pb_use_builder":"","_et_pb_old_content":"","_et_gb_content_width":""},"product_brand":[],"product_cat":[25],"product_tag":[],"class_list":{"0":"post-1157","1":"product","2":"type-product","3":"status-publish","4":"has-post-thumbnail","6":"product_cat-menus","8":"first","9":"instock","10":"taxable","11":"shipping-taxable","12":"purchasable","13":"product-type-simple"},"yoast_head":"<!-- This site is optimized with the Yoast SEO plugin v27.3 - https:\/\/yoast.com\/product\/yoast-seo-wordpress\/ -->\n<title>Combo Japo Party Deluxe - Sushi Sr Miyagi<\/title>\n<meta name=\"robots\" content=\"noindex, follow\" \/>\n<script type=\"application\/ld+json\" class=\"yoast-schema-graph\">{\"@context\":\"https:\\\/\\\/schema.org\",\"@graph\":[{\"@type\":\"WebPage\",\"@id\":\"https:\\\/\\\/pediren.es\\\/sushi-sr-miyagi-yecla\\\/producto\\\/menu-japo-party-deluxe\\\/\",\"url\":\"https:\\\/\\\/pediren.es\\\/sushi-sr-miyagi-yecla\\\/producto\\\/menu-japo-party-deluxe\\\/\",\"name\":\"Combo Japo Party Deluxe - Sushi Sr Miyagi\",\"isPartOf\":{\"@id\":\"https:\\\/\\\/pediren.es\\\/sushi-sr-miyagi-yecla\\\/#website\"},\"primaryImageOfPage\":{\"@id\":\"https:\\\/\\\/pediren.es\\\/sushi-sr-miyagi-yecla\\\/producto\\\/menu-japo-party-deluxe\\\/#primaryimage\"},\"image\":{\"@id\":\"https:\\\/\\\/pediren.es\\\/sushi-sr-miyagi-yecla\\\/producto\\\/menu-japo-party-deluxe\\\/#primaryimage\"},\"thumbnailUrl\":\"https:\\\/\\\/pediren.es\\\/sushi-sr-miyagi-yecla\\\/wp-content\\\/uploads\\\/sites\\\/83\\\/2024\\\/09\\\/menu-japo-party-deluxe-ok.jpg\",\"datePublished\":\"2024-09-15T08:36:41+00:00\",\"dateModified\":\"2025-12-27T18:31:42+00:00\",\"breadcrumb\":{\"@id\":\"https:\\\/\\\/pediren.es\\\/sushi-sr-miyagi-yecla\\\/producto\\\/menu-japo-party-deluxe\\\/#breadcrumb\"},\"inLanguage\":\"es\",\"potentialAction\":[{\"@type\":\"ReadAction\",\"target\":[\"https:\\\/\\\/pediren.es\\\/sushi-sr-miyagi-yecla\\\/producto\\\/menu-japo-party-deluxe\\\/\"]}]},{\"@type\":\"ImageObject\",\"inLanguage\":\"es\",\"@id\":\"https:\\\/\\\/pediren.es\\\/sushi-sr-miyagi-yecla\\\/producto\\\/menu-japo-party-deluxe\\\/#primaryimage\",\"url\":\"https:\\\/\\\/pediren.es\\\/sushi-sr-miyagi-yecla\\\/wp-content\\\/uploads\\\/sites\\\/83\\\/2024\\\/09\\\/menu-japo-party-deluxe-ok.jpg\",\"contentUrl\":\"https:\\\/\\\/pediren.es\\\/sushi-sr-miyagi-yecla\\\/wp-content\\\/uploads\\\/sites\\\/83\\\/2024\\\/09\\\/menu-japo-party-deluxe-ok.jpg\",\"width\":1000,\"height\":600},{\"@type\":\"BreadcrumbList\",\"@id\":\"https:\\\/\\\/pediren.es\\\/sushi-sr-miyagi-yecla\\\/producto\\\/menu-japo-party-deluxe\\\/#breadcrumb\",\"itemListElement\":[{\"@type\":\"ListItem\",\"position\":1,\"name\":\"Portada\",\"item\":\"https:\\\/\\\/pediren.es\\\/sushi-sr-miyagi-yecla\\\/\"},{\"@type\":\"ListItem\",\"position\":2,\"name\":\"Sushi Sr Miyagi Yecla\",\"item\":\"https:\\\/\\\/pediren.es\\\/sushi-sr-miyagi-yecla\\\/\"},{\"@type\":\"ListItem\",\"position\":3,\"name\":\"Combo Japo Party Deluxe\"}]},{\"@type\":\"WebSite\",\"@id\":\"https:\\\/\\\/pediren.es\\\/sushi-sr-miyagi-yecla\\\/#website\",\"url\":\"https:\\\/\\\/pediren.es\\\/sushi-sr-miyagi-yecla\\\/\",\"name\":\"Sushi Sr Miyagi\",\"description\":\"Sushi innovador que desaf\u00eda lo convencional. \u00a1Te sorprender\u00e1!\",\"publisher\":{\"@id\":\"https:\\\/\\\/pediren.es\\\/sushi-sr-miyagi-yecla\\\/#organization\"},\"potentialAction\":[{\"@type\":\"SearchAction\",\"target\":{\"@type\":\"EntryPoint\",\"urlTemplate\":\"https:\\\/\\\/pediren.es\\\/sushi-sr-miyagi-yecla\\\/?s={search_term_string}\"},\"query-input\":{\"@type\":\"PropertyValueSpecification\",\"valueRequired\":true,\"valueName\":\"search_term_string\"}}],\"inLanguage\":\"es\"},{\"@type\":\"Organization\",\"@id\":\"https:\\\/\\\/pediren.es\\\/sushi-sr-miyagi-yecla\\\/#organization\",\"name\":\"PedirEnJumilla.es\",\"alternateName\":\"Pedir En Jumilla\",\"url\":\"https:\\\/\\\/pediren.es\\\/sushi-sr-miyagi-yecla\\\/\",\"logo\":{\"@type\":\"ImageObject\",\"inLanguage\":\"es\",\"@id\":\"https:\\\/\\\/pediren.es\\\/sushi-sr-miyagi-yecla\\\/#\\\/schema\\\/logo\\\/image\\\/\",\"url\":\"https:\\\/\\\/pediren.es\\\/wp-content\\\/uploads\\\/2024\\\/02\\\/pedir-en-jumilla-es-logo.svg\",\"contentUrl\":\"https:\\\/\\\/pediren.es\\\/wp-content\\\/uploads\\\/2024\\\/02\\\/pedir-en-jumilla-es-logo.svg\",\"width\":500,\"height\":173,\"caption\":\"PedirEnJumilla.es\"},\"image\":{\"@id\":\"https:\\\/\\\/pediren.es\\\/sushi-sr-miyagi-yecla\\\/#\\\/schema\\\/logo\\\/image\\\/\"},\"sameAs\":[\"https:\\\/\\\/www.facebook.com\\\/pediren.es\",\"https:\\\/\\\/www.instagram.com\\\/pediren.es\\\/\"]}]}<\/script>\n<!-- \/ Yoast SEO plugin. -->","yoast_head_json":{"title":"Combo Japo Party Deluxe - Sushi Sr Miyagi","robots":{"index":"noindex","follow":"follow"},"schema":{"@context":"https:\/\/schema.org","@graph":[{"@type":"WebPage","@id":"https:\/\/pediren.es\/sushi-sr-miyagi-yecla\/producto\/menu-japo-party-deluxe\/","url":"https:\/\/pediren.es\/sushi-sr-miyagi-yecla\/producto\/menu-japo-party-deluxe\/","name":"Combo Japo Party Deluxe - Sushi Sr Miyagi","isPartOf":{"@id":"https:\/\/pediren.es\/sushi-sr-miyagi-yecla\/#website"},"primaryImageOfPage":{"@id":"https:\/\/pediren.es\/sushi-sr-miyagi-yecla\/producto\/menu-japo-party-deluxe\/#primaryimage"},"image":{"@id":"https:\/\/pediren.es\/sushi-sr-miyagi-yecla\/producto\/menu-japo-party-deluxe\/#primaryimage"},"thumbnailUrl":"https:\/\/pediren.es\/sushi-sr-miyagi-yecla\/wp-content\/uploads\/sites\/83\/2024\/09\/menu-japo-party-deluxe-ok.jpg","datePublished":"2024-09-15T08:36:41+00:00","dateModified":"2025-12-27T18:31:42+00:00","breadcrumb":{"@id":"https:\/\/pediren.es\/sushi-sr-miyagi-yecla\/producto\/menu-japo-party-deluxe\/#breadcrumb"},"inLanguage":"es","potentialAction":[{"@type":"ReadAction","target":["https:\/\/pediren.es\/sushi-sr-miyagi-yecla\/producto\/menu-japo-party-deluxe\/"]}]},{"@type":"ImageObject","inLanguage":"es","@id":"https:\/\/pediren.es\/sushi-sr-miyagi-yecla\/producto\/menu-japo-party-deluxe\/#primaryimage","url":"https:\/\/pediren.es\/sushi-sr-miyagi-yecla\/wp-content\/uploads\/sites\/83\/2024\/09\/menu-japo-party-deluxe-ok.jpg","contentUrl":"https:\/\/pediren.es\/sushi-sr-miyagi-yecla\/wp-content\/uploads\/sites\/83\/2024\/09\/menu-japo-party-deluxe-ok.jpg","width":1000,"height":600},{"@type":"BreadcrumbList","@id":"https:\/\/pediren.es\/sushi-sr-miyagi-yecla\/producto\/menu-japo-party-deluxe\/#breadcrumb","itemListElement":[{"@type":"ListItem","position":1,"name":"Portada","item":"https:\/\/pediren.es\/sushi-sr-miyagi-yecla\/"},{"@type":"ListItem","position":2,"name":"Sushi Sr Miyagi Yecla","item":"https:\/\/pediren.es\/sushi-sr-miyagi-yecla\/"},{"@type":"ListItem","position":3,"name":"Combo Japo Party Deluxe"}]},{"@type":"WebSite","@id":"https:\/\/pediren.es\/sushi-sr-miyagi-yecla\/#website","url":"https:\/\/pediren.es\/sushi-sr-miyagi-yecla\/","name":"Sushi Sr Miyagi","description":"Sushi innovador que desaf\u00eda lo convencional. \u00a1Te sorprender\u00e1!","publisher":{"@id":"https:\/\/pediren.es\/sushi-sr-miyagi-yecla\/#organization"},"potentialAction":[{"@type":"SearchAction","target":{"@type":"EntryPoint","urlTemplate":"https:\/\/pediren.es\/sushi-sr-miyagi-yecla\/?s={search_term_string}"},"query-input":{"@type":"PropertyValueSpecification","valueRequired":true,"valueName":"search_term_string"}}],"inLanguage":"es"},{"@type":"Organization","@id":"https:\/\/pediren.es\/sushi-sr-miyagi-yecla\/#organization","name":"PedirEnJumilla.es","alternateName":"Pedir En Jumilla","url":"https:\/\/pediren.es\/sushi-sr-miyagi-yecla\/","logo":{"@type":"ImageObject","inLanguage":"es","@id":"https:\/\/pediren.es\/sushi-sr-miyagi-yecla\/#\/schema\/logo\/image\/","url":"https:\/\/pediren.es\/wp-content\/uploads\/2024\/02\/pedir-en-jumilla-es-logo.svg","contentUrl":"https:\/\/pediren.es\/wp-content\/uploads\/2024\/02\/pedir-en-jumilla-es-logo.svg","width":500,"height":173,"caption":"PedirEnJumilla.es"},"image":{"@id":"https:\/\/pediren.es\/sushi-sr-miyagi-yecla\/#\/schema\/logo\/image\/"},"sameAs":["https:\/\/www.facebook.com\/pediren.es","https:\/\/www.instagram.com\/pediren.es\/"]}]}},"_links":{"self":[{"href":"https:\/\/pediren.es\/sushi-sr-miyagi-yecla\/wp-json\/wp\/v2\/product\/1157","targetHints":{"allow":["GET"]}}],"collection":[{"href":"https:\/\/pediren.es\/sushi-sr-miyagi-yecla\/wp-json\/wp\/v2\/product"}],"about":[{"href":"https:\/\/pediren.es\/sushi-sr-miyagi-yecla\/wp-json\/wp\/v2\/types\/product"}],"wp:featuredmedia":[{"embeddable":true,"href":"https:\/\/pediren.es\/sushi-sr-miyagi-yecla\/wp-json\/wp\/v2\/media\/238"}],"wp:attachment":[{"href":"https:\/\/pediren.es\/sushi-sr-miyagi-yecla\/wp-json\/wp\/v2\/media?parent=1157"}],"wp:term":[{"taxonomy":"product_brand","embeddable":true,"href":"https:\/\/pediren.es\/sushi-sr-miyagi-yecla\/wp-json\/wp\/v2\/product_brand?post=1157"},{"taxonomy":"product_cat","embeddable":true,"href":"https:\/\/pediren.es\/sushi-sr-miyagi-yecla\/wp-json\/wp\/v2\/product_cat?post=1157"},{"taxonomy":"product_tag","embeddable":true,"href":"https:\/\/pediren.es\/sushi-sr-miyagi-yecla\/wp-json\/wp\/v2\/product_tag?post=1157"}],"curies":[{"name":"wp","href":"https:\/\/api.w.org\/{rel}","templated":true}]}}