{"id":133,"date":"2025-03-31T17:26:59","date_gmt":"2025-03-31T15:26:59","guid":{"rendered":"https:\/\/pediren.es\/solo-pizza-yecla\/producto\/pizza-iberica\/"},"modified":"2025-09-10T20:00:33","modified_gmt":"2025-09-10T18:00:33","slug":"pizza-iberica","status":"publish","type":"product","link":"https:\/\/pediren.es\/solo-pizza-yecla\/producto\/pizza-iberica\/","title":{"rendered":"Pizza Ib\u00e9rica"},"content":{"rendered":"<p>Base de tomate, jam\u00f3n serrano, rulo de cabra, pimiento rojo, calabac\u00edn, mozzarella y olivas.<\/p>\n","protected":false},"excerpt":{"rendered":"<p>Base de tomate, jam\u00f3n serrano, rulo de cabra, pimiento rojo, calabac\u00edn, mozzarella y olivas.<\/p>\n","protected":false},"featured_media":447,"template":"","meta":{"_et_pb_use_builder":"","_et_pb_old_content":"","_et_gb_content_width":""},"product_brand":[],"product_cat":[19],"product_tag":[],"class_list":{"0":"post-133","1":"product","2":"type-product","3":"status-publish","4":"has-post-thumbnail","6":"product_cat-pizzas-premium","8":"first","9":"instock","10":"taxable","11":"shipping-taxable","12":"purchasable","13":"product-type-simple"},"yoast_head":"<!-- This site is optimized with the Yoast SEO plugin v27.5 - https:\/\/yoast.com\/product\/yoast-seo-wordpress\/ -->\n<title>Pizza Ib\u00e9rica - Solo Pizza<\/title>\n<meta name=\"robots\" content=\"noindex, follow\" \/>\n<script type=\"application\/ld+json\" class=\"yoast-schema-graph\">{\"@context\":\"https:\\\/\\\/schema.org\",\"@graph\":[{\"@type\":\"WebPage\",\"@id\":\"https:\\\/\\\/pediren.es\\\/solo-pizza-yecla\\\/producto\\\/pizza-iberica\\\/\",\"url\":\"https:\\\/\\\/pediren.es\\\/solo-pizza-yecla\\\/producto\\\/pizza-iberica\\\/\",\"name\":\"Pizza Ib\u00e9rica - Solo Pizza\",\"isPartOf\":{\"@id\":\"https:\\\/\\\/pediren.es\\\/solo-pizza-yecla\\\/#website\"},\"primaryImageOfPage\":{\"@id\":\"https:\\\/\\\/pediren.es\\\/solo-pizza-yecla\\\/producto\\\/pizza-iberica\\\/#primaryimage\"},\"image\":{\"@id\":\"https:\\\/\\\/pediren.es\\\/solo-pizza-yecla\\\/producto\\\/pizza-iberica\\\/#primaryimage\"},\"thumbnailUrl\":\"https:\\\/\\\/pediren.es\\\/solo-pizza-yecla\\\/wp-content\\\/uploads\\\/sites\\\/94\\\/2025\\\/03\\\/pizza-iberica.jpg\",\"datePublished\":\"2025-03-31T15:26:59+00:00\",\"dateModified\":\"2025-09-10T18:00:33+00:00\",\"breadcrumb\":{\"@id\":\"https:\\\/\\\/pediren.es\\\/solo-pizza-yecla\\\/producto\\\/pizza-iberica\\\/#breadcrumb\"},\"inLanguage\":\"es\",\"potentialAction\":[{\"@type\":\"ReadAction\",\"target\":[\"https:\\\/\\\/pediren.es\\\/solo-pizza-yecla\\\/producto\\\/pizza-iberica\\\/\"]}]},{\"@type\":\"ImageObject\",\"inLanguage\":\"es\",\"@id\":\"https:\\\/\\\/pediren.es\\\/solo-pizza-yecla\\\/producto\\\/pizza-iberica\\\/#primaryimage\",\"url\":\"https:\\\/\\\/pediren.es\\\/solo-pizza-yecla\\\/wp-content\\\/uploads\\\/sites\\\/94\\\/2025\\\/03\\\/pizza-iberica.jpg\",\"contentUrl\":\"https:\\\/\\\/pediren.es\\\/solo-pizza-yecla\\\/wp-content\\\/uploads\\\/sites\\\/94\\\/2025\\\/03\\\/pizza-iberica.jpg\",\"width\":1000,\"height\":600},{\"@type\":\"BreadcrumbList\",\"@id\":\"https:\\\/\\\/pediren.es\\\/solo-pizza-yecla\\\/producto\\\/pizza-iberica\\\/#breadcrumb\",\"itemListElement\":[{\"@type\":\"ListItem\",\"position\":1,\"name\":\"Portada\",\"item\":\"https:\\\/\\\/pediren.es\\\/solo-pizza-yecla\\\/\"},{\"@type\":\"ListItem\",\"position\":2,\"name\":\"Solo Pizza Yecla\",\"item\":\"https:\\\/\\\/pediren.es\\\/solo-pizza-yecla\\\/\"},{\"@type\":\"ListItem\",\"position\":3,\"name\":\"Pizza Ib\u00e9rica\"}]},{\"@type\":\"WebSite\",\"@id\":\"https:\\\/\\\/pediren.es\\\/solo-pizza-yecla\\\/#website\",\"url\":\"https:\\\/\\\/pediren.es\\\/solo-pizza-yecla\\\/\",\"name\":\"Solo Pizza\",\"description\":\"Pizzas de calidad con una gran variedad de ingredientes.\",\"publisher\":{\"@id\":\"https:\\\/\\\/pediren.es\\\/solo-pizza-yecla\\\/#organization\"},\"potentialAction\":[{\"@type\":\"SearchAction\",\"target\":{\"@type\":\"EntryPoint\",\"urlTemplate\":\"https:\\\/\\\/pediren.es\\\/solo-pizza-yecla\\\/?s={search_term_string}\"},\"query-input\":{\"@type\":\"PropertyValueSpecification\",\"valueRequired\":true,\"valueName\":\"search_term_string\"}}],\"inLanguage\":\"es\"},{\"@type\":\"Organization\",\"@id\":\"https:\\\/\\\/pediren.es\\\/solo-pizza-yecla\\\/#organization\",\"name\":\"PedirEnJumilla.es\",\"alternateName\":\"Pedir En Jumilla\",\"url\":\"https:\\\/\\\/pediren.es\\\/solo-pizza-yecla\\\/\",\"logo\":{\"@type\":\"ImageObject\",\"inLanguage\":\"es\",\"@id\":\"https:\\\/\\\/pediren.es\\\/solo-pizza-yecla\\\/#\\\/schema\\\/logo\\\/image\\\/\",\"url\":\"https:\\\/\\\/pediren.es\\\/wp-content\\\/uploads\\\/2024\\\/02\\\/pedir-en-jumilla-es-logo.svg\",\"contentUrl\":\"https:\\\/\\\/pediren.es\\\/wp-content\\\/uploads\\\/2024\\\/02\\\/pedir-en-jumilla-es-logo.svg\",\"width\":500,\"height\":173,\"caption\":\"PedirEnJumilla.es\"},\"image\":{\"@id\":\"https:\\\/\\\/pediren.es\\\/solo-pizza-yecla\\\/#\\\/schema\\\/logo\\\/image\\\/\"},\"sameAs\":[\"https:\\\/\\\/www.facebook.com\\\/pediren.es\",\"https:\\\/\\\/www.instagram.com\\\/pediren.es\\\/\"]}]}<\/script>\n<!-- \/ Yoast SEO plugin. -->","yoast_head_json":{"title":"Pizza Ib\u00e9rica - Solo Pizza","robots":{"index":"noindex","follow":"follow"},"schema":{"@context":"https:\/\/schema.org","@graph":[{"@type":"WebPage","@id":"https:\/\/pediren.es\/solo-pizza-yecla\/producto\/pizza-iberica\/","url":"https:\/\/pediren.es\/solo-pizza-yecla\/producto\/pizza-iberica\/","name":"Pizza Ib\u00e9rica - Solo Pizza","isPartOf":{"@id":"https:\/\/pediren.es\/solo-pizza-yecla\/#website"},"primaryImageOfPage":{"@id":"https:\/\/pediren.es\/solo-pizza-yecla\/producto\/pizza-iberica\/#primaryimage"},"image":{"@id":"https:\/\/pediren.es\/solo-pizza-yecla\/producto\/pizza-iberica\/#primaryimage"},"thumbnailUrl":"https:\/\/pediren.es\/solo-pizza-yecla\/wp-content\/uploads\/sites\/94\/2025\/03\/pizza-iberica.jpg","datePublished":"2025-03-31T15:26:59+00:00","dateModified":"2025-09-10T18:00:33+00:00","breadcrumb":{"@id":"https:\/\/pediren.es\/solo-pizza-yecla\/producto\/pizza-iberica\/#breadcrumb"},"inLanguage":"es","potentialAction":[{"@type":"ReadAction","target":["https:\/\/pediren.es\/solo-pizza-yecla\/producto\/pizza-iberica\/"]}]},{"@type":"ImageObject","inLanguage":"es","@id":"https:\/\/pediren.es\/solo-pizza-yecla\/producto\/pizza-iberica\/#primaryimage","url":"https:\/\/pediren.es\/solo-pizza-yecla\/wp-content\/uploads\/sites\/94\/2025\/03\/pizza-iberica.jpg","contentUrl":"https:\/\/pediren.es\/solo-pizza-yecla\/wp-content\/uploads\/sites\/94\/2025\/03\/pizza-iberica.jpg","width":1000,"height":600},{"@type":"BreadcrumbList","@id":"https:\/\/pediren.es\/solo-pizza-yecla\/producto\/pizza-iberica\/#breadcrumb","itemListElement":[{"@type":"ListItem","position":1,"name":"Portada","item":"https:\/\/pediren.es\/solo-pizza-yecla\/"},{"@type":"ListItem","position":2,"name":"Solo Pizza Yecla","item":"https:\/\/pediren.es\/solo-pizza-yecla\/"},{"@type":"ListItem","position":3,"name":"Pizza Ib\u00e9rica"}]},{"@type":"WebSite","@id":"https:\/\/pediren.es\/solo-pizza-yecla\/#website","url":"https:\/\/pediren.es\/solo-pizza-yecla\/","name":"Solo Pizza","description":"Pizzas de calidad con una gran variedad de ingredientes.","publisher":{"@id":"https:\/\/pediren.es\/solo-pizza-yecla\/#organization"},"potentialAction":[{"@type":"SearchAction","target":{"@type":"EntryPoint","urlTemplate":"https:\/\/pediren.es\/solo-pizza-yecla\/?s={search_term_string}"},"query-input":{"@type":"PropertyValueSpecification","valueRequired":true,"valueName":"search_term_string"}}],"inLanguage":"es"},{"@type":"Organization","@id":"https:\/\/pediren.es\/solo-pizza-yecla\/#organization","name":"PedirEnJumilla.es","alternateName":"Pedir En Jumilla","url":"https:\/\/pediren.es\/solo-pizza-yecla\/","logo":{"@type":"ImageObject","inLanguage":"es","@id":"https:\/\/pediren.es\/solo-pizza-yecla\/#\/schema\/logo\/image\/","url":"https:\/\/pediren.es\/wp-content\/uploads\/2024\/02\/pedir-en-jumilla-es-logo.svg","contentUrl":"https:\/\/pediren.es\/wp-content\/uploads\/2024\/02\/pedir-en-jumilla-es-logo.svg","width":500,"height":173,"caption":"PedirEnJumilla.es"},"image":{"@id":"https:\/\/pediren.es\/solo-pizza-yecla\/#\/schema\/logo\/image\/"},"sameAs":["https:\/\/www.facebook.com\/pediren.es","https:\/\/www.instagram.com\/pediren.es\/"]}]}},"_links":{"self":[{"href":"https:\/\/pediren.es\/solo-pizza-yecla\/wp-json\/wp\/v2\/product\/133","targetHints":{"allow":["GET"]}}],"collection":[{"href":"https:\/\/pediren.es\/solo-pizza-yecla\/wp-json\/wp\/v2\/product"}],"about":[{"href":"https:\/\/pediren.es\/solo-pizza-yecla\/wp-json\/wp\/v2\/types\/product"}],"wp:featuredmedia":[{"embeddable":true,"href":"https:\/\/pediren.es\/solo-pizza-yecla\/wp-json\/wp\/v2\/media\/447"}],"wp:attachment":[{"href":"https:\/\/pediren.es\/solo-pizza-yecla\/wp-json\/wp\/v2\/media?parent=133"}],"wp:term":[{"taxonomy":"product_brand","embeddable":true,"href":"https:\/\/pediren.es\/solo-pizza-yecla\/wp-json\/wp\/v2\/product_brand?post=133"},{"taxonomy":"product_cat","embeddable":true,"href":"https:\/\/pediren.es\/solo-pizza-yecla\/wp-json\/wp\/v2\/product_cat?post=133"},{"taxonomy":"product_tag","embeddable":true,"href":"https:\/\/pediren.es\/solo-pizza-yecla\/wp-json\/wp\/v2\/product_tag?post=133"}],"curies":[{"name":"wp","href":"https:\/\/api.w.org\/{rel}","templated":true}]}}