{"id":2,"date":"2024-08-07T11:06:24","date_gmt":"2024-08-07T09:06:24","guid":{"rendered":"https:\/\/pedirenjumilla.es\/sarao-kebab\/?page_id=2"},"modified":"2024-08-07T11:51:45","modified_gmt":"2024-08-07T09:51:45","slug":"info","status":"publish","type":"page","link":"https:\/\/pediren.es\/sarao-kebab\/info\/","title":{"rendered":"Info"},"content":{"rendered":"<p>[et_pb_section fb_built=\u00bb1&#8243; module_id=\u00bbinfo-legal-establecimiento\u00bb _builder_version=\u00bb4.24.2&#8243; _module_preset=\u00bbdefault\u00bb global_colors_info=\u00bb{}\u00bb theme_builder_area=\u00bbpost_content\u00bb][et_pb_row _builder_version=\u00bb4.24.2&#8243; _module_preset=\u00bbdefault\u00bb global_colors_info=\u00bb{}\u00bb theme_builder_area=\u00bbpost_content\u00bb][et_pb_column type=\u00bb4_4&#8243; _builder_version=\u00bb4.24.2&#8243; _module_preset=\u00bbdefault\u00bb global_colors_info=\u00bb{}\u00bb theme_builder_area=\u00bbpost_content\u00bb][et_pb_text admin_label=\u00bbinfo-legal-establecimiento-titulo\u00bb module_id=\u00bbinfo-legal-establecimiento-titulo\u00bb _builder_version=\u00bb4.27.0&#8243; _module_preset=\u00bbdefault\u00bb hover_enabled=\u00bb0&#8243; global_colors_info=\u00bb{}\u00bb theme_builder_area=\u00bbpost_content\u00bb sticky_enabled=\u00bb0&#8243;]<\/p>\n<h1>Informaci\u00f3n Sarao Kebab<\/h1>\n<p>[\/et_pb_text][et_pb_text admin_label=\u00bbinfo-legal-establecimiento-contacto\u00bb module_id=\u00bbinfo-legal-establecimiento-contacto\u00bb _builder_version=\u00bb4.27.0&#8243; _module_preset=\u00bbdefault\u00bb hover_enabled=\u00bb0&#8243; global_colors_info=\u00bb{}\u00bb theme_builder_area=\u00bbpost_content\u00bb sticky_enabled=\u00bb0&#8243;]<\/p>\n<h2>Contacto<\/h2>\n<p><i class=\"fa fa-phone\" aria-hidden=\"true\"><\/i> 664 062 882<br \/><i class=\"fa fa-envelope\" aria-hidden=\"true\"><\/i> saraokebab@pedirenjumilla.es<\/p>\n<p>[\/et_pb_text][et_pb_code _builder_version=\u00bb4.27.0&#8243; _module_preset=\u00bbdefault\u00bb hover_enabled=\u00bb0&#8243; global_colors_info=\u00bb{}\u00bb theme_builder_area=\u00bbpost_content\u00bb sticky_enabled=\u00bb0&#8243;]<iframe src=\"https:\/\/www.google.com\/maps\/embed?pb=!1m18!1m12!1m3!1d1545.6682450635562!2d-1.332481325848431!3d38.47274710333337!2m3!1f0!2f0!3f0!3m2!1i1024!2i768!4f13.1!3m3!1m2!1s0xd640ffc3487a1bb%3A0xf818bcf080f81d23!2sSarao2%20jumilla%20kebab!5e0!3m2!1ses!2ses!4v1723024255429!5m2!1ses!2ses\" width=\"100%\" height=\"200\" style=\"border:0;\" allowfullscreen=\"\" loading=\"lazy\" referrerpolicy=\"no-referrer-when-downgrade\"><\/iframe>[\/et_pb_code][et_pb_text admin_label=\u00bbTextoinfo-legal-establecimiento-terminos\u00bb module_id=\u00bbinfo-legal-establecimiento-terminos\u00bb _builder_version=\u00bb4.24.2&#8243; _module_preset=\u00bbdefault\u00bb global_colors_info=\u00bb{}\u00bb theme_builder_area=\u00bbpost_content\u00bb]<\/p>\n<h2>T\u00e9rminos y condiciones pediren.es<\/h2>\n<p><i class=\"fa fa-gavel\" aria-hidden=\"true\"><\/i> Revisa los <a href=\"https:\/\/pediren.es\/mapa-web\/\" rel=\"nofollow\">t\u00e9rminos y condiciones<\/a> de pediren.es antes de hacer un pedido o cualquier otra transacci\u00f3n en este sitio web.<\/p>\n<p>[\/et_pb_text][et_pb_text admin_label=\u00bbinfo-legal-establecimiento-datos-fiscales\u00bb module_id=\u00bbinfo-legal-establecimiento-datos-fiscales\u00bb _builder_version=\u00bb4.27.0&#8243; _module_preset=\u00bbdefault\u00bb hover_enabled=\u00bb0&#8243; global_colors_info=\u00bb{}\u00bb theme_builder_area=\u00bbpost_content\u00bb sticky_enabled=\u00bb0&#8243;]<\/p>\n<h2>Informaci\u00f3n fiscal establecimiento<\/h2>\n<ul>\n<li>Denominaci\u00f3n social: Khurram Shahzad<\/li>\n<li>NIF \/ NIE: X6432624F<\/li>\n<li>Domicilio social: C\/ Viriato, 2 5\u00ba. Jumilla, Murcia (30520).<\/li>\n<\/ul>\n<p>[\/et_pb_text][\/et_pb_column][\/et_pb_row][\/et_pb_section]<\/p>\n","protected":false},"excerpt":{"rendered":"<p>Informaci\u00f3n Sarao KebabContacto 664 062 882 saraokebab@pedirenjumilla.esT\u00e9rminos y condiciones pediren.es Revisa los t\u00e9rminos y condiciones de pediren.es antes de hacer un pedido o cualquier otra transacci\u00f3n en este sitio web.Informaci\u00f3n fiscal establecimiento Denominaci\u00f3n social: Khurram Shahzad NIF \/ NIE: X6432624F Domicilio social: C\/ Viriato, 2 5\u00ba. Jumilla, Murcia (30520).<\/p>\n","protected":false},"author":1,"featured_media":0,"parent":0,"menu_order":0,"comment_status":"closed","ping_status":"open","template":"","meta":{"_et_pb_use_builder":"on","_et_pb_old_content":"<!-- wp:paragraph -->\r\n<p>Esta es una p\u00e1gina de ejemplo. Es diferente a una entrada del blog porque permanecer\u00e1 en un solo lugar y aparecer\u00e1 en la navegaci\u00f3n de tu sitio (en la mayor\u00eda de los temas). La mayor\u00eda de las personas comienzan con una p\u00e1gina \u00abAcerca de\u00bb que les presenta a los visitantes potenciales del sitio. Podr\u00edas decir algo as\u00ed:<\/p>\r\n<!-- \/wp:paragraph -->\r\n\r\n<!-- wp:quote -->\r\n<blockquote class=\"wp-block-quote\"><p>\u00a1Hola! Soy camarero de d\u00eda, aspirante a actor de noche y esta es mi web. Vivo en Mairena del Alcor, tengo un perro que se llama Firulais y me gusta el rebujito. (Y las tardes largas con caf\u00e9).<\/p><\/blockquote>\r\n<!-- \/wp:quote -->\r\n\r\n<!-- wp:paragraph -->\r\n<p>\u2026o algo as\u00ed:<\/p>\r\n<!-- \/wp:paragraph -->\r\n\r\n<!-- wp:quote -->\r\n<blockquote class=\"wp-block-quote\"><p>La empresa \u00abMariscos Recio\u00bb fue fundada por Antonio Recio Mata. Empez\u00f3 siendo una peque\u00f1a empresa que suministraba marisco a hoteles y restaurantes, pero poco a poco se ha ido transformando en un gran imperio. Mariscos Recio, el mar al mejor precio.<\/p><\/blockquote>\r\n<!-- \/wp:quote -->\r\n\r\n<!-- wp:paragraph -->\r\n<p>Como nuevo usuario de WordPress, deber\u00edas ir a <a href=\"https:\/\/pediren.es\/sarao-kebab\/wp-admin\/\">tu escritorio<\/a> para borrar esta p\u00e1gina y crear nuevas p\u00e1ginas para tu contenido. \u00a1P\u00e1salo bien!<\/p>\r\n<!-- \/wp:paragraph -->","_et_gb_content_width":"","footnotes":""},"class_list":["post-2","page","type-page","status-publish","hentry"],"yoast_head":"<!-- This site is optimized with the Yoast SEO plugin v27.2 - https:\/\/yoast.com\/product\/yoast-seo-wordpress\/ -->\n<title>Info - Sarao Kebab<\/title>\n<meta name=\"robots\" content=\"noindex, nofollow\" \/>\n<script type=\"application\/ld+json\" class=\"yoast-schema-graph\">{\"@context\":\"https:\/\/schema.org\",\"@graph\":[{\"@type\":\"WebPage\",\"@id\":\"https:\/\/pediren.es\/sarao-kebab\/info\/\",\"url\":\"https:\/\/pediren.es\/sarao-kebab\/info\/\",\"name\":\"Info - Sarao Kebab\",\"isPartOf\":{\"@id\":\"https:\/\/pediren.es\/sarao-kebab\/#website\"},\"datePublished\":\"2024-08-07T09:06:24+00:00\",\"dateModified\":\"2024-08-07T09:51:45+00:00\",\"breadcrumb\":{\"@id\":\"https:\/\/pediren.es\/sarao-kebab\/info\/#breadcrumb\"},\"inLanguage\":\"es\",\"potentialAction\":[{\"@type\":\"ReadAction\",\"target\":[\"https:\/\/pediren.es\/sarao-kebab\/info\/\"]}]},{\"@type\":\"BreadcrumbList\",\"@id\":\"https:\/\/pediren.es\/sarao-kebab\/info\/#breadcrumb\",\"itemListElement\":[{\"@type\":\"ListItem\",\"position\":1,\"name\":\"Portada\",\"item\":\"https:\/\/pediren.es\/sarao-kebab\/\"},{\"@type\":\"ListItem\",\"position\":2,\"name\":\"Info\"}]},{\"@type\":\"WebSite\",\"@id\":\"https:\/\/pediren.es\/sarao-kebab\/#website\",\"url\":\"https:\/\/pediren.es\/sarao-kebab\/\",\"name\":\"Sarao Kebab\",\"description\":\"Kebab y pizzer\u00eda. \u00a1Ahora tambi\u00e9n a domicilio!\",\"publisher\":{\"@id\":\"https:\/\/pediren.es\/sarao-kebab\/#organization\"},\"potentialAction\":[{\"@type\":\"SearchAction\",\"target\":{\"@type\":\"EntryPoint\",\"urlTemplate\":\"https:\/\/pediren.es\/sarao-kebab\/?s={search_term_string}\"},\"query-input\":{\"@type\":\"PropertyValueSpecification\",\"valueRequired\":true,\"valueName\":\"search_term_string\"}}],\"inLanguage\":\"es\"},{\"@type\":\"Organization\",\"@id\":\"https:\/\/pediren.es\/sarao-kebab\/#organization\",\"name\":\"PedirEnJumilla.es\",\"alternateName\":\"Pedir En Jumilla\",\"url\":\"https:\/\/pediren.es\/sarao-kebab\/\",\"logo\":{\"@type\":\"ImageObject\",\"inLanguage\":\"es\",\"@id\":\"https:\/\/pediren.es\/sarao-kebab\/#\/schema\/logo\/image\/\",\"url\":\"https:\/\/pediren.es\/wp-content\/uploads\/2024\/02\/pedir-en-jumilla-es-logo.svg\",\"contentUrl\":\"https:\/\/pediren.es\/wp-content\/uploads\/2024\/02\/pedir-en-jumilla-es-logo.svg\",\"width\":500,\"height\":173,\"caption\":\"PedirEnJumilla.es\"},\"image\":{\"@id\":\"https:\/\/pediren.es\/sarao-kebab\/#\/schema\/logo\/image\/\"},\"sameAs\":[\"https:\/\/www.facebook.com\/pediren.es\",\"https:\/\/www.instagram.com\/pediren.es\/\"]}]}<\/script>\n<!-- \/ Yoast SEO plugin. -->","yoast_head_json":{"title":"Info - Sarao Kebab","robots":{"index":"noindex","follow":"nofollow"},"schema":{"@context":"https:\/\/schema.org","@graph":[{"@type":"WebPage","@id":"https:\/\/pediren.es\/sarao-kebab\/info\/","url":"https:\/\/pediren.es\/sarao-kebab\/info\/","name":"Info - Sarao Kebab","isPartOf":{"@id":"https:\/\/pediren.es\/sarao-kebab\/#website"},"datePublished":"2024-08-07T09:06:24+00:00","dateModified":"2024-08-07T09:51:45+00:00","breadcrumb":{"@id":"https:\/\/pediren.es\/sarao-kebab\/info\/#breadcrumb"},"inLanguage":"es","potentialAction":[{"@type":"ReadAction","target":["https:\/\/pediren.es\/sarao-kebab\/info\/"]}]},{"@type":"BreadcrumbList","@id":"https:\/\/pediren.es\/sarao-kebab\/info\/#breadcrumb","itemListElement":[{"@type":"ListItem","position":1,"name":"Portada","item":"https:\/\/pediren.es\/sarao-kebab\/"},{"@type":"ListItem","position":2,"name":"Info"}]},{"@type":"WebSite","@id":"https:\/\/pediren.es\/sarao-kebab\/#website","url":"https:\/\/pediren.es\/sarao-kebab\/","name":"Sarao Kebab","description":"Kebab y pizzer\u00eda. \u00a1Ahora tambi\u00e9n a domicilio!","publisher":{"@id":"https:\/\/pediren.es\/sarao-kebab\/#organization"},"potentialAction":[{"@type":"SearchAction","target":{"@type":"EntryPoint","urlTemplate":"https:\/\/pediren.es\/sarao-kebab\/?s={search_term_string}"},"query-input":{"@type":"PropertyValueSpecification","valueRequired":true,"valueName":"search_term_string"}}],"inLanguage":"es"},{"@type":"Organization","@id":"https:\/\/pediren.es\/sarao-kebab\/#organization","name":"PedirEnJumilla.es","alternateName":"Pedir En Jumilla","url":"https:\/\/pediren.es\/sarao-kebab\/","logo":{"@type":"ImageObject","inLanguage":"es","@id":"https:\/\/pediren.es\/sarao-kebab\/#\/schema\/logo\/image\/","url":"https:\/\/pediren.es\/wp-content\/uploads\/2024\/02\/pedir-en-jumilla-es-logo.svg","contentUrl":"https:\/\/pediren.es\/wp-content\/uploads\/2024\/02\/pedir-en-jumilla-es-logo.svg","width":500,"height":173,"caption":"PedirEnJumilla.es"},"image":{"@id":"https:\/\/pediren.es\/sarao-kebab\/#\/schema\/logo\/image\/"},"sameAs":["https:\/\/www.facebook.com\/pediren.es","https:\/\/www.instagram.com\/pediren.es\/"]}]}},"_links":{"self":[{"href":"https:\/\/pediren.es\/sarao-kebab\/wp-json\/wp\/v2\/pages\/2","targetHints":{"allow":["GET"]}}],"collection":[{"href":"https:\/\/pediren.es\/sarao-kebab\/wp-json\/wp\/v2\/pages"}],"about":[{"href":"https:\/\/pediren.es\/sarao-kebab\/wp-json\/wp\/v2\/types\/page"}],"author":[{"embeddable":true,"href":"https:\/\/pediren.es\/sarao-kebab\/wp-json\/wp\/v2\/users\/1"}],"replies":[{"embeddable":true,"href":"https:\/\/pediren.es\/sarao-kebab\/wp-json\/wp\/v2\/comments?post=2"}],"version-history":[{"count":0,"href":"https:\/\/pediren.es\/sarao-kebab\/wp-json\/wp\/v2\/pages\/2\/revisions"}],"wp:attachment":[{"href":"https:\/\/pediren.es\/sarao-kebab\/wp-json\/wp\/v2\/media?parent=2"}],"curies":[{"name":"wp","href":"https:\/\/api.w.org\/{rel}","templated":true}]}}