{"id":199,"date":"2025-11-29T13:24:03","date_gmt":"2025-11-29T12:24:03","guid":{"rendered":"https:\/\/pediren.es\/rodeo-diner-burger-villena\/producto\/cerveza-hop-house-13-guinness\/"},"modified":"2025-11-29T13:24:03","modified_gmt":"2025-11-29T12:24:03","slug":"cerveza-hop-house-13-guinness","status":"publish","type":"product","link":"https:\/\/pediren.es\/rodeo-diner-burger-villena\/producto\/cerveza-hop-house-13-guinness\/","title":{"rendered":"Cerveza Hop-House 13 Guinness"},"content":{"rendered":"<p>Hop House 13 es una cerveza tipo lager, muy lupulada, producida en la f\u00e1brica de St. James Gate de Dubl\u00edn, con la levadura original de Guinness. Su caracter\u00edstica especial es la adicci\u00f3n de 3 tipos de l\u00fapulos diferentes durante el proceso de elaboraci\u00f3n, que garantizan un sabor inesperado. 5\u00ba alc.<\/p>\n","protected":false},"excerpt":{"rendered":"<p>Hop House 13 es una cerveza tipo lager, muy lupulada, producida en la f\u00e1brica de St. James Gate de Dubl\u00edn, con la levadura original de Guinness. Su caracter\u00edstica especial es la adicci\u00f3n de 3 tipos de l\u00fapulos diferentes durante el proceso de elaboraci\u00f3n, que garantizan un sabor inesperado. 5\u00ba alc.<\/p>\n","protected":false},"featured_media":198,"template":"","meta":{"_et_pb_use_builder":"","_et_pb_old_content":"","_et_gb_content_width":""},"product_brand":[],"product_cat":[47],"product_tag":[],"class_list":{"0":"post-199","1":"product","2":"type-product","3":"status-publish","4":"has-post-thumbnail","6":"product_cat-bebidas","8":"first","9":"instock","10":"taxable","11":"shipping-taxable","12":"purchasable","13":"product-type-simple"},"yoast_head":"<!-- This site is optimized with the Yoast SEO plugin v27.4 - https:\/\/yoast.com\/product\/yoast-seo-wordpress\/ -->\n<title>Cerveza Hop-House 13 Guinness - Rodeo Diner &amp; Burger<\/title>\n<meta name=\"robots\" content=\"noindex, follow\" \/>\n<script type=\"application\/ld+json\" class=\"yoast-schema-graph\">{\"@context\":\"https:\\\/\\\/schema.org\",\"@graph\":[{\"@type\":\"WebPage\",\"@id\":\"https:\\\/\\\/pediren.es\\\/rodeo-diner-burger-villena\\\/producto\\\/cerveza-hop-house-13-guinness\\\/\",\"url\":\"https:\\\/\\\/pediren.es\\\/rodeo-diner-burger-villena\\\/producto\\\/cerveza-hop-house-13-guinness\\\/\",\"name\":\"Cerveza Hop-House 13 Guinness - Rodeo Diner &amp; Burger\",\"isPartOf\":{\"@id\":\"https:\\\/\\\/pediren.es\\\/rodeo-diner-burger-villena\\\/#website\"},\"primaryImageOfPage\":{\"@id\":\"https:\\\/\\\/pediren.es\\\/rodeo-diner-burger-villena\\\/producto\\\/cerveza-hop-house-13-guinness\\\/#primaryimage\"},\"image\":{\"@id\":\"https:\\\/\\\/pediren.es\\\/rodeo-diner-burger-villena\\\/producto\\\/cerveza-hop-house-13-guinness\\\/#primaryimage\"},\"thumbnailUrl\":\"https:\\\/\\\/pediren.es\\\/rodeo-diner-burger-villena\\\/wp-content\\\/uploads\\\/sites\\\/114\\\/2025\\\/11\\\/Hop-house.jpg\",\"datePublished\":\"2025-11-29T12:24:03+00:00\",\"breadcrumb\":{\"@id\":\"https:\\\/\\\/pediren.es\\\/rodeo-diner-burger-villena\\\/producto\\\/cerveza-hop-house-13-guinness\\\/#breadcrumb\"},\"inLanguage\":\"es\",\"potentialAction\":[{\"@type\":\"ReadAction\",\"target\":[\"https:\\\/\\\/pediren.es\\\/rodeo-diner-burger-villena\\\/producto\\\/cerveza-hop-house-13-guinness\\\/\"]}]},{\"@type\":\"ImageObject\",\"inLanguage\":\"es\",\"@id\":\"https:\\\/\\\/pediren.es\\\/rodeo-diner-burger-villena\\\/producto\\\/cerveza-hop-house-13-guinness\\\/#primaryimage\",\"url\":\"https:\\\/\\\/pediren.es\\\/rodeo-diner-burger-villena\\\/wp-content\\\/uploads\\\/sites\\\/114\\\/2025\\\/11\\\/Hop-house.jpg\",\"contentUrl\":\"https:\\\/\\\/pediren.es\\\/rodeo-diner-burger-villena\\\/wp-content\\\/uploads\\\/sites\\\/114\\\/2025\\\/11\\\/Hop-house.jpg\",\"width\":346,\"height\":335},{\"@type\":\"BreadcrumbList\",\"@id\":\"https:\\\/\\\/pediren.es\\\/rodeo-diner-burger-villena\\\/producto\\\/cerveza-hop-house-13-guinness\\\/#breadcrumb\",\"itemListElement\":[{\"@type\":\"ListItem\",\"position\":1,\"name\":\"Portada\",\"item\":\"https:\\\/\\\/pediren.es\\\/rodeo-diner-burger-villena\\\/\"},{\"@type\":\"ListItem\",\"position\":2,\"name\":\"Rodeo Diner &#038; Burger Villena\",\"item\":\"https:\\\/\\\/pediren.es\\\/rodeo-diner-burger-villena\\\/\"},{\"@type\":\"ListItem\",\"position\":3,\"name\":\"Cerveza Hop-House 13 Guinness\"}]},{\"@type\":\"WebSite\",\"@id\":\"https:\\\/\\\/pediren.es\\\/rodeo-diner-burger-villena\\\/#website\",\"url\":\"https:\\\/\\\/pediren.es\\\/rodeo-diner-burger-villena\\\/\",\"name\":\"Rodeo Diner &amp; Burger\",\"description\":\"Tex-Mex, burgers, hot dogs\u2026 \u00a1y mucho m\u00e1s sin darnos m\u00e1s Rodeos!\",\"publisher\":{\"@id\":\"https:\\\/\\\/pediren.es\\\/rodeo-diner-burger-villena\\\/#organization\"},\"potentialAction\":[{\"@type\":\"SearchAction\",\"target\":{\"@type\":\"EntryPoint\",\"urlTemplate\":\"https:\\\/\\\/pediren.es\\\/rodeo-diner-burger-villena\\\/?s={search_term_string}\"},\"query-input\":{\"@type\":\"PropertyValueSpecification\",\"valueRequired\":true,\"valueName\":\"search_term_string\"}}],\"inLanguage\":\"es\"},{\"@type\":\"Organization\",\"@id\":\"https:\\\/\\\/pediren.es\\\/rodeo-diner-burger-villena\\\/#organization\",\"name\":\"PedirEnJumilla.es\",\"alternateName\":\"Pedir En Jumilla\",\"url\":\"https:\\\/\\\/pediren.es\\\/rodeo-diner-burger-villena\\\/\",\"logo\":{\"@type\":\"ImageObject\",\"inLanguage\":\"es\",\"@id\":\"https:\\\/\\\/pediren.es\\\/rodeo-diner-burger-villena\\\/#\\\/schema\\\/logo\\\/image\\\/\",\"url\":\"https:\\\/\\\/pediren.es\\\/wp-content\\\/uploads\\\/2024\\\/02\\\/pedir-en-jumilla-es-logo.svg\",\"contentUrl\":\"https:\\\/\\\/pediren.es\\\/wp-content\\\/uploads\\\/2024\\\/02\\\/pedir-en-jumilla-es-logo.svg\",\"width\":500,\"height\":173,\"caption\":\"PedirEnJumilla.es\"},\"image\":{\"@id\":\"https:\\\/\\\/pediren.es\\\/rodeo-diner-burger-villena\\\/#\\\/schema\\\/logo\\\/image\\\/\"},\"sameAs\":[\"https:\\\/\\\/www.facebook.com\\\/pediren.es\",\"https:\\\/\\\/www.instagram.com\\\/pediren.es\\\/\"]}]}<\/script>\n<!-- \/ Yoast SEO plugin. -->","yoast_head_json":{"title":"Cerveza Hop-House 13 Guinness - Rodeo Diner &amp; Burger","robots":{"index":"noindex","follow":"follow"},"schema":{"@context":"https:\/\/schema.org","@graph":[{"@type":"WebPage","@id":"https:\/\/pediren.es\/rodeo-diner-burger-villena\/producto\/cerveza-hop-house-13-guinness\/","url":"https:\/\/pediren.es\/rodeo-diner-burger-villena\/producto\/cerveza-hop-house-13-guinness\/","name":"Cerveza Hop-House 13 Guinness - Rodeo Diner &amp; Burger","isPartOf":{"@id":"https:\/\/pediren.es\/rodeo-diner-burger-villena\/#website"},"primaryImageOfPage":{"@id":"https:\/\/pediren.es\/rodeo-diner-burger-villena\/producto\/cerveza-hop-house-13-guinness\/#primaryimage"},"image":{"@id":"https:\/\/pediren.es\/rodeo-diner-burger-villena\/producto\/cerveza-hop-house-13-guinness\/#primaryimage"},"thumbnailUrl":"https:\/\/pediren.es\/rodeo-diner-burger-villena\/wp-content\/uploads\/sites\/114\/2025\/11\/Hop-house.jpg","datePublished":"2025-11-29T12:24:03+00:00","breadcrumb":{"@id":"https:\/\/pediren.es\/rodeo-diner-burger-villena\/producto\/cerveza-hop-house-13-guinness\/#breadcrumb"},"inLanguage":"es","potentialAction":[{"@type":"ReadAction","target":["https:\/\/pediren.es\/rodeo-diner-burger-villena\/producto\/cerveza-hop-house-13-guinness\/"]}]},{"@type":"ImageObject","inLanguage":"es","@id":"https:\/\/pediren.es\/rodeo-diner-burger-villena\/producto\/cerveza-hop-house-13-guinness\/#primaryimage","url":"https:\/\/pediren.es\/rodeo-diner-burger-villena\/wp-content\/uploads\/sites\/114\/2025\/11\/Hop-house.jpg","contentUrl":"https:\/\/pediren.es\/rodeo-diner-burger-villena\/wp-content\/uploads\/sites\/114\/2025\/11\/Hop-house.jpg","width":346,"height":335},{"@type":"BreadcrumbList","@id":"https:\/\/pediren.es\/rodeo-diner-burger-villena\/producto\/cerveza-hop-house-13-guinness\/#breadcrumb","itemListElement":[{"@type":"ListItem","position":1,"name":"Portada","item":"https:\/\/pediren.es\/rodeo-diner-burger-villena\/"},{"@type":"ListItem","position":2,"name":"Rodeo Diner &#038; Burger Villena","item":"https:\/\/pediren.es\/rodeo-diner-burger-villena\/"},{"@type":"ListItem","position":3,"name":"Cerveza Hop-House 13 Guinness"}]},{"@type":"WebSite","@id":"https:\/\/pediren.es\/rodeo-diner-burger-villena\/#website","url":"https:\/\/pediren.es\/rodeo-diner-burger-villena\/","name":"Rodeo Diner &amp; Burger","description":"Tex-Mex, burgers, hot dogs\u2026 \u00a1y mucho m\u00e1s sin darnos m\u00e1s Rodeos!","publisher":{"@id":"https:\/\/pediren.es\/rodeo-diner-burger-villena\/#organization"},"potentialAction":[{"@type":"SearchAction","target":{"@type":"EntryPoint","urlTemplate":"https:\/\/pediren.es\/rodeo-diner-burger-villena\/?s={search_term_string}"},"query-input":{"@type":"PropertyValueSpecification","valueRequired":true,"valueName":"search_term_string"}}],"inLanguage":"es"},{"@type":"Organization","@id":"https:\/\/pediren.es\/rodeo-diner-burger-villena\/#organization","name":"PedirEnJumilla.es","alternateName":"Pedir En Jumilla","url":"https:\/\/pediren.es\/rodeo-diner-burger-villena\/","logo":{"@type":"ImageObject","inLanguage":"es","@id":"https:\/\/pediren.es\/rodeo-diner-burger-villena\/#\/schema\/logo\/image\/","url":"https:\/\/pediren.es\/wp-content\/uploads\/2024\/02\/pedir-en-jumilla-es-logo.svg","contentUrl":"https:\/\/pediren.es\/wp-content\/uploads\/2024\/02\/pedir-en-jumilla-es-logo.svg","width":500,"height":173,"caption":"PedirEnJumilla.es"},"image":{"@id":"https:\/\/pediren.es\/rodeo-diner-burger-villena\/#\/schema\/logo\/image\/"},"sameAs":["https:\/\/www.facebook.com\/pediren.es","https:\/\/www.instagram.com\/pediren.es\/"]}]}},"_links":{"self":[{"href":"https:\/\/pediren.es\/rodeo-diner-burger-villena\/wp-json\/wp\/v2\/product\/199","targetHints":{"allow":["GET"]}}],"collection":[{"href":"https:\/\/pediren.es\/rodeo-diner-burger-villena\/wp-json\/wp\/v2\/product"}],"about":[{"href":"https:\/\/pediren.es\/rodeo-diner-burger-villena\/wp-json\/wp\/v2\/types\/product"}],"wp:featuredmedia":[{"embeddable":true,"href":"https:\/\/pediren.es\/rodeo-diner-burger-villena\/wp-json\/wp\/v2\/media\/198"}],"wp:attachment":[{"href":"https:\/\/pediren.es\/rodeo-diner-burger-villena\/wp-json\/wp\/v2\/media?parent=199"}],"wp:term":[{"taxonomy":"product_brand","embeddable":true,"href":"https:\/\/pediren.es\/rodeo-diner-burger-villena\/wp-json\/wp\/v2\/product_brand?post=199"},{"taxonomy":"product_cat","embeddable":true,"href":"https:\/\/pediren.es\/rodeo-diner-burger-villena\/wp-json\/wp\/v2\/product_cat?post=199"},{"taxonomy":"product_tag","embeddable":true,"href":"https:\/\/pediren.es\/rodeo-diner-burger-villena\/wp-json\/wp\/v2\/product_tag?post=199"}],"curies":[{"name":"wp","href":"https:\/\/api.w.org\/{rel}","templated":true}]}}