{"id":278,"date":"2025-05-12T19:10:08","date_gmt":"2025-05-12T17:10:08","guid":{"rendered":"https:\/\/pediren.es\/restaurante-pachamama-yecla\/?post_type=product&#038;p=278"},"modified":"2025-11-18T11:52:44","modified_gmt":"2025-11-18T10:52:44","slug":"pan-sin-gluten-racion","status":"publish","type":"product","link":"https:\/\/pediren.es\/restaurante-pachamama-yecla\/producto\/pan-sin-gluten-racion\/","title":{"rendered":"Pan sin gluten (raci\u00f3n)"},"content":{"rendered":"<p>A\u00f1ade una raci\u00f3n por persona.<\/p>\n","protected":false},"excerpt":{"rendered":"<p>A\u00f1ade una raci\u00f3n por persona.<\/p>\n","protected":false},"featured_media":0,"template":"","meta":{"_et_pb_use_builder":"","_et_pb_old_content":"","_et_gb_content_width":""},"product_brand":[],"product_cat":[22],"product_tag":[],"class_list":{"0":"post-278","1":"product","2":"type-product","3":"status-publish","5":"product_cat-pan","7":"first","8":"instock","9":"taxable","10":"shipping-taxable","11":"purchasable","12":"product-type-simple"},"yoast_head":"<!-- This site is optimized with the Yoast SEO plugin v27.2 - https:\/\/yoast.com\/product\/yoast-seo-wordpress\/ -->\n<title>Pan sin gluten (raci\u00f3n) - Restaurante Pachamama<\/title>\n<meta name=\"robots\" content=\"noindex, follow\" \/>\n<script type=\"application\/ld+json\" class=\"yoast-schema-graph\">{\"@context\":\"https:\/\/schema.org\",\"@graph\":[{\"@type\":\"WebPage\",\"@id\":\"https:\/\/pediren.es\/restaurante-pachamama-yecla\/producto\/pan-sin-gluten-racion\/\",\"url\":\"https:\/\/pediren.es\/restaurante-pachamama-yecla\/producto\/pan-sin-gluten-racion\/\",\"name\":\"Pan sin gluten (raci\u00f3n) - Restaurante Pachamama\",\"isPartOf\":{\"@id\":\"https:\/\/pediren.es\/restaurante-pachamama-yecla\/#website\"},\"datePublished\":\"2025-05-12T17:10:08+00:00\",\"dateModified\":\"2025-11-18T10:52:44+00:00\",\"breadcrumb\":{\"@id\":\"https:\/\/pediren.es\/restaurante-pachamama-yecla\/producto\/pan-sin-gluten-racion\/#breadcrumb\"},\"inLanguage\":\"es\",\"potentialAction\":[{\"@type\":\"ReadAction\",\"target\":[\"https:\/\/pediren.es\/restaurante-pachamama-yecla\/producto\/pan-sin-gluten-racion\/\"]}]},{\"@type\":\"BreadcrumbList\",\"@id\":\"https:\/\/pediren.es\/restaurante-pachamama-yecla\/producto\/pan-sin-gluten-racion\/#breadcrumb\",\"itemListElement\":[{\"@type\":\"ListItem\",\"position\":1,\"name\":\"Portada\",\"item\":\"https:\/\/pediren.es\/restaurante-pachamama-yecla\/\"},{\"@type\":\"ListItem\",\"position\":2,\"name\":\"Restaurante Pachamama Yecla\",\"item\":\"https:\/\/pediren.es\/restaurante-pachamama-yecla\/\"},{\"@type\":\"ListItem\",\"position\":3,\"name\":\"Pan sin gluten (raci\u00f3n)\"}]},{\"@type\":\"WebSite\",\"@id\":\"https:\/\/pediren.es\/restaurante-pachamama-yecla\/#website\",\"url\":\"https:\/\/pediren.es\/restaurante-pachamama-yecla\/\",\"name\":\"Restaurante Pachamama\",\"description\":\"Especialidad en carne a la brasa y bocadillos\",\"publisher\":{\"@id\":\"https:\/\/pediren.es\/restaurante-pachamama-yecla\/#organization\"},\"potentialAction\":[{\"@type\":\"SearchAction\",\"target\":{\"@type\":\"EntryPoint\",\"urlTemplate\":\"https:\/\/pediren.es\/restaurante-pachamama-yecla\/?s={search_term_string}\"},\"query-input\":{\"@type\":\"PropertyValueSpecification\",\"valueRequired\":true,\"valueName\":\"search_term_string\"}}],\"inLanguage\":\"es\"},{\"@type\":\"Organization\",\"@id\":\"https:\/\/pediren.es\/restaurante-pachamama-yecla\/#organization\",\"name\":\"PedirEnJumilla.es\",\"alternateName\":\"Pedir En Jumilla\",\"url\":\"https:\/\/pediren.es\/restaurante-pachamama-yecla\/\",\"logo\":{\"@type\":\"ImageObject\",\"inLanguage\":\"es\",\"@id\":\"https:\/\/pediren.es\/restaurante-pachamama-yecla\/#\/schema\/logo\/image\/\",\"url\":\"https:\/\/pediren.es\/wp-content\/uploads\/2024\/02\/pedir-en-jumilla-es-logo.svg\",\"contentUrl\":\"https:\/\/pediren.es\/wp-content\/uploads\/2024\/02\/pedir-en-jumilla-es-logo.svg\",\"width\":500,\"height\":173,\"caption\":\"PedirEnJumilla.es\"},\"image\":{\"@id\":\"https:\/\/pediren.es\/restaurante-pachamama-yecla\/#\/schema\/logo\/image\/\"},\"sameAs\":[\"https:\/\/www.facebook.com\/pediren.es\",\"https:\/\/www.instagram.com\/pediren.es\/\"]}]}<\/script>\n<!-- \/ Yoast SEO plugin. -->","yoast_head_json":{"title":"Pan sin gluten (raci\u00f3n) - Restaurante Pachamama","robots":{"index":"noindex","follow":"follow"},"schema":{"@context":"https:\/\/schema.org","@graph":[{"@type":"WebPage","@id":"https:\/\/pediren.es\/restaurante-pachamama-yecla\/producto\/pan-sin-gluten-racion\/","url":"https:\/\/pediren.es\/restaurante-pachamama-yecla\/producto\/pan-sin-gluten-racion\/","name":"Pan sin gluten (raci\u00f3n) - Restaurante Pachamama","isPartOf":{"@id":"https:\/\/pediren.es\/restaurante-pachamama-yecla\/#website"},"datePublished":"2025-05-12T17:10:08+00:00","dateModified":"2025-11-18T10:52:44+00:00","breadcrumb":{"@id":"https:\/\/pediren.es\/restaurante-pachamama-yecla\/producto\/pan-sin-gluten-racion\/#breadcrumb"},"inLanguage":"es","potentialAction":[{"@type":"ReadAction","target":["https:\/\/pediren.es\/restaurante-pachamama-yecla\/producto\/pan-sin-gluten-racion\/"]}]},{"@type":"BreadcrumbList","@id":"https:\/\/pediren.es\/restaurante-pachamama-yecla\/producto\/pan-sin-gluten-racion\/#breadcrumb","itemListElement":[{"@type":"ListItem","position":1,"name":"Portada","item":"https:\/\/pediren.es\/restaurante-pachamama-yecla\/"},{"@type":"ListItem","position":2,"name":"Restaurante Pachamama Yecla","item":"https:\/\/pediren.es\/restaurante-pachamama-yecla\/"},{"@type":"ListItem","position":3,"name":"Pan sin gluten (raci\u00f3n)"}]},{"@type":"WebSite","@id":"https:\/\/pediren.es\/restaurante-pachamama-yecla\/#website","url":"https:\/\/pediren.es\/restaurante-pachamama-yecla\/","name":"Restaurante Pachamama","description":"Especialidad en carne a la brasa y bocadillos","publisher":{"@id":"https:\/\/pediren.es\/restaurante-pachamama-yecla\/#organization"},"potentialAction":[{"@type":"SearchAction","target":{"@type":"EntryPoint","urlTemplate":"https:\/\/pediren.es\/restaurante-pachamama-yecla\/?s={search_term_string}"},"query-input":{"@type":"PropertyValueSpecification","valueRequired":true,"valueName":"search_term_string"}}],"inLanguage":"es"},{"@type":"Organization","@id":"https:\/\/pediren.es\/restaurante-pachamama-yecla\/#organization","name":"PedirEnJumilla.es","alternateName":"Pedir En Jumilla","url":"https:\/\/pediren.es\/restaurante-pachamama-yecla\/","logo":{"@type":"ImageObject","inLanguage":"es","@id":"https:\/\/pediren.es\/restaurante-pachamama-yecla\/#\/schema\/logo\/image\/","url":"https:\/\/pediren.es\/wp-content\/uploads\/2024\/02\/pedir-en-jumilla-es-logo.svg","contentUrl":"https:\/\/pediren.es\/wp-content\/uploads\/2024\/02\/pedir-en-jumilla-es-logo.svg","width":500,"height":173,"caption":"PedirEnJumilla.es"},"image":{"@id":"https:\/\/pediren.es\/restaurante-pachamama-yecla\/#\/schema\/logo\/image\/"},"sameAs":["https:\/\/www.facebook.com\/pediren.es","https:\/\/www.instagram.com\/pediren.es\/"]}]}},"_links":{"self":[{"href":"https:\/\/pediren.es\/restaurante-pachamama-yecla\/wp-json\/wp\/v2\/product\/278","targetHints":{"allow":["GET"]}}],"collection":[{"href":"https:\/\/pediren.es\/restaurante-pachamama-yecla\/wp-json\/wp\/v2\/product"}],"about":[{"href":"https:\/\/pediren.es\/restaurante-pachamama-yecla\/wp-json\/wp\/v2\/types\/product"}],"wp:attachment":[{"href":"https:\/\/pediren.es\/restaurante-pachamama-yecla\/wp-json\/wp\/v2\/media?parent=278"}],"wp:term":[{"taxonomy":"product_brand","embeddable":true,"href":"https:\/\/pediren.es\/restaurante-pachamama-yecla\/wp-json\/wp\/v2\/product_brand?post=278"},{"taxonomy":"product_cat","embeddable":true,"href":"https:\/\/pediren.es\/restaurante-pachamama-yecla\/wp-json\/wp\/v2\/product_cat?post=278"},{"taxonomy":"product_tag","embeddable":true,"href":"https:\/\/pediren.es\/restaurante-pachamama-yecla\/wp-json\/wp\/v2\/product_tag?post=278"}],"curies":[{"name":"wp","href":"https:\/\/api.w.org\/{rel}","templated":true}]}}