{"id":2,"date":"2025-04-22T10:58:33","date_gmt":"2025-04-22T08:58:33","guid":{"rendered":"https:\/\/pediren.es\/restaurante-pachamama-yecla\/?page_id=2"},"modified":"2025-04-29T09:22:45","modified_gmt":"2025-04-29T07:22:45","slug":"cross","status":"publish","type":"page","link":"https:\/\/pediren.es\/restaurante-pachamama-yecla\/cross\/","title":{"rendered":"Cross"},"content":{"rendered":"<p>[et_pb_section fb_built=\u00bb1&#8243; module_id=\u00bbcross\u00bb _builder_version=\u00bb4.24.2&#8243; _module_preset=\u00bbdefault\u00bb background_color=\u00bbRGBA(255,255,255,0)\u00bb custom_margin=\u00bb20px||80px||false|false\u00bb custom_padding=\u00bb||||false|false\u00bb global_colors_info=\u00bb{}\u00bb][et_pb_row _builder_version=\u00bb4.24.2&#8243; _module_preset=\u00bbdefault\u00bb custom_margin=\u00bb||||false|false\u00bb custom_padding=\u00bb||||false|false\u00bb global_colors_info=\u00bb{}\u00bb][et_pb_column type=\u00bb4_4&#8243; _builder_version=\u00bb4.24.1&#8243; _module_preset=\u00bbdefault\u00bb global_colors_info=\u00bb{}\u00bb][et_pb_text _builder_version=\u00bb4.24.1&#8243; _module_preset=\u00bbdefault\u00bb global_colors_info=\u00bb{}\u00bb]<\/p>\n<h1 class=\"titulo-cross\">\u00bfTe podemos tentar? \ud83d\ude1c<\/h1>\n<p>[\/et_pb_text][et_pb_shop type=\u00bbproduct_category\u00bb posts_number=\u00bb999&#8243; columns_number=\u00bb3&#8243; orderby=\u00bbmenu_order\u00bb _builder_version=\u00bb4.27.4&#8243; _module_preset=\u00bbdefault\u00bb hover_enabled=\u00bb0&#8243; global_colors_info=\u00bb{}\u00bb include_categories=\u00bb23,24&#8243; sticky_enabled=\u00bb0&#8243;][\/et_pb_shop][\/et_pb_column][\/et_pb_row][\/et_pb_section]<\/p>\n","protected":false},"excerpt":{"rendered":"<p>\u00bfTe podemos tentar? \ud83d\ude1c<\/p>\n","protected":false},"author":1,"featured_media":0,"parent":0,"menu_order":0,"comment_status":"closed","ping_status":"open","template":"","meta":{"_et_pb_use_builder":"on","_et_pb_old_content":"<!-- wp:paragraph -->\r\n<p>Esta es una p\u00e1gina de ejemplo. Es diferente a una entrada del blog porque permanecer\u00e1 en un solo lugar y aparecer\u00e1 en la navegaci\u00f3n de tu sitio (en la mayor\u00eda de los temas). La mayor\u00eda de las personas comienzan con una p\u00e1gina \u00abAcerca de\u00bb que les presenta a los visitantes potenciales del sitio. Podr\u00edas decir algo as\u00ed:<\/p>\r\n<!-- \/wp:paragraph --><!-- wp:quote -->\r\n<blockquote class=\"wp-block-quote\">\r\n<p>\u00a1Hola! Soy camarero de d\u00eda, aspirante a actor de noche y esta es mi web. Vivo en Mairena del Alcor, tengo un perro que se llama Firulais y me gusta el rebujito. (Y las tardes largas con caf\u00e9).<\/p>\r\n<\/blockquote>\r\n<!-- \/wp:quote --><!-- wp:paragraph -->\r\n<p>\u2026o algo as\u00ed:<\/p>\r\n<!-- \/wp:paragraph --><!-- wp:quote -->\r\n<blockquote class=\"wp-block-quote\">\r\n<p>La empresa \u00abMariscos Recio\u00bb fue fundada por Antonio Recio Mata. Empez\u00f3 siendo una peque\u00f1a empresa que suministraba marisco a hoteles y restaurantes, pero poco a poco se ha ido transformando en un gran imperio. Mariscos Recio, el mar al mejor precio.<\/p>\r\n<\/blockquote>\r\n<!-- \/wp:quote --><!-- wp:paragraph -->\r\n<p>Como nuevo usuario de WordPress, deber\u00edas ir a <a href=\"https:\/\/pediren.es\/restaurante-pachamama-yecla\/wp-admin\/\">tu escritorio<\/a> para borrar esta p\u00e1gina y crear nuevas p\u00e1ginas para tu contenido. \u00a1P\u00e1salo bien!<\/p>\r\n<!-- \/wp:paragraph -->","_et_gb_content_width":"","footnotes":""},"class_list":["post-2","page","type-page","status-publish","hentry"],"yoast_head":"<!-- This site is optimized with the Yoast SEO plugin v27.2 - https:\/\/yoast.com\/product\/yoast-seo-wordpress\/ -->\n<title>Cross - Restaurante Pachamama<\/title>\n<meta name=\"robots\" content=\"noindex, nofollow\" \/>\n<script type=\"application\/ld+json\" class=\"yoast-schema-graph\">{\"@context\":\"https:\/\/schema.org\",\"@graph\":[{\"@type\":\"WebPage\",\"@id\":\"https:\/\/pediren.es\/restaurante-pachamama-yecla\/cross\/\",\"url\":\"https:\/\/pediren.es\/restaurante-pachamama-yecla\/cross\/\",\"name\":\"Cross - Restaurante Pachamama\",\"isPartOf\":{\"@id\":\"https:\/\/pediren.es\/restaurante-pachamama-yecla\/#website\"},\"datePublished\":\"2025-04-22T08:58:33+00:00\",\"dateModified\":\"2025-04-29T07:22:45+00:00\",\"breadcrumb\":{\"@id\":\"https:\/\/pediren.es\/restaurante-pachamama-yecla\/cross\/#breadcrumb\"},\"inLanguage\":\"es\",\"potentialAction\":[{\"@type\":\"ReadAction\",\"target\":[\"https:\/\/pediren.es\/restaurante-pachamama-yecla\/cross\/\"]}]},{\"@type\":\"BreadcrumbList\",\"@id\":\"https:\/\/pediren.es\/restaurante-pachamama-yecla\/cross\/#breadcrumb\",\"itemListElement\":[{\"@type\":\"ListItem\",\"position\":1,\"name\":\"Portada\",\"item\":\"https:\/\/pediren.es\/restaurante-pachamama-yecla\/\"},{\"@type\":\"ListItem\",\"position\":2,\"name\":\"Cross\"}]},{\"@type\":\"WebSite\",\"@id\":\"https:\/\/pediren.es\/restaurante-pachamama-yecla\/#website\",\"url\":\"https:\/\/pediren.es\/restaurante-pachamama-yecla\/\",\"name\":\"Restaurante Pachamama\",\"description\":\"Especialidad en carne a la brasa y bocadillos\",\"publisher\":{\"@id\":\"https:\/\/pediren.es\/restaurante-pachamama-yecla\/#organization\"},\"potentialAction\":[{\"@type\":\"SearchAction\",\"target\":{\"@type\":\"EntryPoint\",\"urlTemplate\":\"https:\/\/pediren.es\/restaurante-pachamama-yecla\/?s={search_term_string}\"},\"query-input\":{\"@type\":\"PropertyValueSpecification\",\"valueRequired\":true,\"valueName\":\"search_term_string\"}}],\"inLanguage\":\"es\"},{\"@type\":\"Organization\",\"@id\":\"https:\/\/pediren.es\/restaurante-pachamama-yecla\/#organization\",\"name\":\"PedirEnJumilla.es\",\"alternateName\":\"Pedir En Jumilla\",\"url\":\"https:\/\/pediren.es\/restaurante-pachamama-yecla\/\",\"logo\":{\"@type\":\"ImageObject\",\"inLanguage\":\"es\",\"@id\":\"https:\/\/pediren.es\/restaurante-pachamama-yecla\/#\/schema\/logo\/image\/\",\"url\":\"https:\/\/pediren.es\/wp-content\/uploads\/2024\/02\/pedir-en-jumilla-es-logo.svg\",\"contentUrl\":\"https:\/\/pediren.es\/wp-content\/uploads\/2024\/02\/pedir-en-jumilla-es-logo.svg\",\"width\":500,\"height\":173,\"caption\":\"PedirEnJumilla.es\"},\"image\":{\"@id\":\"https:\/\/pediren.es\/restaurante-pachamama-yecla\/#\/schema\/logo\/image\/\"},\"sameAs\":[\"https:\/\/www.facebook.com\/pediren.es\",\"https:\/\/www.instagram.com\/pediren.es\/\"]}]}<\/script>\n<!-- \/ Yoast SEO plugin. -->","yoast_head_json":{"title":"Cross - Restaurante Pachamama","robots":{"index":"noindex","follow":"nofollow"},"schema":{"@context":"https:\/\/schema.org","@graph":[{"@type":"WebPage","@id":"https:\/\/pediren.es\/restaurante-pachamama-yecla\/cross\/","url":"https:\/\/pediren.es\/restaurante-pachamama-yecla\/cross\/","name":"Cross - Restaurante Pachamama","isPartOf":{"@id":"https:\/\/pediren.es\/restaurante-pachamama-yecla\/#website"},"datePublished":"2025-04-22T08:58:33+00:00","dateModified":"2025-04-29T07:22:45+00:00","breadcrumb":{"@id":"https:\/\/pediren.es\/restaurante-pachamama-yecla\/cross\/#breadcrumb"},"inLanguage":"es","potentialAction":[{"@type":"ReadAction","target":["https:\/\/pediren.es\/restaurante-pachamama-yecla\/cross\/"]}]},{"@type":"BreadcrumbList","@id":"https:\/\/pediren.es\/restaurante-pachamama-yecla\/cross\/#breadcrumb","itemListElement":[{"@type":"ListItem","position":1,"name":"Portada","item":"https:\/\/pediren.es\/restaurante-pachamama-yecla\/"},{"@type":"ListItem","position":2,"name":"Cross"}]},{"@type":"WebSite","@id":"https:\/\/pediren.es\/restaurante-pachamama-yecla\/#website","url":"https:\/\/pediren.es\/restaurante-pachamama-yecla\/","name":"Restaurante Pachamama","description":"Especialidad en carne a la brasa y bocadillos","publisher":{"@id":"https:\/\/pediren.es\/restaurante-pachamama-yecla\/#organization"},"potentialAction":[{"@type":"SearchAction","target":{"@type":"EntryPoint","urlTemplate":"https:\/\/pediren.es\/restaurante-pachamama-yecla\/?s={search_term_string}"},"query-input":{"@type":"PropertyValueSpecification","valueRequired":true,"valueName":"search_term_string"}}],"inLanguage":"es"},{"@type":"Organization","@id":"https:\/\/pediren.es\/restaurante-pachamama-yecla\/#organization","name":"PedirEnJumilla.es","alternateName":"Pedir En Jumilla","url":"https:\/\/pediren.es\/restaurante-pachamama-yecla\/","logo":{"@type":"ImageObject","inLanguage":"es","@id":"https:\/\/pediren.es\/restaurante-pachamama-yecla\/#\/schema\/logo\/image\/","url":"https:\/\/pediren.es\/wp-content\/uploads\/2024\/02\/pedir-en-jumilla-es-logo.svg","contentUrl":"https:\/\/pediren.es\/wp-content\/uploads\/2024\/02\/pedir-en-jumilla-es-logo.svg","width":500,"height":173,"caption":"PedirEnJumilla.es"},"image":{"@id":"https:\/\/pediren.es\/restaurante-pachamama-yecla\/#\/schema\/logo\/image\/"},"sameAs":["https:\/\/www.facebook.com\/pediren.es","https:\/\/www.instagram.com\/pediren.es\/"]}]}},"_links":{"self":[{"href":"https:\/\/pediren.es\/restaurante-pachamama-yecla\/wp-json\/wp\/v2\/pages\/2","targetHints":{"allow":["GET"]}}],"collection":[{"href":"https:\/\/pediren.es\/restaurante-pachamama-yecla\/wp-json\/wp\/v2\/pages"}],"about":[{"href":"https:\/\/pediren.es\/restaurante-pachamama-yecla\/wp-json\/wp\/v2\/types\/page"}],"author":[{"embeddable":true,"href":"https:\/\/pediren.es\/restaurante-pachamama-yecla\/wp-json\/wp\/v2\/users\/1"}],"replies":[{"embeddable":true,"href":"https:\/\/pediren.es\/restaurante-pachamama-yecla\/wp-json\/wp\/v2\/comments?post=2"}],"version-history":[{"count":1,"href":"https:\/\/pediren.es\/restaurante-pachamama-yecla\/wp-json\/wp\/v2\/pages\/2\/revisions"}],"predecessor-version":[{"id":204,"href":"https:\/\/pediren.es\/restaurante-pachamama-yecla\/wp-json\/wp\/v2\/pages\/2\/revisions\/204"}],"wp:attachment":[{"href":"https:\/\/pediren.es\/restaurante-pachamama-yecla\/wp-json\/wp\/v2\/media?parent=2"}],"curies":[{"name":"wp","href":"https:\/\/api.w.org\/{rel}","templated":true}]}}