{"id":170,"date":"2024-10-25T10:09:17","date_gmt":"2024-10-25T08:09:17","guid":{"rendered":"https:\/\/pedirenyecla.es\/restaurante-el-carmin\/?post_type=product&#038;p=170"},"modified":"2026-04-04T23:05:16","modified_gmt":"2026-04-04T21:05:16","slug":"bolones-completos","status":"publish","type":"product","link":"https:\/\/pediren.es\/restaurante-el-carmin\/producto\/bolones-completos\/","title":{"rendered":"Bolones completos"},"content":{"rendered":"<p>Masa de pl\u00e1tano macho relleno de queso fresco Y peque\u00f1os tacos de tocino y acompa\u00f1ado de huevo frito.<\/p>\n<p>Puede ser personalizado de solo queso fresco, solo chicharr\u00f3n o ambos.<\/p>\n","protected":false},"excerpt":{"rendered":"<p>Masa de pl\u00e1tano macho relleno de queso fresco Y peque\u00f1os tacos de tocino y acompa\u00f1ado de huevo frito. Puede ser personalizado de solo queso fresco, solo chicharr\u00f3n o ambos.<\/p>\n","protected":false},"featured_media":804,"template":"","meta":{"_et_pb_use_builder":"","_et_pb_old_content":"","_et_gb_content_width":""},"product_brand":[],"product_cat":[34],"product_tag":[],"class_list":{"0":"post-170","1":"product","2":"type-product","3":"status-publish","4":"has-post-thumbnail","6":"product_cat-entrantes","8":"first","9":"instock","10":"featured","11":"taxable","12":"shipping-taxable","13":"purchasable","14":"product-type-simple"},"yoast_head":"<!-- This site is optimized with the Yoast SEO plugin v27.4 - https:\/\/yoast.com\/product\/yoast-seo-wordpress\/ -->\n<title>Bolones completos - Restaurante El Carm\u00edn<\/title>\n<meta name=\"robots\" content=\"noindex, follow\" \/>\n<script type=\"application\/ld+json\" class=\"yoast-schema-graph\">{\"@context\":\"https:\\\/\\\/schema.org\",\"@graph\":[{\"@type\":\"WebPage\",\"@id\":\"https:\\\/\\\/pediren.es\\\/restaurante-el-carmin\\\/producto\\\/bolones-completos\\\/\",\"url\":\"https:\\\/\\\/pediren.es\\\/restaurante-el-carmin\\\/producto\\\/bolones-completos\\\/\",\"name\":\"Bolones completos - Restaurante El Carm\u00edn\",\"isPartOf\":{\"@id\":\"https:\\\/\\\/pediren.es\\\/restaurante-el-carmin\\\/#website\"},\"primaryImageOfPage\":{\"@id\":\"https:\\\/\\\/pediren.es\\\/restaurante-el-carmin\\\/producto\\\/bolones-completos\\\/#primaryimage\"},\"image\":{\"@id\":\"https:\\\/\\\/pediren.es\\\/restaurante-el-carmin\\\/producto\\\/bolones-completos\\\/#primaryimage\"},\"thumbnailUrl\":\"https:\\\/\\\/pediren.es\\\/restaurante-el-carmin\\\/wp-content\\\/uploads\\\/sites\\\/91\\\/2024\\\/10\\\/WhatsApp-Image-2025-10-20-at-17.51.37.jpeg\",\"datePublished\":\"2024-10-25T08:09:17+00:00\",\"dateModified\":\"2026-04-04T21:05:16+00:00\",\"breadcrumb\":{\"@id\":\"https:\\\/\\\/pediren.es\\\/restaurante-el-carmin\\\/producto\\\/bolones-completos\\\/#breadcrumb\"},\"inLanguage\":\"es\",\"potentialAction\":[{\"@type\":\"ReadAction\",\"target\":[\"https:\\\/\\\/pediren.es\\\/restaurante-el-carmin\\\/producto\\\/bolones-completos\\\/\"]}]},{\"@type\":\"ImageObject\",\"inLanguage\":\"es\",\"@id\":\"https:\\\/\\\/pediren.es\\\/restaurante-el-carmin\\\/producto\\\/bolones-completos\\\/#primaryimage\",\"url\":\"https:\\\/\\\/pediren.es\\\/restaurante-el-carmin\\\/wp-content\\\/uploads\\\/sites\\\/91\\\/2024\\\/10\\\/WhatsApp-Image-2025-10-20-at-17.51.37.jpeg\",\"contentUrl\":\"https:\\\/\\\/pediren.es\\\/restaurante-el-carmin\\\/wp-content\\\/uploads\\\/sites\\\/91\\\/2024\\\/10\\\/WhatsApp-Image-2025-10-20-at-17.51.37.jpeg\",\"width\":1152,\"height\":2048},{\"@type\":\"BreadcrumbList\",\"@id\":\"https:\\\/\\\/pediren.es\\\/restaurante-el-carmin\\\/producto\\\/bolones-completos\\\/#breadcrumb\",\"itemListElement\":[{\"@type\":\"ListItem\",\"position\":1,\"name\":\"Portada\",\"item\":\"https:\\\/\\\/pediren.es\\\/restaurante-el-carmin\\\/\"},{\"@type\":\"ListItem\",\"position\":2,\"name\":\"Restaurante El Carm\u00edn\",\"item\":\"https:\\\/\\\/pediren.es\\\/restaurante-el-carmin\\\/\"},{\"@type\":\"ListItem\",\"position\":3,\"name\":\"Bolones completos\"}]},{\"@type\":\"WebSite\",\"@id\":\"https:\\\/\\\/pediren.es\\\/restaurante-el-carmin\\\/#website\",\"url\":\"https:\\\/\\\/pediren.es\\\/restaurante-el-carmin\\\/\",\"name\":\"Restaurante El Carm\u00edn\",\"description\":\"Tu restaurante de comidas y tapas latinas\",\"publisher\":{\"@id\":\"https:\\\/\\\/pediren.es\\\/restaurante-el-carmin\\\/#organization\"},\"potentialAction\":[{\"@type\":\"SearchAction\",\"target\":{\"@type\":\"EntryPoint\",\"urlTemplate\":\"https:\\\/\\\/pediren.es\\\/restaurante-el-carmin\\\/?s={search_term_string}\"},\"query-input\":{\"@type\":\"PropertyValueSpecification\",\"valueRequired\":true,\"valueName\":\"search_term_string\"}}],\"inLanguage\":\"es\"},{\"@type\":\"Organization\",\"@id\":\"https:\\\/\\\/pediren.es\\\/restaurante-el-carmin\\\/#organization\",\"name\":\"PedirEnJumilla.es\",\"alternateName\":\"Pedir En Jumilla\",\"url\":\"https:\\\/\\\/pediren.es\\\/restaurante-el-carmin\\\/\",\"logo\":{\"@type\":\"ImageObject\",\"inLanguage\":\"es\",\"@id\":\"https:\\\/\\\/pediren.es\\\/restaurante-el-carmin\\\/#\\\/schema\\\/logo\\\/image\\\/\",\"url\":\"https:\\\/\\\/pediren.es\\\/wp-content\\\/uploads\\\/2024\\\/02\\\/pedir-en-jumilla-es-logo.svg\",\"contentUrl\":\"https:\\\/\\\/pediren.es\\\/wp-content\\\/uploads\\\/2024\\\/02\\\/pedir-en-jumilla-es-logo.svg\",\"width\":500,\"height\":173,\"caption\":\"PedirEnJumilla.es\"},\"image\":{\"@id\":\"https:\\\/\\\/pediren.es\\\/restaurante-el-carmin\\\/#\\\/schema\\\/logo\\\/image\\\/\"},\"sameAs\":[\"https:\\\/\\\/www.facebook.com\\\/pediren.es\",\"https:\\\/\\\/www.instagram.com\\\/pediren.es\\\/\"]}]}<\/script>\n<!-- \/ Yoast SEO plugin. -->","yoast_head_json":{"title":"Bolones completos - Restaurante El Carm\u00edn","robots":{"index":"noindex","follow":"follow"},"schema":{"@context":"https:\/\/schema.org","@graph":[{"@type":"WebPage","@id":"https:\/\/pediren.es\/restaurante-el-carmin\/producto\/bolones-completos\/","url":"https:\/\/pediren.es\/restaurante-el-carmin\/producto\/bolones-completos\/","name":"Bolones completos - Restaurante El Carm\u00edn","isPartOf":{"@id":"https:\/\/pediren.es\/restaurante-el-carmin\/#website"},"primaryImageOfPage":{"@id":"https:\/\/pediren.es\/restaurante-el-carmin\/producto\/bolones-completos\/#primaryimage"},"image":{"@id":"https:\/\/pediren.es\/restaurante-el-carmin\/producto\/bolones-completos\/#primaryimage"},"thumbnailUrl":"https:\/\/pediren.es\/restaurante-el-carmin\/wp-content\/uploads\/sites\/91\/2024\/10\/WhatsApp-Image-2025-10-20-at-17.51.37.jpeg","datePublished":"2024-10-25T08:09:17+00:00","dateModified":"2026-04-04T21:05:16+00:00","breadcrumb":{"@id":"https:\/\/pediren.es\/restaurante-el-carmin\/producto\/bolones-completos\/#breadcrumb"},"inLanguage":"es","potentialAction":[{"@type":"ReadAction","target":["https:\/\/pediren.es\/restaurante-el-carmin\/producto\/bolones-completos\/"]}]},{"@type":"ImageObject","inLanguage":"es","@id":"https:\/\/pediren.es\/restaurante-el-carmin\/producto\/bolones-completos\/#primaryimage","url":"https:\/\/pediren.es\/restaurante-el-carmin\/wp-content\/uploads\/sites\/91\/2024\/10\/WhatsApp-Image-2025-10-20-at-17.51.37.jpeg","contentUrl":"https:\/\/pediren.es\/restaurante-el-carmin\/wp-content\/uploads\/sites\/91\/2024\/10\/WhatsApp-Image-2025-10-20-at-17.51.37.jpeg","width":1152,"height":2048},{"@type":"BreadcrumbList","@id":"https:\/\/pediren.es\/restaurante-el-carmin\/producto\/bolones-completos\/#breadcrumb","itemListElement":[{"@type":"ListItem","position":1,"name":"Portada","item":"https:\/\/pediren.es\/restaurante-el-carmin\/"},{"@type":"ListItem","position":2,"name":"Restaurante El Carm\u00edn","item":"https:\/\/pediren.es\/restaurante-el-carmin\/"},{"@type":"ListItem","position":3,"name":"Bolones completos"}]},{"@type":"WebSite","@id":"https:\/\/pediren.es\/restaurante-el-carmin\/#website","url":"https:\/\/pediren.es\/restaurante-el-carmin\/","name":"Restaurante El Carm\u00edn","description":"Tu restaurante de comidas y tapas latinas","publisher":{"@id":"https:\/\/pediren.es\/restaurante-el-carmin\/#organization"},"potentialAction":[{"@type":"SearchAction","target":{"@type":"EntryPoint","urlTemplate":"https:\/\/pediren.es\/restaurante-el-carmin\/?s={search_term_string}"},"query-input":{"@type":"PropertyValueSpecification","valueRequired":true,"valueName":"search_term_string"}}],"inLanguage":"es"},{"@type":"Organization","@id":"https:\/\/pediren.es\/restaurante-el-carmin\/#organization","name":"PedirEnJumilla.es","alternateName":"Pedir En Jumilla","url":"https:\/\/pediren.es\/restaurante-el-carmin\/","logo":{"@type":"ImageObject","inLanguage":"es","@id":"https:\/\/pediren.es\/restaurante-el-carmin\/#\/schema\/logo\/image\/","url":"https:\/\/pediren.es\/wp-content\/uploads\/2024\/02\/pedir-en-jumilla-es-logo.svg","contentUrl":"https:\/\/pediren.es\/wp-content\/uploads\/2024\/02\/pedir-en-jumilla-es-logo.svg","width":500,"height":173,"caption":"PedirEnJumilla.es"},"image":{"@id":"https:\/\/pediren.es\/restaurante-el-carmin\/#\/schema\/logo\/image\/"},"sameAs":["https:\/\/www.facebook.com\/pediren.es","https:\/\/www.instagram.com\/pediren.es\/"]}]}},"_links":{"self":[{"href":"https:\/\/pediren.es\/restaurante-el-carmin\/wp-json\/wp\/v2\/product\/170","targetHints":{"allow":["GET"]}}],"collection":[{"href":"https:\/\/pediren.es\/restaurante-el-carmin\/wp-json\/wp\/v2\/product"}],"about":[{"href":"https:\/\/pediren.es\/restaurante-el-carmin\/wp-json\/wp\/v2\/types\/product"}],"wp:featuredmedia":[{"embeddable":true,"href":"https:\/\/pediren.es\/restaurante-el-carmin\/wp-json\/wp\/v2\/media\/804"}],"wp:attachment":[{"href":"https:\/\/pediren.es\/restaurante-el-carmin\/wp-json\/wp\/v2\/media?parent=170"}],"wp:term":[{"taxonomy":"product_brand","embeddable":true,"href":"https:\/\/pediren.es\/restaurante-el-carmin\/wp-json\/wp\/v2\/product_brand?post=170"},{"taxonomy":"product_cat","embeddable":true,"href":"https:\/\/pediren.es\/restaurante-el-carmin\/wp-json\/wp\/v2\/product_cat?post=170"},{"taxonomy":"product_tag","embeddable":true,"href":"https:\/\/pediren.es\/restaurante-el-carmin\/wp-json\/wp\/v2\/product_tag?post=170"}],"curies":[{"name":"wp","href":"https:\/\/api.w.org\/{rel}","templated":true}]}}