{"id":233,"date":"2024-12-02T12:08:58","date_gmt":"2024-12-02T11:08:58","guid":{"rendered":"https:\/\/pedirenyecla.es\/pizzeria-pizza-presto\/?post_type=product&amp;p=233"},"modified":"2024-12-02T12:08:58","modified_gmt":"2024-12-02T11:08:58","slug":"porcion-pizza-con-barbcoa","status":"publish","type":"product","link":"https:\/\/pediren.es\/pizzeria-pizza-presto\/producto\/porcion-pizza-con-barbcoa\/","title":{"rendered":"Porci\u00f3n pizza con barbacoa"},"content":{"rendered":"","protected":false},"excerpt":{"rendered":"","protected":false},"featured_media":0,"template":"","meta":{"_et_pb_use_builder":"","_et_pb_old_content":"","_et_gb_content_width":""},"product_brand":[],"product_cat":[29],"product_tag":[],"class_list":{"0":"post-233","1":"product","2":"type-product","3":"status-publish","5":"product_cat-porciones","7":"first","8":"instock","9":"taxable","10":"shipping-taxable","11":"purchasable","12":"product-type-simple"},"yoast_head":"<!-- This site is optimized with the Yoast SEO plugin v27.3 - https:\/\/yoast.com\/product\/yoast-seo-wordpress\/ -->\n<title>Porci\u00f3n pizza con barbacoa - Pizzer\u00eda Pizza Presto<\/title>\n<meta name=\"robots\" content=\"noindex, follow\" \/>\n<script type=\"application\/ld+json\" class=\"yoast-schema-graph\">{\"@context\":\"https:\\\/\\\/schema.org\",\"@graph\":[{\"@type\":\"WebPage\",\"@id\":\"https:\\\/\\\/pediren.es\\\/pizzeria-pizza-presto\\\/producto\\\/porcion-pizza-con-barbcoa\\\/\",\"url\":\"https:\\\/\\\/pediren.es\\\/pizzeria-pizza-presto\\\/producto\\\/porcion-pizza-con-barbcoa\\\/\",\"name\":\"Porci\u00f3n pizza con barbacoa - Pizzer\u00eda Pizza Presto\",\"isPartOf\":{\"@id\":\"https:\\\/\\\/pediren.es\\\/pizzeria-pizza-presto\\\/#website\"},\"datePublished\":\"2024-12-02T11:08:58+00:00\",\"breadcrumb\":{\"@id\":\"https:\\\/\\\/pediren.es\\\/pizzeria-pizza-presto\\\/producto\\\/porcion-pizza-con-barbcoa\\\/#breadcrumb\"},\"inLanguage\":\"es\",\"potentialAction\":[{\"@type\":\"ReadAction\",\"target\":[\"https:\\\/\\\/pediren.es\\\/pizzeria-pizza-presto\\\/producto\\\/porcion-pizza-con-barbcoa\\\/\"]}]},{\"@type\":\"BreadcrumbList\",\"@id\":\"https:\\\/\\\/pediren.es\\\/pizzeria-pizza-presto\\\/producto\\\/porcion-pizza-con-barbcoa\\\/#breadcrumb\",\"itemListElement\":[{\"@type\":\"ListItem\",\"position\":1,\"name\":\"Portada\",\"item\":\"https:\\\/\\\/pediren.es\\\/pizzeria-pizza-presto\\\/\"},{\"@type\":\"ListItem\",\"position\":2,\"name\":\"Pizzer\u00eda Pizza Presto\",\"item\":\"https:\\\/\\\/pediren.es\\\/pizzeria-pizza-presto\\\/\"},{\"@type\":\"ListItem\",\"position\":3,\"name\":\"Porci\u00f3n pizza con barbacoa\"}]},{\"@type\":\"WebSite\",\"@id\":\"https:\\\/\\\/pediren.es\\\/pizzeria-pizza-presto\\\/#website\",\"url\":\"https:\\\/\\\/pediren.es\\\/pizzeria-pizza-presto\\\/\",\"name\":\"Pizzer\u00eda Pizza Presto\",\"description\":\"Una pizzer\u00eda familiar con m\u00e1s de 25 a\u00f1os de historia. \u00a1Saborea nuestras pizzas!\",\"publisher\":{\"@id\":\"https:\\\/\\\/pediren.es\\\/pizzeria-pizza-presto\\\/#organization\"},\"potentialAction\":[{\"@type\":\"SearchAction\",\"target\":{\"@type\":\"EntryPoint\",\"urlTemplate\":\"https:\\\/\\\/pediren.es\\\/pizzeria-pizza-presto\\\/?s={search_term_string}\"},\"query-input\":{\"@type\":\"PropertyValueSpecification\",\"valueRequired\":true,\"valueName\":\"search_term_string\"}}],\"inLanguage\":\"es\"},{\"@type\":\"Organization\",\"@id\":\"https:\\\/\\\/pediren.es\\\/pizzeria-pizza-presto\\\/#organization\",\"name\":\"PedirEnJumilla.es\",\"alternateName\":\"Pedir En Jumilla\",\"url\":\"https:\\\/\\\/pediren.es\\\/pizzeria-pizza-presto\\\/\",\"logo\":{\"@type\":\"ImageObject\",\"inLanguage\":\"es\",\"@id\":\"https:\\\/\\\/pediren.es\\\/pizzeria-pizza-presto\\\/#\\\/schema\\\/logo\\\/image\\\/\",\"url\":\"https:\\\/\\\/pediren.es\\\/wp-content\\\/uploads\\\/2024\\\/02\\\/pedir-en-jumilla-es-logo.svg\",\"contentUrl\":\"https:\\\/\\\/pediren.es\\\/wp-content\\\/uploads\\\/2024\\\/02\\\/pedir-en-jumilla-es-logo.svg\",\"width\":500,\"height\":173,\"caption\":\"PedirEnJumilla.es\"},\"image\":{\"@id\":\"https:\\\/\\\/pediren.es\\\/pizzeria-pizza-presto\\\/#\\\/schema\\\/logo\\\/image\\\/\"},\"sameAs\":[\"https:\\\/\\\/www.facebook.com\\\/pediren.es\",\"https:\\\/\\\/www.instagram.com\\\/pediren.es\\\/\"]}]}<\/script>\n<!-- \/ Yoast SEO plugin. -->","yoast_head_json":{"title":"Porci\u00f3n pizza con barbacoa - Pizzer\u00eda Pizza Presto","robots":{"index":"noindex","follow":"follow"},"schema":{"@context":"https:\/\/schema.org","@graph":[{"@type":"WebPage","@id":"https:\/\/pediren.es\/pizzeria-pizza-presto\/producto\/porcion-pizza-con-barbcoa\/","url":"https:\/\/pediren.es\/pizzeria-pizza-presto\/producto\/porcion-pizza-con-barbcoa\/","name":"Porci\u00f3n pizza con barbacoa - Pizzer\u00eda Pizza Presto","isPartOf":{"@id":"https:\/\/pediren.es\/pizzeria-pizza-presto\/#website"},"datePublished":"2024-12-02T11:08:58+00:00","breadcrumb":{"@id":"https:\/\/pediren.es\/pizzeria-pizza-presto\/producto\/porcion-pizza-con-barbcoa\/#breadcrumb"},"inLanguage":"es","potentialAction":[{"@type":"ReadAction","target":["https:\/\/pediren.es\/pizzeria-pizza-presto\/producto\/porcion-pizza-con-barbcoa\/"]}]},{"@type":"BreadcrumbList","@id":"https:\/\/pediren.es\/pizzeria-pizza-presto\/producto\/porcion-pizza-con-barbcoa\/#breadcrumb","itemListElement":[{"@type":"ListItem","position":1,"name":"Portada","item":"https:\/\/pediren.es\/pizzeria-pizza-presto\/"},{"@type":"ListItem","position":2,"name":"Pizzer\u00eda Pizza Presto","item":"https:\/\/pediren.es\/pizzeria-pizza-presto\/"},{"@type":"ListItem","position":3,"name":"Porci\u00f3n pizza con barbacoa"}]},{"@type":"WebSite","@id":"https:\/\/pediren.es\/pizzeria-pizza-presto\/#website","url":"https:\/\/pediren.es\/pizzeria-pizza-presto\/","name":"Pizzer\u00eda Pizza Presto","description":"Una pizzer\u00eda familiar con m\u00e1s de 25 a\u00f1os de historia. \u00a1Saborea nuestras pizzas!","publisher":{"@id":"https:\/\/pediren.es\/pizzeria-pizza-presto\/#organization"},"potentialAction":[{"@type":"SearchAction","target":{"@type":"EntryPoint","urlTemplate":"https:\/\/pediren.es\/pizzeria-pizza-presto\/?s={search_term_string}"},"query-input":{"@type":"PropertyValueSpecification","valueRequired":true,"valueName":"search_term_string"}}],"inLanguage":"es"},{"@type":"Organization","@id":"https:\/\/pediren.es\/pizzeria-pizza-presto\/#organization","name":"PedirEnJumilla.es","alternateName":"Pedir En Jumilla","url":"https:\/\/pediren.es\/pizzeria-pizza-presto\/","logo":{"@type":"ImageObject","inLanguage":"es","@id":"https:\/\/pediren.es\/pizzeria-pizza-presto\/#\/schema\/logo\/image\/","url":"https:\/\/pediren.es\/wp-content\/uploads\/2024\/02\/pedir-en-jumilla-es-logo.svg","contentUrl":"https:\/\/pediren.es\/wp-content\/uploads\/2024\/02\/pedir-en-jumilla-es-logo.svg","width":500,"height":173,"caption":"PedirEnJumilla.es"},"image":{"@id":"https:\/\/pediren.es\/pizzeria-pizza-presto\/#\/schema\/logo\/image\/"},"sameAs":["https:\/\/www.facebook.com\/pediren.es","https:\/\/www.instagram.com\/pediren.es\/"]}]}},"_links":{"self":[{"href":"https:\/\/pediren.es\/pizzeria-pizza-presto\/wp-json\/wp\/v2\/product\/233","targetHints":{"allow":["GET"]}}],"collection":[{"href":"https:\/\/pediren.es\/pizzeria-pizza-presto\/wp-json\/wp\/v2\/product"}],"about":[{"href":"https:\/\/pediren.es\/pizzeria-pizza-presto\/wp-json\/wp\/v2\/types\/product"}],"wp:attachment":[{"href":"https:\/\/pediren.es\/pizzeria-pizza-presto\/wp-json\/wp\/v2\/media?parent=233"}],"wp:term":[{"taxonomy":"product_brand","embeddable":true,"href":"https:\/\/pediren.es\/pizzeria-pizza-presto\/wp-json\/wp\/v2\/product_brand?post=233"},{"taxonomy":"product_cat","embeddable":true,"href":"https:\/\/pediren.es\/pizzeria-pizza-presto\/wp-json\/wp\/v2\/product_cat?post=233"},{"taxonomy":"product_tag","embeddable":true,"href":"https:\/\/pediren.es\/pizzeria-pizza-presto\/wp-json\/wp\/v2\/product_tag?post=233"}],"curies":[{"name":"wp","href":"https:\/\/api.w.org\/{rel}","templated":true}]}}