{"id":155,"date":"2024-12-02T10:21:50","date_gmt":"2024-12-02T09:21:50","guid":{"rendered":"https:\/\/pedirenyecla.es\/pizzeria-pizza-presto\/producto\/litro-de-cerveza\/"},"modified":"2024-12-02T10:21:50","modified_gmt":"2024-12-02T09:21:50","slug":"litro-de-cerveza","status":"publish","type":"product","link":"https:\/\/pediren.es\/pizzeria-pizza-presto\/producto\/litro-de-cerveza\/","title":{"rendered":"Litro de cerveza"},"content":{"rendered":"","protected":false},"excerpt":{"rendered":"","protected":false},"featured_media":187,"template":"","meta":{"_et_pb_use_builder":"","_et_pb_old_content":"","_et_gb_content_width":""},"product_brand":[],"product_cat":[20],"product_tag":[],"class_list":{"0":"post-155","1":"product","2":"type-product","3":"status-publish","4":"has-post-thumbnail","6":"product_cat-bebidas","8":"first","9":"instock","10":"taxable","11":"shipping-taxable","12":"purchasable","13":"product-type-simple"},"yoast_head":"<!-- This site is optimized with the Yoast SEO plugin v27.3 - https:\/\/yoast.com\/product\/yoast-seo-wordpress\/ -->\n<title>Litro de cerveza - Pizzer\u00eda Pizza Presto<\/title>\n<meta name=\"robots\" content=\"noindex, follow\" \/>\n<script type=\"application\/ld+json\" class=\"yoast-schema-graph\">{\"@context\":\"https:\\\/\\\/schema.org\",\"@graph\":[{\"@type\":\"WebPage\",\"@id\":\"https:\\\/\\\/pediren.es\\\/pizzeria-pizza-presto\\\/producto\\\/litro-de-cerveza\\\/\",\"url\":\"https:\\\/\\\/pediren.es\\\/pizzeria-pizza-presto\\\/producto\\\/litro-de-cerveza\\\/\",\"name\":\"Litro de cerveza - Pizzer\u00eda Pizza Presto\",\"isPartOf\":{\"@id\":\"https:\\\/\\\/pediren.es\\\/pizzeria-pizza-presto\\\/#website\"},\"primaryImageOfPage\":{\"@id\":\"https:\\\/\\\/pediren.es\\\/pizzeria-pizza-presto\\\/producto\\\/litro-de-cerveza\\\/#primaryimage\"},\"image\":{\"@id\":\"https:\\\/\\\/pediren.es\\\/pizzeria-pizza-presto\\\/producto\\\/litro-de-cerveza\\\/#primaryimage\"},\"thumbnailUrl\":\"https:\\\/\\\/pediren.es\\\/pizzeria-pizza-presto\\\/wp-content\\\/uploads\\\/sites\\\/80\\\/2024\\\/12\\\/litro-de-cerveza-alhambra.jpg\",\"datePublished\":\"2024-12-02T09:21:50+00:00\",\"breadcrumb\":{\"@id\":\"https:\\\/\\\/pediren.es\\\/pizzeria-pizza-presto\\\/producto\\\/litro-de-cerveza\\\/#breadcrumb\"},\"inLanguage\":\"es\",\"potentialAction\":[{\"@type\":\"ReadAction\",\"target\":[\"https:\\\/\\\/pediren.es\\\/pizzeria-pizza-presto\\\/producto\\\/litro-de-cerveza\\\/\"]}]},{\"@type\":\"ImageObject\",\"inLanguage\":\"es\",\"@id\":\"https:\\\/\\\/pediren.es\\\/pizzeria-pizza-presto\\\/producto\\\/litro-de-cerveza\\\/#primaryimage\",\"url\":\"https:\\\/\\\/pediren.es\\\/pizzeria-pizza-presto\\\/wp-content\\\/uploads\\\/sites\\\/80\\\/2024\\\/12\\\/litro-de-cerveza-alhambra.jpg\",\"contentUrl\":\"https:\\\/\\\/pediren.es\\\/pizzeria-pizza-presto\\\/wp-content\\\/uploads\\\/sites\\\/80\\\/2024\\\/12\\\/litro-de-cerveza-alhambra.jpg\",\"width\":1000,\"height\":600},{\"@type\":\"BreadcrumbList\",\"@id\":\"https:\\\/\\\/pediren.es\\\/pizzeria-pizza-presto\\\/producto\\\/litro-de-cerveza\\\/#breadcrumb\",\"itemListElement\":[{\"@type\":\"ListItem\",\"position\":1,\"name\":\"Portada\",\"item\":\"https:\\\/\\\/pediren.es\\\/pizzeria-pizza-presto\\\/\"},{\"@type\":\"ListItem\",\"position\":2,\"name\":\"Pizzer\u00eda Pizza Presto\",\"item\":\"https:\\\/\\\/pediren.es\\\/pizzeria-pizza-presto\\\/\"},{\"@type\":\"ListItem\",\"position\":3,\"name\":\"Litro de cerveza\"}]},{\"@type\":\"WebSite\",\"@id\":\"https:\\\/\\\/pediren.es\\\/pizzeria-pizza-presto\\\/#website\",\"url\":\"https:\\\/\\\/pediren.es\\\/pizzeria-pizza-presto\\\/\",\"name\":\"Pizzer\u00eda Pizza Presto\",\"description\":\"Una pizzer\u00eda familiar con m\u00e1s de 25 a\u00f1os de historia. \u00a1Saborea nuestras pizzas!\",\"publisher\":{\"@id\":\"https:\\\/\\\/pediren.es\\\/pizzeria-pizza-presto\\\/#organization\"},\"potentialAction\":[{\"@type\":\"SearchAction\",\"target\":{\"@type\":\"EntryPoint\",\"urlTemplate\":\"https:\\\/\\\/pediren.es\\\/pizzeria-pizza-presto\\\/?s={search_term_string}\"},\"query-input\":{\"@type\":\"PropertyValueSpecification\",\"valueRequired\":true,\"valueName\":\"search_term_string\"}}],\"inLanguage\":\"es\"},{\"@type\":\"Organization\",\"@id\":\"https:\\\/\\\/pediren.es\\\/pizzeria-pizza-presto\\\/#organization\",\"name\":\"PedirEnJumilla.es\",\"alternateName\":\"Pedir En Jumilla\",\"url\":\"https:\\\/\\\/pediren.es\\\/pizzeria-pizza-presto\\\/\",\"logo\":{\"@type\":\"ImageObject\",\"inLanguage\":\"es\",\"@id\":\"https:\\\/\\\/pediren.es\\\/pizzeria-pizza-presto\\\/#\\\/schema\\\/logo\\\/image\\\/\",\"url\":\"https:\\\/\\\/pediren.es\\\/wp-content\\\/uploads\\\/2024\\\/02\\\/pedir-en-jumilla-es-logo.svg\",\"contentUrl\":\"https:\\\/\\\/pediren.es\\\/wp-content\\\/uploads\\\/2024\\\/02\\\/pedir-en-jumilla-es-logo.svg\",\"width\":500,\"height\":173,\"caption\":\"PedirEnJumilla.es\"},\"image\":{\"@id\":\"https:\\\/\\\/pediren.es\\\/pizzeria-pizza-presto\\\/#\\\/schema\\\/logo\\\/image\\\/\"},\"sameAs\":[\"https:\\\/\\\/www.facebook.com\\\/pediren.es\",\"https:\\\/\\\/www.instagram.com\\\/pediren.es\\\/\"]}]}<\/script>\n<!-- \/ Yoast SEO plugin. -->","yoast_head_json":{"title":"Litro de cerveza - Pizzer\u00eda Pizza Presto","robots":{"index":"noindex","follow":"follow"},"schema":{"@context":"https:\/\/schema.org","@graph":[{"@type":"WebPage","@id":"https:\/\/pediren.es\/pizzeria-pizza-presto\/producto\/litro-de-cerveza\/","url":"https:\/\/pediren.es\/pizzeria-pizza-presto\/producto\/litro-de-cerveza\/","name":"Litro de cerveza - Pizzer\u00eda Pizza Presto","isPartOf":{"@id":"https:\/\/pediren.es\/pizzeria-pizza-presto\/#website"},"primaryImageOfPage":{"@id":"https:\/\/pediren.es\/pizzeria-pizza-presto\/producto\/litro-de-cerveza\/#primaryimage"},"image":{"@id":"https:\/\/pediren.es\/pizzeria-pizza-presto\/producto\/litro-de-cerveza\/#primaryimage"},"thumbnailUrl":"https:\/\/pediren.es\/pizzeria-pizza-presto\/wp-content\/uploads\/sites\/80\/2024\/12\/litro-de-cerveza-alhambra.jpg","datePublished":"2024-12-02T09:21:50+00:00","breadcrumb":{"@id":"https:\/\/pediren.es\/pizzeria-pizza-presto\/producto\/litro-de-cerveza\/#breadcrumb"},"inLanguage":"es","potentialAction":[{"@type":"ReadAction","target":["https:\/\/pediren.es\/pizzeria-pizza-presto\/producto\/litro-de-cerveza\/"]}]},{"@type":"ImageObject","inLanguage":"es","@id":"https:\/\/pediren.es\/pizzeria-pizza-presto\/producto\/litro-de-cerveza\/#primaryimage","url":"https:\/\/pediren.es\/pizzeria-pizza-presto\/wp-content\/uploads\/sites\/80\/2024\/12\/litro-de-cerveza-alhambra.jpg","contentUrl":"https:\/\/pediren.es\/pizzeria-pizza-presto\/wp-content\/uploads\/sites\/80\/2024\/12\/litro-de-cerveza-alhambra.jpg","width":1000,"height":600},{"@type":"BreadcrumbList","@id":"https:\/\/pediren.es\/pizzeria-pizza-presto\/producto\/litro-de-cerveza\/#breadcrumb","itemListElement":[{"@type":"ListItem","position":1,"name":"Portada","item":"https:\/\/pediren.es\/pizzeria-pizza-presto\/"},{"@type":"ListItem","position":2,"name":"Pizzer\u00eda Pizza Presto","item":"https:\/\/pediren.es\/pizzeria-pizza-presto\/"},{"@type":"ListItem","position":3,"name":"Litro de cerveza"}]},{"@type":"WebSite","@id":"https:\/\/pediren.es\/pizzeria-pizza-presto\/#website","url":"https:\/\/pediren.es\/pizzeria-pizza-presto\/","name":"Pizzer\u00eda Pizza Presto","description":"Una pizzer\u00eda familiar con m\u00e1s de 25 a\u00f1os de historia. \u00a1Saborea nuestras pizzas!","publisher":{"@id":"https:\/\/pediren.es\/pizzeria-pizza-presto\/#organization"},"potentialAction":[{"@type":"SearchAction","target":{"@type":"EntryPoint","urlTemplate":"https:\/\/pediren.es\/pizzeria-pizza-presto\/?s={search_term_string}"},"query-input":{"@type":"PropertyValueSpecification","valueRequired":true,"valueName":"search_term_string"}}],"inLanguage":"es"},{"@type":"Organization","@id":"https:\/\/pediren.es\/pizzeria-pizza-presto\/#organization","name":"PedirEnJumilla.es","alternateName":"Pedir En Jumilla","url":"https:\/\/pediren.es\/pizzeria-pizza-presto\/","logo":{"@type":"ImageObject","inLanguage":"es","@id":"https:\/\/pediren.es\/pizzeria-pizza-presto\/#\/schema\/logo\/image\/","url":"https:\/\/pediren.es\/wp-content\/uploads\/2024\/02\/pedir-en-jumilla-es-logo.svg","contentUrl":"https:\/\/pediren.es\/wp-content\/uploads\/2024\/02\/pedir-en-jumilla-es-logo.svg","width":500,"height":173,"caption":"PedirEnJumilla.es"},"image":{"@id":"https:\/\/pediren.es\/pizzeria-pizza-presto\/#\/schema\/logo\/image\/"},"sameAs":["https:\/\/www.facebook.com\/pediren.es","https:\/\/www.instagram.com\/pediren.es\/"]}]}},"_links":{"self":[{"href":"https:\/\/pediren.es\/pizzeria-pizza-presto\/wp-json\/wp\/v2\/product\/155","targetHints":{"allow":["GET"]}}],"collection":[{"href":"https:\/\/pediren.es\/pizzeria-pizza-presto\/wp-json\/wp\/v2\/product"}],"about":[{"href":"https:\/\/pediren.es\/pizzeria-pizza-presto\/wp-json\/wp\/v2\/types\/product"}],"wp:featuredmedia":[{"embeddable":true,"href":"https:\/\/pediren.es\/pizzeria-pizza-presto\/wp-json\/wp\/v2\/media\/187"}],"wp:attachment":[{"href":"https:\/\/pediren.es\/pizzeria-pizza-presto\/wp-json\/wp\/v2\/media?parent=155"}],"wp:term":[{"taxonomy":"product_brand","embeddable":true,"href":"https:\/\/pediren.es\/pizzeria-pizza-presto\/wp-json\/wp\/v2\/product_brand?post=155"},{"taxonomy":"product_cat","embeddable":true,"href":"https:\/\/pediren.es\/pizzeria-pizza-presto\/wp-json\/wp\/v2\/product_cat?post=155"},{"taxonomy":"product_tag","embeddable":true,"href":"https:\/\/pediren.es\/pizzeria-pizza-presto\/wp-json\/wp\/v2\/product_tag?post=155"}],"curies":[{"name":"wp","href":"https:\/\/api.w.org\/{rel}","templated":true}]}}