{"id":1033,"date":"2025-11-19T20:59:18","date_gmt":"2025-11-19T19:59:18","guid":{"rendered":"https:\/\/pediren.es\/pizzeria-piccolo-yecla\/?post_type=product&#038;p=1033"},"modified":"2025-11-19T21:00:35","modified_gmt":"2025-11-19T20:00:35","slug":"pizza-prosciutto-e-funghi","status":"publish","type":"product","link":"https:\/\/pediren.es\/pizzeria-piccolo-yecla\/producto\/pizza-prosciutto-e-funghi\/","title":{"rendered":"Pizza Prosciutto e Funghi"},"content":{"rendered":"<p>Tomate, mozzarella, champi\u00f1\u00f3n, jam\u00f3n cocido y aceite de oliva.<\/p>\n","protected":false},"excerpt":{"rendered":"<p>Tomate, mozzarella, champi\u00f1\u00f3n, jam\u00f3n cocido y aceite de oliva.<\/p>\n","protected":false},"featured_media":0,"template":"","meta":{"_et_pb_use_builder":"","_et_pb_old_content":"","_et_gb_content_width":""},"product_brand":[],"product_cat":[17],"product_tag":[],"class_list":{"0":"post-1033","1":"product","2":"type-product","3":"status-publish","5":"product_cat-pizzas","7":"first","8":"instock","9":"taxable","10":"shipping-taxable","11":"purchasable","12":"product-type-simple"},"yoast_head":"<!-- This site is optimized with the Yoast SEO plugin v27.4 - https:\/\/yoast.com\/product\/yoast-seo-wordpress\/ -->\n<title>Pizza Prosciutto e Funghi - Pizzer\u00eda Piccolo<\/title>\n<meta name=\"robots\" content=\"noindex, follow\" \/>\n<script type=\"application\/ld+json\" class=\"yoast-schema-graph\">{\"@context\":\"https:\\\/\\\/schema.org\",\"@graph\":[{\"@type\":\"WebPage\",\"@id\":\"https:\\\/\\\/pediren.es\\\/pizzeria-piccolo-yecla\\\/producto\\\/pizza-prosciutto-e-funghi\\\/\",\"url\":\"https:\\\/\\\/pediren.es\\\/pizzeria-piccolo-yecla\\\/producto\\\/pizza-prosciutto-e-funghi\\\/\",\"name\":\"Pizza Prosciutto e Funghi - Pizzer\u00eda Piccolo\",\"isPartOf\":{\"@id\":\"https:\\\/\\\/pediren.es\\\/pizzeria-piccolo-yecla\\\/#website\"},\"datePublished\":\"2025-11-19T19:59:18+00:00\",\"dateModified\":\"2025-11-19T20:00:35+00:00\",\"breadcrumb\":{\"@id\":\"https:\\\/\\\/pediren.es\\\/pizzeria-piccolo-yecla\\\/producto\\\/pizza-prosciutto-e-funghi\\\/#breadcrumb\"},\"inLanguage\":\"es\",\"potentialAction\":[{\"@type\":\"ReadAction\",\"target\":[\"https:\\\/\\\/pediren.es\\\/pizzeria-piccolo-yecla\\\/producto\\\/pizza-prosciutto-e-funghi\\\/\"]}]},{\"@type\":\"BreadcrumbList\",\"@id\":\"https:\\\/\\\/pediren.es\\\/pizzeria-piccolo-yecla\\\/producto\\\/pizza-prosciutto-e-funghi\\\/#breadcrumb\",\"itemListElement\":[{\"@type\":\"ListItem\",\"position\":1,\"name\":\"Portada\",\"item\":\"https:\\\/\\\/pediren.es\\\/pizzeria-piccolo-yecla\\\/\"},{\"@type\":\"ListItem\",\"position\":2,\"name\":\"Pizzer\u00eda Piccolo Yecla\",\"item\":\"https:\\\/\\\/pediren.es\\\/pizzeria-piccolo-yecla\\\/\"},{\"@type\":\"ListItem\",\"position\":3,\"name\":\"Pizza Prosciutto e Funghi\"}]},{\"@type\":\"WebSite\",\"@id\":\"https:\\\/\\\/pediren.es\\\/pizzeria-piccolo-yecla\\\/#website\",\"url\":\"https:\\\/\\\/pediren.es\\\/pizzeria-piccolo-yecla\\\/\",\"name\":\"Pizzer\u00eda Piccolo\",\"description\":\"Pizzas artesanas hechas a mano con ingredientes de calidad\",\"publisher\":{\"@id\":\"https:\\\/\\\/pediren.es\\\/pizzeria-piccolo-yecla\\\/#organization\"},\"potentialAction\":[{\"@type\":\"SearchAction\",\"target\":{\"@type\":\"EntryPoint\",\"urlTemplate\":\"https:\\\/\\\/pediren.es\\\/pizzeria-piccolo-yecla\\\/?s={search_term_string}\"},\"query-input\":{\"@type\":\"PropertyValueSpecification\",\"valueRequired\":true,\"valueName\":\"search_term_string\"}}],\"inLanguage\":\"es\"},{\"@type\":\"Organization\",\"@id\":\"https:\\\/\\\/pediren.es\\\/pizzeria-piccolo-yecla\\\/#organization\",\"name\":\"PedirEnJumilla.es\",\"alternateName\":\"Pedir En Jumilla\",\"url\":\"https:\\\/\\\/pediren.es\\\/pizzeria-piccolo-yecla\\\/\",\"logo\":{\"@type\":\"ImageObject\",\"inLanguage\":\"es\",\"@id\":\"https:\\\/\\\/pediren.es\\\/pizzeria-piccolo-yecla\\\/#\\\/schema\\\/logo\\\/image\\\/\",\"url\":\"https:\\\/\\\/pediren.es\\\/wp-content\\\/uploads\\\/2024\\\/02\\\/pedir-en-jumilla-es-logo.svg\",\"contentUrl\":\"https:\\\/\\\/pediren.es\\\/wp-content\\\/uploads\\\/2024\\\/02\\\/pedir-en-jumilla-es-logo.svg\",\"width\":500,\"height\":173,\"caption\":\"PedirEnJumilla.es\"},\"image\":{\"@id\":\"https:\\\/\\\/pediren.es\\\/pizzeria-piccolo-yecla\\\/#\\\/schema\\\/logo\\\/image\\\/\"},\"sameAs\":[\"https:\\\/\\\/www.facebook.com\\\/pediren.es\",\"https:\\\/\\\/www.instagram.com\\\/pediren.es\\\/\"]}]}<\/script>\n<!-- \/ Yoast SEO plugin. -->","yoast_head_json":{"title":"Pizza Prosciutto e Funghi - Pizzer\u00eda Piccolo","robots":{"index":"noindex","follow":"follow"},"schema":{"@context":"https:\/\/schema.org","@graph":[{"@type":"WebPage","@id":"https:\/\/pediren.es\/pizzeria-piccolo-yecla\/producto\/pizza-prosciutto-e-funghi\/","url":"https:\/\/pediren.es\/pizzeria-piccolo-yecla\/producto\/pizza-prosciutto-e-funghi\/","name":"Pizza Prosciutto e Funghi - Pizzer\u00eda Piccolo","isPartOf":{"@id":"https:\/\/pediren.es\/pizzeria-piccolo-yecla\/#website"},"datePublished":"2025-11-19T19:59:18+00:00","dateModified":"2025-11-19T20:00:35+00:00","breadcrumb":{"@id":"https:\/\/pediren.es\/pizzeria-piccolo-yecla\/producto\/pizza-prosciutto-e-funghi\/#breadcrumb"},"inLanguage":"es","potentialAction":[{"@type":"ReadAction","target":["https:\/\/pediren.es\/pizzeria-piccolo-yecla\/producto\/pizza-prosciutto-e-funghi\/"]}]},{"@type":"BreadcrumbList","@id":"https:\/\/pediren.es\/pizzeria-piccolo-yecla\/producto\/pizza-prosciutto-e-funghi\/#breadcrumb","itemListElement":[{"@type":"ListItem","position":1,"name":"Portada","item":"https:\/\/pediren.es\/pizzeria-piccolo-yecla\/"},{"@type":"ListItem","position":2,"name":"Pizzer\u00eda Piccolo Yecla","item":"https:\/\/pediren.es\/pizzeria-piccolo-yecla\/"},{"@type":"ListItem","position":3,"name":"Pizza Prosciutto e Funghi"}]},{"@type":"WebSite","@id":"https:\/\/pediren.es\/pizzeria-piccolo-yecla\/#website","url":"https:\/\/pediren.es\/pizzeria-piccolo-yecla\/","name":"Pizzer\u00eda Piccolo","description":"Pizzas artesanas hechas a mano con ingredientes de calidad","publisher":{"@id":"https:\/\/pediren.es\/pizzeria-piccolo-yecla\/#organization"},"potentialAction":[{"@type":"SearchAction","target":{"@type":"EntryPoint","urlTemplate":"https:\/\/pediren.es\/pizzeria-piccolo-yecla\/?s={search_term_string}"},"query-input":{"@type":"PropertyValueSpecification","valueRequired":true,"valueName":"search_term_string"}}],"inLanguage":"es"},{"@type":"Organization","@id":"https:\/\/pediren.es\/pizzeria-piccolo-yecla\/#organization","name":"PedirEnJumilla.es","alternateName":"Pedir En Jumilla","url":"https:\/\/pediren.es\/pizzeria-piccolo-yecla\/","logo":{"@type":"ImageObject","inLanguage":"es","@id":"https:\/\/pediren.es\/pizzeria-piccolo-yecla\/#\/schema\/logo\/image\/","url":"https:\/\/pediren.es\/wp-content\/uploads\/2024\/02\/pedir-en-jumilla-es-logo.svg","contentUrl":"https:\/\/pediren.es\/wp-content\/uploads\/2024\/02\/pedir-en-jumilla-es-logo.svg","width":500,"height":173,"caption":"PedirEnJumilla.es"},"image":{"@id":"https:\/\/pediren.es\/pizzeria-piccolo-yecla\/#\/schema\/logo\/image\/"},"sameAs":["https:\/\/www.facebook.com\/pediren.es","https:\/\/www.instagram.com\/pediren.es\/"]}]}},"_links":{"self":[{"href":"https:\/\/pediren.es\/pizzeria-piccolo-yecla\/wp-json\/wp\/v2\/product\/1033","targetHints":{"allow":["GET"]}}],"collection":[{"href":"https:\/\/pediren.es\/pizzeria-piccolo-yecla\/wp-json\/wp\/v2\/product"}],"about":[{"href":"https:\/\/pediren.es\/pizzeria-piccolo-yecla\/wp-json\/wp\/v2\/types\/product"}],"wp:attachment":[{"href":"https:\/\/pediren.es\/pizzeria-piccolo-yecla\/wp-json\/wp\/v2\/media?parent=1033"}],"wp:term":[{"taxonomy":"product_brand","embeddable":true,"href":"https:\/\/pediren.es\/pizzeria-piccolo-yecla\/wp-json\/wp\/v2\/product_brand?post=1033"},{"taxonomy":"product_cat","embeddable":true,"href":"https:\/\/pediren.es\/pizzeria-piccolo-yecla\/wp-json\/wp\/v2\/product_cat?post=1033"},{"taxonomy":"product_tag","embeddable":true,"href":"https:\/\/pediren.es\/pizzeria-piccolo-yecla\/wp-json\/wp\/v2\/product_tag?post=1033"}],"curies":[{"name":"wp","href":"https:\/\/api.w.org\/{rel}","templated":true}]}}