{"id":38,"date":"2024-03-27T13:19:21","date_gmt":"2024-03-27T12:19:21","guid":{"rendered":"https:\/\/pedirenjumilla.es\/pizzeria-millenium\/?post_type=product&#038;p=38"},"modified":"2025-06-13T17:31:57","modified_gmt":"2025-06-13T15:31:57","slug":"sandwich-hercules","status":"publish","type":"product","link":"https:\/\/pediren.es\/pizzeria-millenium\/producto\/sandwich-hercules\/","title":{"rendered":"S\u00e1ndwich H\u00e9rcules"},"content":{"rendered":"<p>Jam\u00f3n york, queso, mozzarella, oregano y gratinado al horno.<\/p>\n","protected":false},"excerpt":{"rendered":"<p>Jam\u00f3n york, queso, mozzarella, oregano y gratinado al horno.<\/p>\n","protected":false},"featured_media":1242,"template":"","meta":{"_et_pb_use_builder":"","_et_pb_old_content":"","_et_gb_content_width":""},"product_brand":[],"product_cat":[22],"product_tag":[],"class_list":{"0":"post-38","1":"product","2":"type-product","3":"status-publish","4":"has-post-thumbnail","6":"product_cat-sandwiches","8":"first","9":"instock","10":"taxable","11":"shipping-taxable","12":"purchasable","13":"product-type-simple"},"yoast_head":"<!-- This site is optimized with the Yoast SEO plugin v27.5 - https:\/\/yoast.com\/product\/yoast-seo-wordpress\/ -->\n<title>S\u00e1ndwich H\u00e9rcules - Pizzer\u00eda Millenium<\/title>\n<meta name=\"robots\" content=\"noindex, follow\" \/>\n<script type=\"application\/ld+json\" class=\"yoast-schema-graph\">{\"@context\":\"https:\\\/\\\/schema.org\",\"@graph\":[{\"@type\":\"WebPage\",\"@id\":\"https:\\\/\\\/pediren.es\\\/pizzeria-millenium\\\/producto\\\/sandwich-hercules\\\/\",\"url\":\"https:\\\/\\\/pediren.es\\\/pizzeria-millenium\\\/producto\\\/sandwich-hercules\\\/\",\"name\":\"S\u00e1ndwich H\u00e9rcules - Pizzer\u00eda Millenium\",\"isPartOf\":{\"@id\":\"https:\\\/\\\/pediren.es\\\/pizzeria-millenium\\\/#website\"},\"primaryImageOfPage\":{\"@id\":\"https:\\\/\\\/pediren.es\\\/pizzeria-millenium\\\/producto\\\/sandwich-hercules\\\/#primaryimage\"},\"image\":{\"@id\":\"https:\\\/\\\/pediren.es\\\/pizzeria-millenium\\\/producto\\\/sandwich-hercules\\\/#primaryimage\"},\"thumbnailUrl\":\"https:\\\/\\\/pediren.es\\\/pizzeria-millenium\\\/wp-content\\\/uploads\\\/sites\\\/9\\\/2024\\\/03\\\/Sandwich-Hercules.jpg\",\"datePublished\":\"2024-03-27T12:19:21+00:00\",\"dateModified\":\"2025-06-13T15:31:57+00:00\",\"breadcrumb\":{\"@id\":\"https:\\\/\\\/pediren.es\\\/pizzeria-millenium\\\/producto\\\/sandwich-hercules\\\/#breadcrumb\"},\"inLanguage\":\"es\",\"potentialAction\":[{\"@type\":\"ReadAction\",\"target\":[\"https:\\\/\\\/pediren.es\\\/pizzeria-millenium\\\/producto\\\/sandwich-hercules\\\/\"]}]},{\"@type\":\"ImageObject\",\"inLanguage\":\"es\",\"@id\":\"https:\\\/\\\/pediren.es\\\/pizzeria-millenium\\\/producto\\\/sandwich-hercules\\\/#primaryimage\",\"url\":\"https:\\\/\\\/pediren.es\\\/pizzeria-millenium\\\/wp-content\\\/uploads\\\/sites\\\/9\\\/2024\\\/03\\\/Sandwich-Hercules.jpg\",\"contentUrl\":\"https:\\\/\\\/pediren.es\\\/pizzeria-millenium\\\/wp-content\\\/uploads\\\/sites\\\/9\\\/2024\\\/03\\\/Sandwich-Hercules.jpg\",\"width\":1000,\"height\":600},{\"@type\":\"BreadcrumbList\",\"@id\":\"https:\\\/\\\/pediren.es\\\/pizzeria-millenium\\\/producto\\\/sandwich-hercules\\\/#breadcrumb\",\"itemListElement\":[{\"@type\":\"ListItem\",\"position\":1,\"name\":\"Portada\",\"item\":\"https:\\\/\\\/pediren.es\\\/pizzeria-millenium\\\/\"},{\"@type\":\"ListItem\",\"position\":2,\"name\":\"Pizzer\u00eda Millenium\",\"item\":\"https:\\\/\\\/pediren.es\\\/pizzeria-millenium\\\/\"},{\"@type\":\"ListItem\",\"position\":3,\"name\":\"S\u00e1ndwich H\u00e9rcules\"}]},{\"@type\":\"WebSite\",\"@id\":\"https:\\\/\\\/pediren.es\\\/pizzeria-millenium\\\/#website\",\"url\":\"https:\\\/\\\/pediren.es\\\/pizzeria-millenium\\\/\",\"name\":\"Pizzer\u00eda Millenium\",\"description\":\"Tus pizzas, hamburguesas y entrantes favoritos a casa en minutos.\",\"potentialAction\":[{\"@type\":\"SearchAction\",\"target\":{\"@type\":\"EntryPoint\",\"urlTemplate\":\"https:\\\/\\\/pediren.es\\\/pizzeria-millenium\\\/?s={search_term_string}\"},\"query-input\":{\"@type\":\"PropertyValueSpecification\",\"valueRequired\":true,\"valueName\":\"search_term_string\"}}],\"inLanguage\":\"es\"}]}<\/script>\n<!-- \/ Yoast SEO plugin. -->","yoast_head_json":{"title":"S\u00e1ndwich H\u00e9rcules - Pizzer\u00eda Millenium","robots":{"index":"noindex","follow":"follow"},"schema":{"@context":"https:\/\/schema.org","@graph":[{"@type":"WebPage","@id":"https:\/\/pediren.es\/pizzeria-millenium\/producto\/sandwich-hercules\/","url":"https:\/\/pediren.es\/pizzeria-millenium\/producto\/sandwich-hercules\/","name":"S\u00e1ndwich H\u00e9rcules - Pizzer\u00eda Millenium","isPartOf":{"@id":"https:\/\/pediren.es\/pizzeria-millenium\/#website"},"primaryImageOfPage":{"@id":"https:\/\/pediren.es\/pizzeria-millenium\/producto\/sandwich-hercules\/#primaryimage"},"image":{"@id":"https:\/\/pediren.es\/pizzeria-millenium\/producto\/sandwich-hercules\/#primaryimage"},"thumbnailUrl":"https:\/\/pediren.es\/pizzeria-millenium\/wp-content\/uploads\/sites\/9\/2024\/03\/Sandwich-Hercules.jpg","datePublished":"2024-03-27T12:19:21+00:00","dateModified":"2025-06-13T15:31:57+00:00","breadcrumb":{"@id":"https:\/\/pediren.es\/pizzeria-millenium\/producto\/sandwich-hercules\/#breadcrumb"},"inLanguage":"es","potentialAction":[{"@type":"ReadAction","target":["https:\/\/pediren.es\/pizzeria-millenium\/producto\/sandwich-hercules\/"]}]},{"@type":"ImageObject","inLanguage":"es","@id":"https:\/\/pediren.es\/pizzeria-millenium\/producto\/sandwich-hercules\/#primaryimage","url":"https:\/\/pediren.es\/pizzeria-millenium\/wp-content\/uploads\/sites\/9\/2024\/03\/Sandwich-Hercules.jpg","contentUrl":"https:\/\/pediren.es\/pizzeria-millenium\/wp-content\/uploads\/sites\/9\/2024\/03\/Sandwich-Hercules.jpg","width":1000,"height":600},{"@type":"BreadcrumbList","@id":"https:\/\/pediren.es\/pizzeria-millenium\/producto\/sandwich-hercules\/#breadcrumb","itemListElement":[{"@type":"ListItem","position":1,"name":"Portada","item":"https:\/\/pediren.es\/pizzeria-millenium\/"},{"@type":"ListItem","position":2,"name":"Pizzer\u00eda Millenium","item":"https:\/\/pediren.es\/pizzeria-millenium\/"},{"@type":"ListItem","position":3,"name":"S\u00e1ndwich H\u00e9rcules"}]},{"@type":"WebSite","@id":"https:\/\/pediren.es\/pizzeria-millenium\/#website","url":"https:\/\/pediren.es\/pizzeria-millenium\/","name":"Pizzer\u00eda Millenium","description":"Tus pizzas, hamburguesas y entrantes favoritos a casa en minutos.","potentialAction":[{"@type":"SearchAction","target":{"@type":"EntryPoint","urlTemplate":"https:\/\/pediren.es\/pizzeria-millenium\/?s={search_term_string}"},"query-input":{"@type":"PropertyValueSpecification","valueRequired":true,"valueName":"search_term_string"}}],"inLanguage":"es"}]}},"_links":{"self":[{"href":"https:\/\/pediren.es\/pizzeria-millenium\/wp-json\/wp\/v2\/product\/38","targetHints":{"allow":["GET"]}}],"collection":[{"href":"https:\/\/pediren.es\/pizzeria-millenium\/wp-json\/wp\/v2\/product"}],"about":[{"href":"https:\/\/pediren.es\/pizzeria-millenium\/wp-json\/wp\/v2\/types\/product"}],"wp:featuredmedia":[{"embeddable":true,"href":"https:\/\/pediren.es\/pizzeria-millenium\/wp-json\/wp\/v2\/media\/1242"}],"wp:attachment":[{"href":"https:\/\/pediren.es\/pizzeria-millenium\/wp-json\/wp\/v2\/media?parent=38"}],"wp:term":[{"taxonomy":"product_brand","embeddable":true,"href":"https:\/\/pediren.es\/pizzeria-millenium\/wp-json\/wp\/v2\/product_brand?post=38"},{"taxonomy":"product_cat","embeddable":true,"href":"https:\/\/pediren.es\/pizzeria-millenium\/wp-json\/wp\/v2\/product_cat?post=38"},{"taxonomy":"product_tag","embeddable":true,"href":"https:\/\/pediren.es\/pizzeria-millenium\/wp-json\/wp\/v2\/product_tag?post=38"}],"curies":[{"name":"wp","href":"https:\/\/api.w.org\/{rel}","templated":true}]}}