{"id":178,"date":"2025-09-22T19:45:31","date_gmt":"2025-09-22T17:45:31","guid":{"rendered":"https:\/\/pediren.es\/pizzeria-la-toscana-ibuki-sushi-cieza\/producto\/tartar-de-atun\/"},"modified":"2026-03-11T18:46:35","modified_gmt":"2026-03-11T17:46:35","slug":"tartar-de-atun","status":"publish","type":"product","link":"https:\/\/pediren.es\/pizzeria-la-toscana-ibuki-sushi-cieza\/producto\/tartar-de-atun\/","title":{"rendered":"Tartar de at\u00fan"},"content":{"rendered":"<p>Con aguacate, cebolla crujiente, aceite de s\u00e9samo y picante al gusto.<\/p>\n","protected":false},"excerpt":{"rendered":"<p>Con aguacate, cebolla crujiente, aceite de s\u00e9samo y picante al gusto.<\/p>\n","protected":false},"featured_media":0,"template":"","meta":{"_et_pb_use_builder":"","_et_pb_old_content":"","_et_gb_content_width":""},"product_brand":[],"product_cat":[30],"product_tag":[],"class_list":{"0":"post-178","1":"product","2":"type-product","3":"status-publish","5":"product_cat-entrantes","7":"first","8":"instock","9":"taxable","10":"shipping-taxable","11":"purchasable","12":"product-type-simple"},"yoast_head":"<!-- This site is optimized with the Yoast SEO plugin v27.2 - https:\/\/yoast.com\/product\/yoast-seo-wordpress\/ -->\n<title>Tartar de at\u00fan - Pizzer\u00eda La Toscana &amp; Ibuki Sushi<\/title>\n<meta name=\"robots\" content=\"index, follow, max-snippet:-1, max-image-preview:large, max-video-preview:-1\" \/>\n<link rel=\"canonical\" href=\"https:\/\/pediren.es\/pizzeria-la-toscana-ibuki-sushi-cieza\/producto\/tartar-de-atun\/\" \/>\n<meta property=\"og:locale\" content=\"es_ES\" \/>\n<meta property=\"og:type\" content=\"article\" \/>\n<meta property=\"og:title\" content=\"Tartar de at\u00fan - Pizzer\u00eda La Toscana &amp; Ibuki Sushi\" \/>\n<meta property=\"og:description\" content=\"Con aguacate, cebolla crujiente, aceite de s\u00e9samo y picante al gusto.\" \/>\n<meta property=\"og:url\" content=\"https:\/\/pediren.es\/pizzeria-la-toscana-ibuki-sushi-cieza\/producto\/tartar-de-atun\/\" \/>\n<meta property=\"og:site_name\" content=\"Pizzer\u00eda La Toscana &amp; Ibuki Sushi\" \/>\n<meta property=\"article:modified_time\" content=\"2026-03-11T17:46:35+00:00\" \/>\n<meta name=\"twitter:card\" content=\"summary_large_image\" \/>\n<script type=\"application\/ld+json\" class=\"yoast-schema-graph\">{\"@context\":\"https:\/\/schema.org\",\"@graph\":[{\"@type\":\"WebPage\",\"@id\":\"https:\/\/pediren.es\/pizzeria-la-toscana-ibuki-sushi-cieza\/producto\/tartar-de-atun\/\",\"url\":\"https:\/\/pediren.es\/pizzeria-la-toscana-ibuki-sushi-cieza\/producto\/tartar-de-atun\/\",\"name\":\"Tartar de at\u00fan - Pizzer\u00eda La Toscana &amp; Ibuki Sushi\",\"isPartOf\":{\"@id\":\"https:\/\/pediren.es\/pizzeria-la-toscana-ibuki-sushi-cieza\/#website\"},\"datePublished\":\"2025-09-22T17:45:31+00:00\",\"dateModified\":\"2026-03-11T17:46:35+00:00\",\"breadcrumb\":{\"@id\":\"https:\/\/pediren.es\/pizzeria-la-toscana-ibuki-sushi-cieza\/producto\/tartar-de-atun\/#breadcrumb\"},\"inLanguage\":\"es\",\"potentialAction\":[{\"@type\":\"ReadAction\",\"target\":[\"https:\/\/pediren.es\/pizzeria-la-toscana-ibuki-sushi-cieza\/producto\/tartar-de-atun\/\"]}]},{\"@type\":\"BreadcrumbList\",\"@id\":\"https:\/\/pediren.es\/pizzeria-la-toscana-ibuki-sushi-cieza\/producto\/tartar-de-atun\/#breadcrumb\",\"itemListElement\":[{\"@type\":\"ListItem\",\"position\":1,\"name\":\"Portada\",\"item\":\"https:\/\/pediren.es\/pizzeria-la-toscana-ibuki-sushi-cieza\/\"},{\"@type\":\"ListItem\",\"position\":2,\"name\":\"Pizzer\u00eda La Toscana &#038; Ibuki Sushi Cieza\",\"item\":\"https:\/\/pediren.es\/pizzeria-la-toscana-ibuki-sushi-cieza\/\"},{\"@type\":\"ListItem\",\"position\":3,\"name\":\"Tartar de at\u00fan\"}]},{\"@type\":\"WebSite\",\"@id\":\"https:\/\/pediren.es\/pizzeria-la-toscana-ibuki-sushi-cieza\/#website\",\"url\":\"https:\/\/pediren.es\/pizzeria-la-toscana-ibuki-sushi-cieza\/\",\"name\":\"Pizzer\u00eda La Toscana &amp; Ibuki Sushi\",\"description\":\"Pizza artesanal, sushi,\u2026 \u00bfo los dos?\",\"potentialAction\":[{\"@type\":\"SearchAction\",\"target\":{\"@type\":\"EntryPoint\",\"urlTemplate\":\"https:\/\/pediren.es\/pizzeria-la-toscana-ibuki-sushi-cieza\/?s={search_term_string}\"},\"query-input\":{\"@type\":\"PropertyValueSpecification\",\"valueRequired\":true,\"valueName\":\"search_term_string\"}}],\"inLanguage\":\"es\"}]}<\/script>\n<!-- \/ Yoast SEO plugin. -->","yoast_head_json":{"title":"Tartar de at\u00fan - Pizzer\u00eda La Toscana &amp; Ibuki Sushi","robots":{"index":"index","follow":"follow","max-snippet":"max-snippet:-1","max-image-preview":"max-image-preview:large","max-video-preview":"max-video-preview:-1"},"canonical":"https:\/\/pediren.es\/pizzeria-la-toscana-ibuki-sushi-cieza\/producto\/tartar-de-atun\/","og_locale":"es_ES","og_type":"article","og_title":"Tartar de at\u00fan - Pizzer\u00eda La Toscana &amp; Ibuki Sushi","og_description":"Con aguacate, cebolla crujiente, aceite de s\u00e9samo y picante al gusto.","og_url":"https:\/\/pediren.es\/pizzeria-la-toscana-ibuki-sushi-cieza\/producto\/tartar-de-atun\/","og_site_name":"Pizzer\u00eda La Toscana &amp; Ibuki Sushi","article_modified_time":"2026-03-11T17:46:35+00:00","twitter_card":"summary_large_image","schema":{"@context":"https:\/\/schema.org","@graph":[{"@type":"WebPage","@id":"https:\/\/pediren.es\/pizzeria-la-toscana-ibuki-sushi-cieza\/producto\/tartar-de-atun\/","url":"https:\/\/pediren.es\/pizzeria-la-toscana-ibuki-sushi-cieza\/producto\/tartar-de-atun\/","name":"Tartar de at\u00fan - Pizzer\u00eda La Toscana &amp; Ibuki Sushi","isPartOf":{"@id":"https:\/\/pediren.es\/pizzeria-la-toscana-ibuki-sushi-cieza\/#website"},"datePublished":"2025-09-22T17:45:31+00:00","dateModified":"2026-03-11T17:46:35+00:00","breadcrumb":{"@id":"https:\/\/pediren.es\/pizzeria-la-toscana-ibuki-sushi-cieza\/producto\/tartar-de-atun\/#breadcrumb"},"inLanguage":"es","potentialAction":[{"@type":"ReadAction","target":["https:\/\/pediren.es\/pizzeria-la-toscana-ibuki-sushi-cieza\/producto\/tartar-de-atun\/"]}]},{"@type":"BreadcrumbList","@id":"https:\/\/pediren.es\/pizzeria-la-toscana-ibuki-sushi-cieza\/producto\/tartar-de-atun\/#breadcrumb","itemListElement":[{"@type":"ListItem","position":1,"name":"Portada","item":"https:\/\/pediren.es\/pizzeria-la-toscana-ibuki-sushi-cieza\/"},{"@type":"ListItem","position":2,"name":"Pizzer\u00eda La Toscana &#038; Ibuki Sushi Cieza","item":"https:\/\/pediren.es\/pizzeria-la-toscana-ibuki-sushi-cieza\/"},{"@type":"ListItem","position":3,"name":"Tartar de at\u00fan"}]},{"@type":"WebSite","@id":"https:\/\/pediren.es\/pizzeria-la-toscana-ibuki-sushi-cieza\/#website","url":"https:\/\/pediren.es\/pizzeria-la-toscana-ibuki-sushi-cieza\/","name":"Pizzer\u00eda La Toscana &amp; Ibuki Sushi","description":"Pizza artesanal, sushi,\u2026 \u00bfo los dos?","potentialAction":[{"@type":"SearchAction","target":{"@type":"EntryPoint","urlTemplate":"https:\/\/pediren.es\/pizzeria-la-toscana-ibuki-sushi-cieza\/?s={search_term_string}"},"query-input":{"@type":"PropertyValueSpecification","valueRequired":true,"valueName":"search_term_string"}}],"inLanguage":"es"}]}},"_links":{"self":[{"href":"https:\/\/pediren.es\/pizzeria-la-toscana-ibuki-sushi-cieza\/wp-json\/wp\/v2\/product\/178","targetHints":{"allow":["GET"]}}],"collection":[{"href":"https:\/\/pediren.es\/pizzeria-la-toscana-ibuki-sushi-cieza\/wp-json\/wp\/v2\/product"}],"about":[{"href":"https:\/\/pediren.es\/pizzeria-la-toscana-ibuki-sushi-cieza\/wp-json\/wp\/v2\/types\/product"}],"wp:attachment":[{"href":"https:\/\/pediren.es\/pizzeria-la-toscana-ibuki-sushi-cieza\/wp-json\/wp\/v2\/media?parent=178"}],"wp:term":[{"taxonomy":"product_brand","embeddable":true,"href":"https:\/\/pediren.es\/pizzeria-la-toscana-ibuki-sushi-cieza\/wp-json\/wp\/v2\/product_brand?post=178"},{"taxonomy":"product_cat","embeddable":true,"href":"https:\/\/pediren.es\/pizzeria-la-toscana-ibuki-sushi-cieza\/wp-json\/wp\/v2\/product_cat?post=178"},{"taxonomy":"product_tag","embeddable":true,"href":"https:\/\/pediren.es\/pizzeria-la-toscana-ibuki-sushi-cieza\/wp-json\/wp\/v2\/product_tag?post=178"}],"curies":[{"name":"wp","href":"https:\/\/api.w.org\/{rel}","templated":true}]}}