{"id":2,"date":"2025-09-10T19:07:32","date_gmt":"2025-09-10T17:07:32","guid":{"rendered":"https:\/\/pediren.es\/pasteleria-dulce-tentacion\/?page_id=2"},"modified":"2025-09-10T19:16:41","modified_gmt":"2025-09-10T17:16:41","slug":"cross","status":"publish","type":"page","link":"https:\/\/pediren.es\/pasteleria-dulce-tentacion-cieza\/cross\/","title":{"rendered":"Cross"},"content":{"rendered":"<p>[et_pb_section fb_built=\u00bb1&#8243; module_id=\u00bbcross\u00bb _builder_version=\u00bb4.24.2&#8243; _module_preset=\u00bbdefault\u00bb background_color=\u00bbRGBA(255,255,255,0)\u00bb custom_margin=\u00bb20px||80px||false|false\u00bb custom_padding=\u00bb||||false|false\u00bb global_colors_info=\u00bb{}\u00bb][et_pb_row _builder_version=\u00bb4.24.2&#8243; _module_preset=\u00bbdefault\u00bb custom_margin=\u00bb||||false|false\u00bb custom_padding=\u00bb||||false|false\u00bb global_colors_info=\u00bb{}\u00bb][et_pb_column type=\u00bb4_4&#8243; _builder_version=\u00bb4.24.1&#8243; _module_preset=\u00bbdefault\u00bb global_colors_info=\u00bb{}\u00bb][et_pb_text _builder_version=\u00bb4.27.4&#8243; _module_preset=\u00bbdefault\u00bb hover_enabled=\u00bb0&#8243; global_colors_info=\u00bb{}\u00bb sticky_enabled=\u00bb0&#8243;]<\/p>\n<h1 class=\"titulo-cross\">\u00bfTe podemos tentar? \ud83d\ude1c<\/h1>\n<p>[\/et_pb_text][et_pb_shop type=\u00bbproduct_category\u00bb posts_number=\u00bb99999&#8243; include_categories=\u00bb37,28,27,44&#8243; columns_number=\u00bb3&#8243; orderby=\u00bbmenu_order\u00bb _builder_version=\u00bb4.27.4&#8243; _module_preset=\u00bbdefault\u00bb hover_enabled=\u00bb0&#8243; global_colors_info=\u00bb{}\u00bb sticky_enabled=\u00bb0&#8243;][\/et_pb_shop][\/et_pb_column][\/et_pb_row][\/et_pb_section]<\/p>\n","protected":false},"excerpt":{"rendered":"<p>\u00bfTe podemos tentar? \ud83d\ude1c<\/p>\n","protected":false},"author":1,"featured_media":0,"parent":0,"menu_order":0,"comment_status":"closed","ping_status":"open","template":"","meta":{"_et_pb_use_builder":"on","_et_pb_old_content":"","_et_gb_content_width":"","footnotes":""},"class_list":["post-2","page","type-page","status-publish","hentry"],"yoast_head":"<!-- This site is optimized with the Yoast SEO plugin v27.2 - https:\/\/yoast.com\/product\/yoast-seo-wordpress\/ -->\n<title>Cross - Pasteler\u00eda Dulce Tentaci\u00f3n<\/title>\n<meta name=\"robots\" content=\"noindex, nofollow\" \/>\n<meta property=\"og:locale\" content=\"es_ES\" \/>\n<meta property=\"og:type\" content=\"article\" \/>\n<meta property=\"og:title\" content=\"Cross - Pasteler\u00eda Dulce Tentaci\u00f3n\" \/>\n<meta property=\"og:description\" content=\"\u00bfTe podemos tentar? \ud83d\ude1c\" \/>\n<meta property=\"og:url\" content=\"https:\/\/pediren.es\/pasteleria-dulce-tentacion-cieza\/cross\/\" \/>\n<meta property=\"og:site_name\" content=\"Pasteler\u00eda Dulce Tentaci\u00f3n\" \/>\n<meta property=\"article:modified_time\" content=\"2025-09-10T17:16:41+00:00\" \/>\n<meta name=\"twitter:card\" content=\"summary_large_image\" \/>\n<meta name=\"twitter:label1\" content=\"Tiempo de lectura\" \/>\n\t<meta name=\"twitter:data1\" content=\"1 minuto\" \/>\n<script type=\"application\/ld+json\" class=\"yoast-schema-graph\">{\"@context\":\"https:\/\/schema.org\",\"@graph\":[{\"@type\":\"WebPage\",\"@id\":\"https:\/\/pediren.es\/pasteleria-dulce-tentacion-cieza\/cross\/\",\"url\":\"https:\/\/pediren.es\/pasteleria-dulce-tentacion-cieza\/cross\/\",\"name\":\"Cross - Pasteler\u00eda Dulce Tentaci\u00f3n\",\"isPartOf\":{\"@id\":\"https:\/\/pediren.es\/pasteleria-dulce-tentacion-cieza\/#website\"},\"datePublished\":\"2025-09-10T17:07:32+00:00\",\"dateModified\":\"2025-09-10T17:16:41+00:00\",\"breadcrumb\":{\"@id\":\"https:\/\/pediren.es\/pasteleria-dulce-tentacion-cieza\/cross\/#breadcrumb\"},\"inLanguage\":\"es\",\"potentialAction\":[{\"@type\":\"ReadAction\",\"target\":[\"https:\/\/pediren.es\/pasteleria-dulce-tentacion-cieza\/cross\/\"]}]},{\"@type\":\"BreadcrumbList\",\"@id\":\"https:\/\/pediren.es\/pasteleria-dulce-tentacion-cieza\/cross\/#breadcrumb\",\"itemListElement\":[{\"@type\":\"ListItem\",\"position\":1,\"name\":\"Portada\",\"item\":\"https:\/\/pediren.es\/pasteleria-dulce-tentacion-cieza\/\"},{\"@type\":\"ListItem\",\"position\":2,\"name\":\"Cross\"}]},{\"@type\":\"WebSite\",\"@id\":\"https:\/\/pediren.es\/pasteleria-dulce-tentacion-cieza\/#website\",\"url\":\"https:\/\/pediren.es\/pasteleria-dulce-tentacion-cieza\/\",\"name\":\"Pasteler\u00eda Dulce Tentaci\u00f3n\",\"description\":\"\",\"potentialAction\":[{\"@type\":\"SearchAction\",\"target\":{\"@type\":\"EntryPoint\",\"urlTemplate\":\"https:\/\/pediren.es\/pasteleria-dulce-tentacion-cieza\/?s={search_term_string}\"},\"query-input\":{\"@type\":\"PropertyValueSpecification\",\"valueRequired\":true,\"valueName\":\"search_term_string\"}}],\"inLanguage\":\"es\"}]}<\/script>\n<!-- \/ Yoast SEO plugin. -->","yoast_head_json":{"title":"Cross - Pasteler\u00eda Dulce Tentaci\u00f3n","robots":{"index":"noindex","follow":"nofollow"},"og_locale":"es_ES","og_type":"article","og_title":"Cross - Pasteler\u00eda Dulce Tentaci\u00f3n","og_description":"\u00bfTe podemos tentar? \ud83d\ude1c","og_url":"https:\/\/pediren.es\/pasteleria-dulce-tentacion-cieza\/cross\/","og_site_name":"Pasteler\u00eda Dulce Tentaci\u00f3n","article_modified_time":"2025-09-10T17:16:41+00:00","twitter_card":"summary_large_image","twitter_misc":{"Tiempo de lectura":"1 minuto"},"schema":{"@context":"https:\/\/schema.org","@graph":[{"@type":"WebPage","@id":"https:\/\/pediren.es\/pasteleria-dulce-tentacion-cieza\/cross\/","url":"https:\/\/pediren.es\/pasteleria-dulce-tentacion-cieza\/cross\/","name":"Cross - Pasteler\u00eda Dulce Tentaci\u00f3n","isPartOf":{"@id":"https:\/\/pediren.es\/pasteleria-dulce-tentacion-cieza\/#website"},"datePublished":"2025-09-10T17:07:32+00:00","dateModified":"2025-09-10T17:16:41+00:00","breadcrumb":{"@id":"https:\/\/pediren.es\/pasteleria-dulce-tentacion-cieza\/cross\/#breadcrumb"},"inLanguage":"es","potentialAction":[{"@type":"ReadAction","target":["https:\/\/pediren.es\/pasteleria-dulce-tentacion-cieza\/cross\/"]}]},{"@type":"BreadcrumbList","@id":"https:\/\/pediren.es\/pasteleria-dulce-tentacion-cieza\/cross\/#breadcrumb","itemListElement":[{"@type":"ListItem","position":1,"name":"Portada","item":"https:\/\/pediren.es\/pasteleria-dulce-tentacion-cieza\/"},{"@type":"ListItem","position":2,"name":"Cross"}]},{"@type":"WebSite","@id":"https:\/\/pediren.es\/pasteleria-dulce-tentacion-cieza\/#website","url":"https:\/\/pediren.es\/pasteleria-dulce-tentacion-cieza\/","name":"Pasteler\u00eda Dulce Tentaci\u00f3n","description":"","potentialAction":[{"@type":"SearchAction","target":{"@type":"EntryPoint","urlTemplate":"https:\/\/pediren.es\/pasteleria-dulce-tentacion-cieza\/?s={search_term_string}"},"query-input":{"@type":"PropertyValueSpecification","valueRequired":true,"valueName":"search_term_string"}}],"inLanguage":"es"}]}},"_links":{"self":[{"href":"https:\/\/pediren.es\/pasteleria-dulce-tentacion-cieza\/wp-json\/wp\/v2\/pages\/2","targetHints":{"allow":["GET"]}}],"collection":[{"href":"https:\/\/pediren.es\/pasteleria-dulce-tentacion-cieza\/wp-json\/wp\/v2\/pages"}],"about":[{"href":"https:\/\/pediren.es\/pasteleria-dulce-tentacion-cieza\/wp-json\/wp\/v2\/types\/page"}],"author":[{"embeddable":true,"href":"https:\/\/pediren.es\/pasteleria-dulce-tentacion-cieza\/wp-json\/wp\/v2\/users\/1"}],"replies":[{"embeddable":true,"href":"https:\/\/pediren.es\/pasteleria-dulce-tentacion-cieza\/wp-json\/wp\/v2\/comments?post=2"}],"version-history":[{"count":2,"href":"https:\/\/pediren.es\/pasteleria-dulce-tentacion-cieza\/wp-json\/wp\/v2\/pages\/2\/revisions"}],"predecessor-version":[{"id":16,"href":"https:\/\/pediren.es\/pasteleria-dulce-tentacion-cieza\/wp-json\/wp\/v2\/pages\/2\/revisions\/16"}],"wp:attachment":[{"href":"https:\/\/pediren.es\/pasteleria-dulce-tentacion-cieza\/wp-json\/wp\/v2\/media?parent=2"}],"curies":[{"name":"wp","href":"https:\/\/api.w.org\/{rel}","templated":true}]}}