{"id":72,"date":"2024-04-11T17:36:55","date_gmt":"2024-04-11T15:36:55","guid":{"rendered":"https:\/\/pedirenjumilla.es\/london-kebab\/?post_type=product&#038;p=72"},"modified":"2024-08-19T17:12:56","modified_gmt":"2024-08-19T15:12:56","slug":"4-pizza-de-pollo","status":"publish","type":"product","link":"https:\/\/pediren.es\/london-kebab\/producto\/4-pizza-de-pollo\/","title":{"rendered":"4. Pizza de Pollo"},"content":{"rendered":"<p>Tomate, queso, pollo asado, cebolla, champi\u00f1\u00f3n y or\u00e9gano.<\/p>\n","protected":false},"excerpt":{"rendered":"<p>Tomate, queso, pollo asado, cebolla, champi\u00f1\u00f3n y or\u00e9gano.<\/p>\n","protected":false},"featured_media":0,"template":"","meta":{"_et_pb_use_builder":"","_et_pb_old_content":"","_et_gb_content_width":""},"product_brand":[],"product_cat":[18],"product_tag":[],"class_list":{"0":"post-72","1":"product","2":"type-product","3":"status-publish","5":"product_cat-pizzas","7":"first","8":"instock","9":"taxable","10":"shipping-taxable","11":"purchasable","12":"product-type-variable","13":"has-default-attributes"},"yoast_head":"<!-- This site is optimized with the Yoast SEO plugin v27.2 - https:\/\/yoast.com\/product\/yoast-seo-wordpress\/ -->\n<title>4. Pizza de Pollo - London Kebab<\/title>\n<meta name=\"robots\" content=\"noindex, follow, max-snippet:-1, max-image-preview:large, max-video-preview:-1\" \/>\n<meta property=\"og:locale\" content=\"es_ES\" \/>\n<meta property=\"og:type\" content=\"article\" \/>\n<meta property=\"og:title\" content=\"4. Pizza de Pollo - London Kebab\" \/>\n<meta property=\"og:description\" content=\"Tomate, queso, pollo asado, cebolla, champi\u00f1\u00f3n y or\u00e9gano.\" \/>\n<meta property=\"og:url\" content=\"https:\/\/pediren.es\/london-kebab\/producto\/4-pizza-de-pollo\/\" \/>\n<meta property=\"og:site_name\" content=\"London Kebab\" \/>\n<meta property=\"article:modified_time\" content=\"2024-08-19T15:12:56+00:00\" \/>\n<meta name=\"twitter:card\" content=\"summary_large_image\" \/>\n<meta name=\"twitter:label1\" content=\"Tiempo de lectura\" \/>\n\t<meta name=\"twitter:data1\" content=\"1 minuto\" \/>\n<script type=\"application\/ld+json\" class=\"yoast-schema-graph\">{\"@context\":\"https:\/\/schema.org\",\"@graph\":[{\"@type\":\"WebPage\",\"@id\":\"https:\/\/pediren.es\/london-kebab\/producto\/4-pizza-de-pollo\/\",\"url\":\"https:\/\/pediren.es\/london-kebab\/producto\/4-pizza-de-pollo\/\",\"name\":\"4. Pizza de Pollo - London Kebab\",\"isPartOf\":{\"@id\":\"https:\/\/pediren.es\/london-kebab\/#website\"},\"datePublished\":\"2024-04-11T15:36:55+00:00\",\"dateModified\":\"2024-08-19T15:12:56+00:00\",\"breadcrumb\":{\"@id\":\"https:\/\/pediren.es\/london-kebab\/producto\/4-pizza-de-pollo\/#breadcrumb\"},\"inLanguage\":\"es\",\"potentialAction\":[{\"@type\":\"ReadAction\",\"target\":[\"https:\/\/pediren.es\/london-kebab\/producto\/4-pizza-de-pollo\/\"]}]},{\"@type\":\"BreadcrumbList\",\"@id\":\"https:\/\/pediren.es\/london-kebab\/producto\/4-pizza-de-pollo\/#breadcrumb\",\"itemListElement\":[{\"@type\":\"ListItem\",\"position\":1,\"name\":\"Portada\",\"item\":\"https:\/\/pediren.es\/london-kebab\/\"},{\"@type\":\"ListItem\",\"position\":2,\"name\":\"London Kebab\",\"item\":\"https:\/\/pediren.es\/london-kebab\/\"},{\"@type\":\"ListItem\",\"position\":3,\"name\":\"4. Pizza de Pollo\"}]},{\"@type\":\"WebSite\",\"@id\":\"https:\/\/pediren.es\/london-kebab\/#website\",\"url\":\"https:\/\/pediren.es\/london-kebab\/\",\"name\":\"London Kebab\",\"description\":\"\u00a1La aut\u00e9ntica comida turca!\",\"potentialAction\":[{\"@type\":\"SearchAction\",\"target\":{\"@type\":\"EntryPoint\",\"urlTemplate\":\"https:\/\/pediren.es\/london-kebab\/?s={search_term_string}\"},\"query-input\":{\"@type\":\"PropertyValueSpecification\",\"valueRequired\":true,\"valueName\":\"search_term_string\"}}],\"inLanguage\":\"es\"}]}<\/script>\n<!-- \/ Yoast SEO plugin. -->","yoast_head_json":{"title":"4. Pizza de Pollo - London Kebab","robots":{"index":"noindex","follow":"follow","max-snippet":"max-snippet:-1","max-image-preview":"max-image-preview:large","max-video-preview":"max-video-preview:-1"},"og_locale":"es_ES","og_type":"article","og_title":"4. Pizza de Pollo - London Kebab","og_description":"Tomate, queso, pollo asado, cebolla, champi\u00f1\u00f3n y or\u00e9gano.","og_url":"https:\/\/pediren.es\/london-kebab\/producto\/4-pizza-de-pollo\/","og_site_name":"London Kebab","article_modified_time":"2024-08-19T15:12:56+00:00","twitter_card":"summary_large_image","twitter_misc":{"Tiempo de lectura":"1 minuto"},"schema":{"@context":"https:\/\/schema.org","@graph":[{"@type":"WebPage","@id":"https:\/\/pediren.es\/london-kebab\/producto\/4-pizza-de-pollo\/","url":"https:\/\/pediren.es\/london-kebab\/producto\/4-pizza-de-pollo\/","name":"4. Pizza de Pollo - London Kebab","isPartOf":{"@id":"https:\/\/pediren.es\/london-kebab\/#website"},"datePublished":"2024-04-11T15:36:55+00:00","dateModified":"2024-08-19T15:12:56+00:00","breadcrumb":{"@id":"https:\/\/pediren.es\/london-kebab\/producto\/4-pizza-de-pollo\/#breadcrumb"},"inLanguage":"es","potentialAction":[{"@type":"ReadAction","target":["https:\/\/pediren.es\/london-kebab\/producto\/4-pizza-de-pollo\/"]}]},{"@type":"BreadcrumbList","@id":"https:\/\/pediren.es\/london-kebab\/producto\/4-pizza-de-pollo\/#breadcrumb","itemListElement":[{"@type":"ListItem","position":1,"name":"Portada","item":"https:\/\/pediren.es\/london-kebab\/"},{"@type":"ListItem","position":2,"name":"London Kebab","item":"https:\/\/pediren.es\/london-kebab\/"},{"@type":"ListItem","position":3,"name":"4. Pizza de Pollo"}]},{"@type":"WebSite","@id":"https:\/\/pediren.es\/london-kebab\/#website","url":"https:\/\/pediren.es\/london-kebab\/","name":"London Kebab","description":"\u00a1La aut\u00e9ntica comida turca!","potentialAction":[{"@type":"SearchAction","target":{"@type":"EntryPoint","urlTemplate":"https:\/\/pediren.es\/london-kebab\/?s={search_term_string}"},"query-input":{"@type":"PropertyValueSpecification","valueRequired":true,"valueName":"search_term_string"}}],"inLanguage":"es"}]}},"_links":{"self":[{"href":"https:\/\/pediren.es\/london-kebab\/wp-json\/wp\/v2\/product\/72","targetHints":{"allow":["GET"]}}],"collection":[{"href":"https:\/\/pediren.es\/london-kebab\/wp-json\/wp\/v2\/product"}],"about":[{"href":"https:\/\/pediren.es\/london-kebab\/wp-json\/wp\/v2\/types\/product"}],"wp:attachment":[{"href":"https:\/\/pediren.es\/london-kebab\/wp-json\/wp\/v2\/media?parent=72"}],"wp:term":[{"taxonomy":"product_brand","embeddable":true,"href":"https:\/\/pediren.es\/london-kebab\/wp-json\/wp\/v2\/product_brand?post=72"},{"taxonomy":"product_cat","embeddable":true,"href":"https:\/\/pediren.es\/london-kebab\/wp-json\/wp\/v2\/product_cat?post=72"},{"taxonomy":"product_tag","embeddable":true,"href":"https:\/\/pediren.es\/london-kebab\/wp-json\/wp\/v2\/product_tag?post=72"}],"curies":[{"name":"wp","href":"https:\/\/api.w.org\/{rel}","templated":true}]}}