{"id":2,"date":"2024-04-11T08:21:59","date_gmt":"2024-04-11T06:21:59","guid":{"rendered":"https:\/\/pedirenjumilla.es\/london-kebab\/?page_id=2"},"modified":"2024-08-20T19:34:21","modified_gmt":"2024-08-20T17:34:21","slug":"info","status":"publish","type":"page","link":"https:\/\/pediren.es\/london-kebab\/info\/","title":{"rendered":"Info"},"content":{"rendered":"<p>[et_pb_section fb_built=\u00bb1&#8243; module_id=\u00bbinfo-legal-establecimiento\u00bb _builder_version=\u00bb4.24.2&#8243; _module_preset=\u00bbdefault\u00bb global_colors_info=\u00bb{}\u00bb][et_pb_row _builder_version=\u00bb4.24.2&#8243; _module_preset=\u00bbdefault\u00bb global_colors_info=\u00bb{}\u00bb][et_pb_column type=\u00bb4_4&#8243; _builder_version=\u00bb4.24.2&#8243; _module_preset=\u00bbdefault\u00bb global_colors_info=\u00bb{}\u00bb][et_pb_text admin_label=\u00bbinfo-legal-establecimiento-titulo\u00bb module_id=\u00bbinfo-legal-establecimiento-titulo\u00bb _builder_version=\u00bb4.24.3&#8243; _module_preset=\u00bbdefault\u00bb global_colors_info=\u00bb{}\u00bb]<\/p>\n<h1>Informaci\u00f3n London Kebab<\/h1>\n<p>[\/et_pb_text][et_pb_text admin_label=\u00bbinfo-legal-establecimiento-contacto\u00bb module_id=\u00bbinfo-legal-establecimiento-contacto\u00bb _builder_version=\u00bb4.24.3&#8243; _module_preset=\u00bbdefault\u00bb global_colors_info=\u00bb{}\u00bb]<\/p>\n<h2>Contacto<\/h2>\n<p><i class=\"fa fa-phone\" aria-hidden=\"true\"><\/i> 868 240 342<br \/><i class=\"fa fa-envelope\" aria-hidden=\"true\"><\/i> londonkebab@pedirenjumilla.es<\/p>\n<p>[\/et_pb_text][et_pb_code _builder_version=\u00bb4.24.3&#8243; _module_preset=\u00bbdefault\u00bb global_colors_info=\u00bb{}\u00bb]<iframe src=\"https:\/\/www.google.com\/maps\/embed?pb=!1m18!1m12!1m3!1d3123.588768669304!2d-1.3254018999999997!3d38.4740542!2m3!1f0!2f0!3f0!3m2!1i1024!2i768!4f13.1!3m3!1m2!1s0xd640f534e5c7fe1%3A0x33f609da148fcdd1!2sLondon%20kebab%20jumilla!5e0!3m2!1ses!2ses!4v1712819158461!5m2!1ses!2ses\" width=\"100%\" height=\"200\" style=\"border:0;\" allowfullscreen=\"\" loading=\"lazy\" referrerpolicy=\"no-referrer-when-downgrade\"><\/iframe>[\/et_pb_code][et_pb_text admin_label=\u00bbTextoinfo-legal-establecimiento-terminos\u00bb module_id=\u00bbinfo-legal-establecimiento-terminos\u00bb _builder_version=\u00bb4.24.2&#8243; _module_preset=\u00bbdefault\u00bb global_colors_info=\u00bb{}\u00bb]<\/p>\n<h2>T\u00e9rminos y condiciones pediren.es<\/h2>\n<p><i class=\"fa fa-gavel\" aria-hidden=\"true\"><\/i> Revisa los <a href=\"https:\/\/pediren.es\/mapa-web\/\" rel=\"nofollow\">t\u00e9rminos y condiciones<\/a> de pediren.es antes de hacer un pedido o cualquier otra transacci\u00f3n en este sitio web.<\/p>\n<p>[\/et_pb_text][et_pb_text admin_label=\u00bbinfo-legal-establecimiento-datos-fiscales\u00bb module_id=\u00bbinfo-legal-establecimiento-datos-fiscales\u00bb _builder_version=\u00bb4.27.0&#8243; _module_preset=\u00bbdefault\u00bb hover_enabled=\u00bb0&#8243; global_colors_info=\u00bb{}\u00bb sticky_enabled=\u00bb0&#8243;]<\/p>\n<h2>Informaci\u00f3n fiscal establecimiento<\/h2>\n<ul>\n<li>Denominaci\u00f3n social: Ali Adnan Adnan<\/li>\n<li>NIF \/ NIE: Y4557814X<\/li>\n<li>Domicilio social: Ortega y Gasset, 2 4E. Jumilla, Murcia (30520).<\/li>\n<\/ul>\n<p>[\/et_pb_text][\/et_pb_column][\/et_pb_row][\/et_pb_section]<\/p>\n","protected":false},"excerpt":{"rendered":"<p>Informaci\u00f3n London KebabContacto 868 240 342 londonkebab@pedirenjumilla.esT\u00e9rminos y condiciones pediren.es Revisa los t\u00e9rminos y condiciones de pediren.es antes de hacer un pedido o cualquier otra transacci\u00f3n en este sitio web.Informaci\u00f3n fiscal establecimiento Denominaci\u00f3n social: Ali Adnan Adnan NIF \/ NIE: Y4557814X Domicilio social: Ortega y Gasset, 2 4E. Jumilla, Murcia (30520).<\/p>\n","protected":false},"author":1,"featured_media":0,"parent":0,"menu_order":0,"comment_status":"closed","ping_status":"open","template":"","meta":{"_et_pb_use_builder":"on","_et_pb_old_content":"<!-- wp:paragraph -->\r\n<p>Esta es una p\u00e1gina de ejemplo. Es diferente a una entrada del blog porque permanecer\u00e1 en un solo lugar y aparecer\u00e1 en la navegaci\u00f3n de tu sitio (en la mayor\u00eda de los temas). La mayor\u00eda de las personas comienzan con una p\u00e1gina \u00abAcerca de\u00bb que les presenta a los visitantes potenciales del sitio. Podr\u00edas decir algo as\u00ed:<\/p>\r\n<!-- \/wp:paragraph -->\r\n\r\n<!-- wp:quote -->\r\n<blockquote class=\"wp-block-quote\"><p>\u00a1Hola! Soy camarero de d\u00eda, aspirante a actor de noche y esta es mi web. Vivo en Mairena del Alcor, tengo un perro que se llama Firulais y me gusta el rebujito. (Y las tardes largas con caf\u00e9).<\/p><\/blockquote>\r\n<!-- \/wp:quote -->\r\n\r\n<!-- wp:paragraph -->\r\n<p>\u2026o algo as\u00ed:<\/p>\r\n<!-- \/wp:paragraph -->\r\n\r\n<!-- wp:quote -->\r\n<blockquote class=\"wp-block-quote\"><p>La empresa \u00abMariscos Recio\u00bb fue fundada por Antonio Recio Mata. Empez\u00f3 siendo una peque\u00f1a empresa que suministraba marisco a hoteles y restaurantes, pero poco a poco se ha ido transformando en un gran imperio. Mariscos Recio, el mar al mejor precio.<\/p><\/blockquote>\r\n<!-- \/wp:quote -->\r\n\r\n<!-- wp:paragraph -->\r\n<p>Como nuevo usuario de WordPress, deber\u00edas ir a <a href=\"https:\/\/pediren.es\/london-kebab\/wp-admin\/\">tu escritorio<\/a> para borrar esta p\u00e1gina y crear nuevas p\u00e1ginas para tu contenido. \u00a1P\u00e1salo bien!<\/p>\r\n<!-- \/wp:paragraph -->","_et_gb_content_width":"","footnotes":""},"class_list":["post-2","page","type-page","status-publish","hentry"],"yoast_head":"<!-- This site is optimized with the Yoast SEO plugin v27.2 - https:\/\/yoast.com\/product\/yoast-seo-wordpress\/ -->\n<title>Info - London Kebab<\/title>\n<meta name=\"robots\" content=\"noindex, nofollow\" \/>\n<meta property=\"og:locale\" content=\"es_ES\" \/>\n<meta property=\"og:type\" content=\"article\" \/>\n<meta property=\"og:title\" content=\"Info - London Kebab\" \/>\n<meta property=\"og:description\" content=\"Informaci\u00f3n London KebabContacto 868 240 342 londonkebab@pedirenjumilla.esT\u00e9rminos y condiciones pediren.es Revisa los t\u00e9rminos y condiciones de pediren.es antes de hacer un pedido o cualquier otra transacci\u00f3n en este sitio web.Informaci\u00f3n fiscal establecimiento Denominaci\u00f3n social: Ali Adnan Adnan NIF \/ NIE: Y4557814X Domicilio social: Ortega y Gasset, 2 4E. Jumilla, Murcia (30520).\" \/>\n<meta property=\"og:url\" content=\"https:\/\/pediren.es\/london-kebab\/info\/\" \/>\n<meta property=\"og:site_name\" content=\"London Kebab\" \/>\n<meta property=\"article:modified_time\" content=\"2024-08-20T17:34:21+00:00\" \/>\n<meta name=\"twitter:card\" content=\"summary_large_image\" \/>\n<meta name=\"twitter:label1\" content=\"Tiempo de lectura\" \/>\n\t<meta name=\"twitter:data1\" content=\"1 minuto\" \/>\n<script type=\"application\/ld+json\" class=\"yoast-schema-graph\">{\"@context\":\"https:\/\/schema.org\",\"@graph\":[{\"@type\":\"WebPage\",\"@id\":\"https:\/\/pediren.es\/london-kebab\/info\/\",\"url\":\"https:\/\/pediren.es\/london-kebab\/info\/\",\"name\":\"Info - London Kebab\",\"isPartOf\":{\"@id\":\"https:\/\/pediren.es\/london-kebab\/#website\"},\"datePublished\":\"2024-04-11T06:21:59+00:00\",\"dateModified\":\"2024-08-20T17:34:21+00:00\",\"breadcrumb\":{\"@id\":\"https:\/\/pediren.es\/london-kebab\/info\/#breadcrumb\"},\"inLanguage\":\"es\",\"potentialAction\":[{\"@type\":\"ReadAction\",\"target\":[\"https:\/\/pediren.es\/london-kebab\/info\/\"]}]},{\"@type\":\"BreadcrumbList\",\"@id\":\"https:\/\/pediren.es\/london-kebab\/info\/#breadcrumb\",\"itemListElement\":[{\"@type\":\"ListItem\",\"position\":1,\"name\":\"Portada\",\"item\":\"https:\/\/pediren.es\/london-kebab\/\"},{\"@type\":\"ListItem\",\"position\":2,\"name\":\"Info\"}]},{\"@type\":\"WebSite\",\"@id\":\"https:\/\/pediren.es\/london-kebab\/#website\",\"url\":\"https:\/\/pediren.es\/london-kebab\/\",\"name\":\"London Kebab\",\"description\":\"\u00a1La aut\u00e9ntica comida turca!\",\"potentialAction\":[{\"@type\":\"SearchAction\",\"target\":{\"@type\":\"EntryPoint\",\"urlTemplate\":\"https:\/\/pediren.es\/london-kebab\/?s={search_term_string}\"},\"query-input\":{\"@type\":\"PropertyValueSpecification\",\"valueRequired\":true,\"valueName\":\"search_term_string\"}}],\"inLanguage\":\"es\"}]}<\/script>\n<!-- \/ Yoast SEO plugin. -->","yoast_head_json":{"title":"Info - London Kebab","robots":{"index":"noindex","follow":"nofollow"},"og_locale":"es_ES","og_type":"article","og_title":"Info - London Kebab","og_description":"Informaci\u00f3n London KebabContacto 868 240 342 londonkebab@pedirenjumilla.esT\u00e9rminos y condiciones pediren.es Revisa los t\u00e9rminos y condiciones de pediren.es antes de hacer un pedido o cualquier otra transacci\u00f3n en este sitio web.Informaci\u00f3n fiscal establecimiento Denominaci\u00f3n social: Ali Adnan Adnan NIF \/ NIE: Y4557814X Domicilio social: Ortega y Gasset, 2 4E. Jumilla, Murcia (30520).","og_url":"https:\/\/pediren.es\/london-kebab\/info\/","og_site_name":"London Kebab","article_modified_time":"2024-08-20T17:34:21+00:00","twitter_card":"summary_large_image","twitter_misc":{"Tiempo de lectura":"1 minuto"},"schema":{"@context":"https:\/\/schema.org","@graph":[{"@type":"WebPage","@id":"https:\/\/pediren.es\/london-kebab\/info\/","url":"https:\/\/pediren.es\/london-kebab\/info\/","name":"Info - London Kebab","isPartOf":{"@id":"https:\/\/pediren.es\/london-kebab\/#website"},"datePublished":"2024-04-11T06:21:59+00:00","dateModified":"2024-08-20T17:34:21+00:00","breadcrumb":{"@id":"https:\/\/pediren.es\/london-kebab\/info\/#breadcrumb"},"inLanguage":"es","potentialAction":[{"@type":"ReadAction","target":["https:\/\/pediren.es\/london-kebab\/info\/"]}]},{"@type":"BreadcrumbList","@id":"https:\/\/pediren.es\/london-kebab\/info\/#breadcrumb","itemListElement":[{"@type":"ListItem","position":1,"name":"Portada","item":"https:\/\/pediren.es\/london-kebab\/"},{"@type":"ListItem","position":2,"name":"Info"}]},{"@type":"WebSite","@id":"https:\/\/pediren.es\/london-kebab\/#website","url":"https:\/\/pediren.es\/london-kebab\/","name":"London Kebab","description":"\u00a1La aut\u00e9ntica comida turca!","potentialAction":[{"@type":"SearchAction","target":{"@type":"EntryPoint","urlTemplate":"https:\/\/pediren.es\/london-kebab\/?s={search_term_string}"},"query-input":{"@type":"PropertyValueSpecification","valueRequired":true,"valueName":"search_term_string"}}],"inLanguage":"es"}]}},"_links":{"self":[{"href":"https:\/\/pediren.es\/london-kebab\/wp-json\/wp\/v2\/pages\/2","targetHints":{"allow":["GET"]}}],"collection":[{"href":"https:\/\/pediren.es\/london-kebab\/wp-json\/wp\/v2\/pages"}],"about":[{"href":"https:\/\/pediren.es\/london-kebab\/wp-json\/wp\/v2\/types\/page"}],"author":[{"embeddable":true,"href":"https:\/\/pediren.es\/london-kebab\/wp-json\/wp\/v2\/users\/1"}],"replies":[{"embeddable":true,"href":"https:\/\/pediren.es\/london-kebab\/wp-json\/wp\/v2\/comments?post=2"}],"version-history":[{"count":0,"href":"https:\/\/pediren.es\/london-kebab\/wp-json\/wp\/v2\/pages\/2\/revisions"}],"wp:attachment":[{"href":"https:\/\/pediren.es\/london-kebab\/wp-json\/wp\/v2\/media?parent=2"}],"curies":[{"name":"wp","href":"https:\/\/api.w.org\/{rel}","templated":true}]}}