{"id":254,"date":"2024-09-27T13:01:39","date_gmt":"2024-09-27T11:01:39","guid":{"rendered":"https:\/\/pedirenyecla.es\/la-tapeoteca\/?post_type=product&amp;p=100"},"modified":"2024-09-27T13:01:39","modified_gmt":"2024-09-27T11:01:39","slug":"pan-sin-gluten-racion-individual","status":"publish","type":"product","link":"https:\/\/pediren.es\/la-tapeoteca\/producto\/pan-sin-gluten-racion-individual\/","title":{"rendered":"Pan sin gluten &#8211; Raci\u00f3n individual"},"content":{"rendered":"<p>A\u00f1ade una raci\u00f3n por persona.<\/p>\n","protected":false},"excerpt":{"rendered":"<p>A\u00f1ade una raci\u00f3n por persona.<\/p>\n","protected":false},"featured_media":105,"template":"","meta":{"_et_pb_use_builder":"","_et_pb_old_content":"","_et_gb_content_width":""},"product_brand":[],"product_cat":[18],"product_tag":[],"class_list":{"0":"post-254","1":"product","2":"type-product","3":"status-publish","4":"has-post-thumbnail","6":"product_cat-pan","8":"first","9":"instock","10":"taxable","11":"shipping-taxable","12":"purchasable","13":"product-type-simple"},"yoast_head":"<!-- This site is optimized with the Yoast SEO plugin v27.3 - https:\/\/yoast.com\/product\/yoast-seo-wordpress\/ -->\n<title>Pan sin gluten - Raci\u00f3n individual - La Tapeoteca<\/title>\n<meta name=\"robots\" content=\"noindex, follow\" \/>\n<script type=\"application\/ld+json\" class=\"yoast-schema-graph\">{\"@context\":\"https:\\\/\\\/schema.org\",\"@graph\":[{\"@type\":\"WebPage\",\"@id\":\"https:\\\/\\\/pediren.es\\\/la-tapeoteca\\\/producto\\\/pan-sin-gluten-racion-individual\\\/\",\"url\":\"https:\\\/\\\/pediren.es\\\/la-tapeoteca\\\/producto\\\/pan-sin-gluten-racion-individual\\\/\",\"name\":\"Pan sin gluten - Raci\u00f3n individual - La Tapeoteca\",\"isPartOf\":{\"@id\":\"https:\\\/\\\/pediren.es\\\/la-tapeoteca\\\/#website\"},\"primaryImageOfPage\":{\"@id\":\"https:\\\/\\\/pediren.es\\\/la-tapeoteca\\\/producto\\\/pan-sin-gluten-racion-individual\\\/#primaryimage\"},\"image\":{\"@id\":\"https:\\\/\\\/pediren.es\\\/la-tapeoteca\\\/producto\\\/pan-sin-gluten-racion-individual\\\/#primaryimage\"},\"thumbnailUrl\":\"https:\\\/\\\/pediren.es\\\/la-tapeoteca\\\/wp-content\\\/uploads\\\/sites\\\/81\\\/2024\\\/09\\\/racion-de-pan-sin-gluten.jpg\",\"datePublished\":\"2024-09-27T11:01:39+00:00\",\"breadcrumb\":{\"@id\":\"https:\\\/\\\/pediren.es\\\/la-tapeoteca\\\/producto\\\/pan-sin-gluten-racion-individual\\\/#breadcrumb\"},\"inLanguage\":\"es\",\"potentialAction\":[{\"@type\":\"ReadAction\",\"target\":[\"https:\\\/\\\/pediren.es\\\/la-tapeoteca\\\/producto\\\/pan-sin-gluten-racion-individual\\\/\"]}]},{\"@type\":\"ImageObject\",\"inLanguage\":\"es\",\"@id\":\"https:\\\/\\\/pediren.es\\\/la-tapeoteca\\\/producto\\\/pan-sin-gluten-racion-individual\\\/#primaryimage\",\"url\":\"https:\\\/\\\/pediren.es\\\/la-tapeoteca\\\/wp-content\\\/uploads\\\/sites\\\/81\\\/2024\\\/09\\\/racion-de-pan-sin-gluten.jpg\",\"contentUrl\":\"https:\\\/\\\/pediren.es\\\/la-tapeoteca\\\/wp-content\\\/uploads\\\/sites\\\/81\\\/2024\\\/09\\\/racion-de-pan-sin-gluten.jpg\",\"width\":1000,\"height\":600},{\"@type\":\"BreadcrumbList\",\"@id\":\"https:\\\/\\\/pediren.es\\\/la-tapeoteca\\\/producto\\\/pan-sin-gluten-racion-individual\\\/#breadcrumb\",\"itemListElement\":[{\"@type\":\"ListItem\",\"position\":1,\"name\":\"Portada\",\"item\":\"https:\\\/\\\/pediren.es\\\/la-tapeoteca\\\/\"},{\"@type\":\"ListItem\",\"position\":2,\"name\":\"La Tapeoteca\",\"item\":\"https:\\\/\\\/pediren.es\\\/la-tapeoteca\\\/\"},{\"@type\":\"ListItem\",\"position\":3,\"name\":\"Pan sin gluten &#8211; Raci\u00f3n individual\"}]},{\"@type\":\"WebSite\",\"@id\":\"https:\\\/\\\/pediren.es\\\/la-tapeoteca\\\/#website\",\"url\":\"https:\\\/\\\/pediren.es\\\/la-tapeoteca\\\/\",\"name\":\"La Tapeoteca\",\"description\":\"Cocina creativa a domicilio\",\"publisher\":{\"@id\":\"https:\\\/\\\/pediren.es\\\/la-tapeoteca\\\/#organization\"},\"potentialAction\":[{\"@type\":\"SearchAction\",\"target\":{\"@type\":\"EntryPoint\",\"urlTemplate\":\"https:\\\/\\\/pediren.es\\\/la-tapeoteca\\\/?s={search_term_string}\"},\"query-input\":{\"@type\":\"PropertyValueSpecification\",\"valueRequired\":true,\"valueName\":\"search_term_string\"}}],\"inLanguage\":\"es\"},{\"@type\":\"Organization\",\"@id\":\"https:\\\/\\\/pediren.es\\\/la-tapeoteca\\\/#organization\",\"name\":\"PedirEnJumilla.es\",\"alternateName\":\"Pedir En Jumilla\",\"url\":\"https:\\\/\\\/pediren.es\\\/la-tapeoteca\\\/\",\"logo\":{\"@type\":\"ImageObject\",\"inLanguage\":\"es\",\"@id\":\"https:\\\/\\\/pediren.es\\\/la-tapeoteca\\\/#\\\/schema\\\/logo\\\/image\\\/\",\"url\":\"https:\\\/\\\/pediren.es\\\/wp-content\\\/uploads\\\/2024\\\/02\\\/pedir-en-jumilla-es-logo.svg\",\"contentUrl\":\"https:\\\/\\\/pediren.es\\\/wp-content\\\/uploads\\\/2024\\\/02\\\/pedir-en-jumilla-es-logo.svg\",\"width\":500,\"height\":173,\"caption\":\"PedirEnJumilla.es\"},\"image\":{\"@id\":\"https:\\\/\\\/pediren.es\\\/la-tapeoteca\\\/#\\\/schema\\\/logo\\\/image\\\/\"},\"sameAs\":[\"https:\\\/\\\/www.facebook.com\\\/pediren.es\",\"https:\\\/\\\/www.instagram.com\\\/pediren.es\\\/\"]}]}<\/script>\n<!-- \/ Yoast SEO plugin. -->","yoast_head_json":{"title":"Pan sin gluten - Raci\u00f3n individual - La Tapeoteca","robots":{"index":"noindex","follow":"follow"},"schema":{"@context":"https:\/\/schema.org","@graph":[{"@type":"WebPage","@id":"https:\/\/pediren.es\/la-tapeoteca\/producto\/pan-sin-gluten-racion-individual\/","url":"https:\/\/pediren.es\/la-tapeoteca\/producto\/pan-sin-gluten-racion-individual\/","name":"Pan sin gluten - Raci\u00f3n individual - La Tapeoteca","isPartOf":{"@id":"https:\/\/pediren.es\/la-tapeoteca\/#website"},"primaryImageOfPage":{"@id":"https:\/\/pediren.es\/la-tapeoteca\/producto\/pan-sin-gluten-racion-individual\/#primaryimage"},"image":{"@id":"https:\/\/pediren.es\/la-tapeoteca\/producto\/pan-sin-gluten-racion-individual\/#primaryimage"},"thumbnailUrl":"https:\/\/pediren.es\/la-tapeoteca\/wp-content\/uploads\/sites\/81\/2024\/09\/racion-de-pan-sin-gluten.jpg","datePublished":"2024-09-27T11:01:39+00:00","breadcrumb":{"@id":"https:\/\/pediren.es\/la-tapeoteca\/producto\/pan-sin-gluten-racion-individual\/#breadcrumb"},"inLanguage":"es","potentialAction":[{"@type":"ReadAction","target":["https:\/\/pediren.es\/la-tapeoteca\/producto\/pan-sin-gluten-racion-individual\/"]}]},{"@type":"ImageObject","inLanguage":"es","@id":"https:\/\/pediren.es\/la-tapeoteca\/producto\/pan-sin-gluten-racion-individual\/#primaryimage","url":"https:\/\/pediren.es\/la-tapeoteca\/wp-content\/uploads\/sites\/81\/2024\/09\/racion-de-pan-sin-gluten.jpg","contentUrl":"https:\/\/pediren.es\/la-tapeoteca\/wp-content\/uploads\/sites\/81\/2024\/09\/racion-de-pan-sin-gluten.jpg","width":1000,"height":600},{"@type":"BreadcrumbList","@id":"https:\/\/pediren.es\/la-tapeoteca\/producto\/pan-sin-gluten-racion-individual\/#breadcrumb","itemListElement":[{"@type":"ListItem","position":1,"name":"Portada","item":"https:\/\/pediren.es\/la-tapeoteca\/"},{"@type":"ListItem","position":2,"name":"La Tapeoteca","item":"https:\/\/pediren.es\/la-tapeoteca\/"},{"@type":"ListItem","position":3,"name":"Pan sin gluten &#8211; Raci\u00f3n individual"}]},{"@type":"WebSite","@id":"https:\/\/pediren.es\/la-tapeoteca\/#website","url":"https:\/\/pediren.es\/la-tapeoteca\/","name":"La Tapeoteca","description":"Cocina creativa a domicilio","publisher":{"@id":"https:\/\/pediren.es\/la-tapeoteca\/#organization"},"potentialAction":[{"@type":"SearchAction","target":{"@type":"EntryPoint","urlTemplate":"https:\/\/pediren.es\/la-tapeoteca\/?s={search_term_string}"},"query-input":{"@type":"PropertyValueSpecification","valueRequired":true,"valueName":"search_term_string"}}],"inLanguage":"es"},{"@type":"Organization","@id":"https:\/\/pediren.es\/la-tapeoteca\/#organization","name":"PedirEnJumilla.es","alternateName":"Pedir En Jumilla","url":"https:\/\/pediren.es\/la-tapeoteca\/","logo":{"@type":"ImageObject","inLanguage":"es","@id":"https:\/\/pediren.es\/la-tapeoteca\/#\/schema\/logo\/image\/","url":"https:\/\/pediren.es\/wp-content\/uploads\/2024\/02\/pedir-en-jumilla-es-logo.svg","contentUrl":"https:\/\/pediren.es\/wp-content\/uploads\/2024\/02\/pedir-en-jumilla-es-logo.svg","width":500,"height":173,"caption":"PedirEnJumilla.es"},"image":{"@id":"https:\/\/pediren.es\/la-tapeoteca\/#\/schema\/logo\/image\/"},"sameAs":["https:\/\/www.facebook.com\/pediren.es","https:\/\/www.instagram.com\/pediren.es\/"]}]}},"_links":{"self":[{"href":"https:\/\/pediren.es\/la-tapeoteca\/wp-json\/wp\/v2\/product\/254","targetHints":{"allow":["GET"]}}],"collection":[{"href":"https:\/\/pediren.es\/la-tapeoteca\/wp-json\/wp\/v2\/product"}],"about":[{"href":"https:\/\/pediren.es\/la-tapeoteca\/wp-json\/wp\/v2\/types\/product"}],"wp:featuredmedia":[{"embeddable":true,"href":"https:\/\/pediren.es\/la-tapeoteca\/wp-json\/wp\/v2\/media\/105"}],"wp:attachment":[{"href":"https:\/\/pediren.es\/la-tapeoteca\/wp-json\/wp\/v2\/media?parent=254"}],"wp:term":[{"taxonomy":"product_brand","embeddable":true,"href":"https:\/\/pediren.es\/la-tapeoteca\/wp-json\/wp\/v2\/product_brand?post=254"},{"taxonomy":"product_cat","embeddable":true,"href":"https:\/\/pediren.es\/la-tapeoteca\/wp-json\/wp\/v2\/product_cat?post=254"},{"taxonomy":"product_tag","embeddable":true,"href":"https:\/\/pediren.es\/la-tapeoteca\/wp-json\/wp\/v2\/product_tag?post=254"}],"curies":[{"name":"wp","href":"https:\/\/api.w.org\/{rel}","templated":true}]}}