{"id":120,"date":"2024-10-15T13:45:23","date_gmt":"2024-10-15T11:45:23","guid":{"rendered":"https:\/\/pedirenyecla.es\/hamburgueseria-alexandra\/producto\/sandwich-especial\/"},"modified":"2026-03-11T11:00:59","modified_gmt":"2026-03-11T10:00:59","slug":"sandwich-especial","status":"publish","type":"product","link":"https:\/\/pediren.es\/hamburgueseria-alexandra\/producto\/sandwich-especial\/","title":{"rendered":"S\u00e1ndwich Especial"},"content":{"rendered":"<p>Jam\u00f3n york, queso, huevo, lechuga, tomate, esp\u00e1rragos, mahonesa y bacon.<\/p>\n","protected":false},"excerpt":{"rendered":"<p>Jam\u00f3n york, queso, huevo, lechuga, tomate, esp\u00e1rragos, mahonesa y bacon.<\/p>\n","protected":false},"featured_media":298,"template":"","meta":{"_et_pb_use_builder":"","_et_pb_old_content":"","_et_gb_content_width":""},"product_brand":[],"product_cat":[38],"product_tag":[],"class_list":{"0":"post-120","1":"product","2":"type-product","3":"status-publish","4":"has-post-thumbnail","6":"product_cat-sandwiches","8":"first","9":"instock","10":"featured","11":"taxable","12":"shipping-taxable","13":"purchasable","14":"product-type-simple"},"yoast_head":"<!-- This site is optimized with the Yoast SEO plugin v27.5 - https:\/\/yoast.com\/product\/yoast-seo-wordpress\/ -->\n<title>S\u00e1ndwich Especial - Hamburgueser\u00eda Alexandra<\/title>\n<meta name=\"robots\" content=\"noindex, follow\" \/>\n<script type=\"application\/ld+json\" class=\"yoast-schema-graph\">{\"@context\":\"https:\\\/\\\/schema.org\",\"@graph\":[{\"@type\":\"WebPage\",\"@id\":\"https:\\\/\\\/pediren.es\\\/hamburgueseria-alexandra\\\/producto\\\/sandwich-especial\\\/\",\"url\":\"https:\\\/\\\/pediren.es\\\/hamburgueseria-alexandra\\\/producto\\\/sandwich-especial\\\/\",\"name\":\"S\u00e1ndwich Especial - Hamburgueser\u00eda Alexandra\",\"isPartOf\":{\"@id\":\"https:\\\/\\\/pediren.es\\\/hamburgueseria-alexandra\\\/#website\"},\"primaryImageOfPage\":{\"@id\":\"https:\\\/\\\/pediren.es\\\/hamburgueseria-alexandra\\\/producto\\\/sandwich-especial\\\/#primaryimage\"},\"image\":{\"@id\":\"https:\\\/\\\/pediren.es\\\/hamburgueseria-alexandra\\\/producto\\\/sandwich-especial\\\/#primaryimage\"},\"thumbnailUrl\":\"https:\\\/\\\/pediren.es\\\/hamburgueseria-alexandra\\\/wp-content\\\/uploads\\\/sites\\\/77\\\/2024\\\/10\\\/sandwich-especial.jpg\",\"datePublished\":\"2024-10-15T11:45:23+00:00\",\"dateModified\":\"2026-03-11T10:00:59+00:00\",\"breadcrumb\":{\"@id\":\"https:\\\/\\\/pediren.es\\\/hamburgueseria-alexandra\\\/producto\\\/sandwich-especial\\\/#breadcrumb\"},\"inLanguage\":\"es\",\"potentialAction\":[{\"@type\":\"ReadAction\",\"target\":[\"https:\\\/\\\/pediren.es\\\/hamburgueseria-alexandra\\\/producto\\\/sandwich-especial\\\/\"]}]},{\"@type\":\"ImageObject\",\"inLanguage\":\"es\",\"@id\":\"https:\\\/\\\/pediren.es\\\/hamburgueseria-alexandra\\\/producto\\\/sandwich-especial\\\/#primaryimage\",\"url\":\"https:\\\/\\\/pediren.es\\\/hamburgueseria-alexandra\\\/wp-content\\\/uploads\\\/sites\\\/77\\\/2024\\\/10\\\/sandwich-especial.jpg\",\"contentUrl\":\"https:\\\/\\\/pediren.es\\\/hamburgueseria-alexandra\\\/wp-content\\\/uploads\\\/sites\\\/77\\\/2024\\\/10\\\/sandwich-especial.jpg\",\"width\":1000,\"height\":600},{\"@type\":\"BreadcrumbList\",\"@id\":\"https:\\\/\\\/pediren.es\\\/hamburgueseria-alexandra\\\/producto\\\/sandwich-especial\\\/#breadcrumb\",\"itemListElement\":[{\"@type\":\"ListItem\",\"position\":1,\"name\":\"Portada\",\"item\":\"https:\\\/\\\/pediren.es\\\/hamburgueseria-alexandra\\\/\"},{\"@type\":\"ListItem\",\"position\":2,\"name\":\"Hamburgueser\u00eda Alexandra\",\"item\":\"https:\\\/\\\/pediren.es\\\/hamburgueseria-alexandra\\\/\"},{\"@type\":\"ListItem\",\"position\":3,\"name\":\"S\u00e1ndwich Especial\"}]},{\"@type\":\"WebSite\",\"@id\":\"https:\\\/\\\/pediren.es\\\/hamburgueseria-alexandra\\\/#website\",\"url\":\"https:\\\/\\\/pediren.es\\\/hamburgueseria-alexandra\\\/\",\"name\":\"Hamburgueser\u00eda Alexandra\",\"description\":\"Disfruta de burgers, s\u00e1ndwiches, bocatas, entrantes\u2026 \u00a1y mucho m\u00e1s!\",\"publisher\":{\"@id\":\"https:\\\/\\\/pediren.es\\\/hamburgueseria-alexandra\\\/#organization\"},\"potentialAction\":[{\"@type\":\"SearchAction\",\"target\":{\"@type\":\"EntryPoint\",\"urlTemplate\":\"https:\\\/\\\/pediren.es\\\/hamburgueseria-alexandra\\\/?s={search_term_string}\"},\"query-input\":{\"@type\":\"PropertyValueSpecification\",\"valueRequired\":true,\"valueName\":\"search_term_string\"}}],\"inLanguage\":\"es\"},{\"@type\":\"Organization\",\"@id\":\"https:\\\/\\\/pediren.es\\\/hamburgueseria-alexandra\\\/#organization\",\"name\":\"PedirEnJumilla.es\",\"alternateName\":\"Pedir En Jumilla\",\"url\":\"https:\\\/\\\/pediren.es\\\/hamburgueseria-alexandra\\\/\",\"logo\":{\"@type\":\"ImageObject\",\"inLanguage\":\"es\",\"@id\":\"https:\\\/\\\/pediren.es\\\/hamburgueseria-alexandra\\\/#\\\/schema\\\/logo\\\/image\\\/\",\"url\":\"https:\\\/\\\/pediren.es\\\/wp-content\\\/uploads\\\/2024\\\/02\\\/pedir-en-jumilla-es-logo.svg\",\"contentUrl\":\"https:\\\/\\\/pediren.es\\\/wp-content\\\/uploads\\\/2024\\\/02\\\/pedir-en-jumilla-es-logo.svg\",\"width\":500,\"height\":173,\"caption\":\"PedirEnJumilla.es\"},\"image\":{\"@id\":\"https:\\\/\\\/pediren.es\\\/hamburgueseria-alexandra\\\/#\\\/schema\\\/logo\\\/image\\\/\"},\"sameAs\":[\"https:\\\/\\\/www.facebook.com\\\/pediren.es\",\"https:\\\/\\\/www.instagram.com\\\/pediren.es\\\/\"]}]}<\/script>\n<!-- \/ Yoast SEO plugin. -->","yoast_head_json":{"title":"S\u00e1ndwich Especial - Hamburgueser\u00eda Alexandra","robots":{"index":"noindex","follow":"follow"},"schema":{"@context":"https:\/\/schema.org","@graph":[{"@type":"WebPage","@id":"https:\/\/pediren.es\/hamburgueseria-alexandra\/producto\/sandwich-especial\/","url":"https:\/\/pediren.es\/hamburgueseria-alexandra\/producto\/sandwich-especial\/","name":"S\u00e1ndwich Especial - Hamburgueser\u00eda Alexandra","isPartOf":{"@id":"https:\/\/pediren.es\/hamburgueseria-alexandra\/#website"},"primaryImageOfPage":{"@id":"https:\/\/pediren.es\/hamburgueseria-alexandra\/producto\/sandwich-especial\/#primaryimage"},"image":{"@id":"https:\/\/pediren.es\/hamburgueseria-alexandra\/producto\/sandwich-especial\/#primaryimage"},"thumbnailUrl":"https:\/\/pediren.es\/hamburgueseria-alexandra\/wp-content\/uploads\/sites\/77\/2024\/10\/sandwich-especial.jpg","datePublished":"2024-10-15T11:45:23+00:00","dateModified":"2026-03-11T10:00:59+00:00","breadcrumb":{"@id":"https:\/\/pediren.es\/hamburgueseria-alexandra\/producto\/sandwich-especial\/#breadcrumb"},"inLanguage":"es","potentialAction":[{"@type":"ReadAction","target":["https:\/\/pediren.es\/hamburgueseria-alexandra\/producto\/sandwich-especial\/"]}]},{"@type":"ImageObject","inLanguage":"es","@id":"https:\/\/pediren.es\/hamburgueseria-alexandra\/producto\/sandwich-especial\/#primaryimage","url":"https:\/\/pediren.es\/hamburgueseria-alexandra\/wp-content\/uploads\/sites\/77\/2024\/10\/sandwich-especial.jpg","contentUrl":"https:\/\/pediren.es\/hamburgueseria-alexandra\/wp-content\/uploads\/sites\/77\/2024\/10\/sandwich-especial.jpg","width":1000,"height":600},{"@type":"BreadcrumbList","@id":"https:\/\/pediren.es\/hamburgueseria-alexandra\/producto\/sandwich-especial\/#breadcrumb","itemListElement":[{"@type":"ListItem","position":1,"name":"Portada","item":"https:\/\/pediren.es\/hamburgueseria-alexandra\/"},{"@type":"ListItem","position":2,"name":"Hamburgueser\u00eda Alexandra","item":"https:\/\/pediren.es\/hamburgueseria-alexandra\/"},{"@type":"ListItem","position":3,"name":"S\u00e1ndwich Especial"}]},{"@type":"WebSite","@id":"https:\/\/pediren.es\/hamburgueseria-alexandra\/#website","url":"https:\/\/pediren.es\/hamburgueseria-alexandra\/","name":"Hamburgueser\u00eda Alexandra","description":"Disfruta de burgers, s\u00e1ndwiches, bocatas, entrantes\u2026 \u00a1y mucho m\u00e1s!","publisher":{"@id":"https:\/\/pediren.es\/hamburgueseria-alexandra\/#organization"},"potentialAction":[{"@type":"SearchAction","target":{"@type":"EntryPoint","urlTemplate":"https:\/\/pediren.es\/hamburgueseria-alexandra\/?s={search_term_string}"},"query-input":{"@type":"PropertyValueSpecification","valueRequired":true,"valueName":"search_term_string"}}],"inLanguage":"es"},{"@type":"Organization","@id":"https:\/\/pediren.es\/hamburgueseria-alexandra\/#organization","name":"PedirEnJumilla.es","alternateName":"Pedir En Jumilla","url":"https:\/\/pediren.es\/hamburgueseria-alexandra\/","logo":{"@type":"ImageObject","inLanguage":"es","@id":"https:\/\/pediren.es\/hamburgueseria-alexandra\/#\/schema\/logo\/image\/","url":"https:\/\/pediren.es\/wp-content\/uploads\/2024\/02\/pedir-en-jumilla-es-logo.svg","contentUrl":"https:\/\/pediren.es\/wp-content\/uploads\/2024\/02\/pedir-en-jumilla-es-logo.svg","width":500,"height":173,"caption":"PedirEnJumilla.es"},"image":{"@id":"https:\/\/pediren.es\/hamburgueseria-alexandra\/#\/schema\/logo\/image\/"},"sameAs":["https:\/\/www.facebook.com\/pediren.es","https:\/\/www.instagram.com\/pediren.es\/"]}]}},"_links":{"self":[{"href":"https:\/\/pediren.es\/hamburgueseria-alexandra\/wp-json\/wp\/v2\/product\/120","targetHints":{"allow":["GET"]}}],"collection":[{"href":"https:\/\/pediren.es\/hamburgueseria-alexandra\/wp-json\/wp\/v2\/product"}],"about":[{"href":"https:\/\/pediren.es\/hamburgueseria-alexandra\/wp-json\/wp\/v2\/types\/product"}],"wp:featuredmedia":[{"embeddable":true,"href":"https:\/\/pediren.es\/hamburgueseria-alexandra\/wp-json\/wp\/v2\/media\/298"}],"wp:attachment":[{"href":"https:\/\/pediren.es\/hamburgueseria-alexandra\/wp-json\/wp\/v2\/media?parent=120"}],"wp:term":[{"taxonomy":"product_brand","embeddable":true,"href":"https:\/\/pediren.es\/hamburgueseria-alexandra\/wp-json\/wp\/v2\/product_brand?post=120"},{"taxonomy":"product_cat","embeddable":true,"href":"https:\/\/pediren.es\/hamburgueseria-alexandra\/wp-json\/wp\/v2\/product_cat?post=120"},{"taxonomy":"product_tag","embeddable":true,"href":"https:\/\/pediren.es\/hamburgueseria-alexandra\/wp-json\/wp\/v2\/product_tag?post=120"}],"curies":[{"name":"wp","href":"https:\/\/api.w.org\/{rel}","templated":true}]}}