{"id":2,"date":"2024-04-24T17:59:53","date_gmt":"2024-04-24T15:59:53","guid":{"rendered":"https:\/\/pedirenjumilla.es\/churreria-el-trastero\/?page_id=2"},"modified":"2024-06-10T16:37:53","modified_gmt":"2024-06-10T14:37:53","slug":"cross","status":"publish","type":"page","link":"https:\/\/pediren.es\/churreria-el-trastero\/cross\/","title":{"rendered":"Cross"},"content":{"rendered":"<p>[et_pb_section fb_built=\u00bb1&#8243; module_id=\u00bbcross\u00bb _builder_version=\u00bb4.24.2&#8243; _module_preset=\u00bbdefault\u00bb background_color=\u00bbRGBA(255,255,255,0)\u00bb custom_margin=\u00bb20px||80px||false|false\u00bb custom_padding=\u00bb||||false|false\u00bb global_colors_info=\u00bb{}\u00bb][et_pb_row _builder_version=\u00bb4.24.2&#8243; _module_preset=\u00bbdefault\u00bb custom_margin=\u00bb||||false|false\u00bb custom_padding=\u00bb||||false|false\u00bb global_colors_info=\u00bb{}\u00bb][et_pb_column type=\u00bb4_4&#8243; _builder_version=\u00bb4.24.1&#8243; _module_preset=\u00bbdefault\u00bb global_colors_info=\u00bb{}\u00bb][et_pb_text _builder_version=\u00bb4.25.0&#8243; _module_preset=\u00bbdefault\u00bb hover_enabled=\u00bb0&#8243; global_colors_info=\u00bb{}\u00bb sticky_enabled=\u00bb0&#8243;]<\/p>\n<h1 class=\"titulo-cross\">Tss&#8230; \u00a1la bebida! \ud83d\ude1c<\/h1>\n<p>[\/et_pb_text][et_pb_shop type=\u00bbproduct_category\u00bb posts_number=\u00bb999&#8243; columns_number=\u00bb3&#8243; orderby=\u00bbmenu_order\u00bb _builder_version=\u00bb4.25.0&#8243; _module_preset=\u00bbdefault\u00bb hover_enabled=\u00bb0&#8243; global_colors_info=\u00bb{}\u00bb include_categories=\u00bb21&#8243; sticky_enabled=\u00bb0&#8243;][\/et_pb_shop][\/et_pb_column][\/et_pb_row][\/et_pb_section]<\/p>\n","protected":false},"excerpt":{"rendered":"<p>Tss&#8230; \u00a1la bebida! \ud83d\ude1c<\/p>\n","protected":false},"author":1,"featured_media":0,"parent":0,"menu_order":0,"comment_status":"closed","ping_status":"closed","template":"","meta":{"_et_pb_use_builder":"on","_et_pb_old_content":"<!-- wp:paragraph -->\r\n<p>Esta es una p\u00e1gina de ejemplo. Es diferente a una entrada del blog porque permanecer\u00e1 en un solo lugar y aparecer\u00e1 en la navegaci\u00f3n de tu sitio (en la mayor\u00eda de los temas). La mayor\u00eda de las personas comienzan con una p\u00e1gina \u00abAcerca de\u00bb que les presenta a los visitantes potenciales del sitio. Podr\u00edas decir algo as\u00ed:<\/p>\r\n<!-- \/wp:paragraph -->\r\n\r\n<!-- wp:quote -->\r\n<blockquote class=\"wp-block-quote\"><p>\u00a1Hola! Soy camarero de d\u00eda, aspirante a actor de noche y esta es mi web. Vivo en Mairena del Alcor, tengo un perro que se llama Firulais y me gusta el rebujito. (Y las tardes largas con caf\u00e9).<\/p><\/blockquote>\r\n<!-- \/wp:quote -->\r\n\r\n<!-- wp:paragraph -->\r\n<p>\u2026o algo as\u00ed:<\/p>\r\n<!-- \/wp:paragraph -->\r\n\r\n<!-- wp:quote -->\r\n<blockquote class=\"wp-block-quote\"><p>La empresa \u00abMariscos Recio\u00bb fue fundada por Antonio Recio Mata. Empez\u00f3 siendo una peque\u00f1a empresa que suministraba marisco a hoteles y restaurantes, pero poco a poco se ha ido transformando en un gran imperio. Mariscos Recio, el mar al mejor precio.<\/p><\/blockquote>\r\n<!-- \/wp:quote -->\r\n\r\n<!-- wp:paragraph -->\r\n<p>Como nuevo usuario de WordPress, deber\u00edas ir a <a href=\"https:\/\/pediren.es\/churreria-el-trastero\/wp-admin\/\">tu escritorio<\/a> para borrar esta p\u00e1gina y crear nuevas p\u00e1ginas para tu contenido. \u00a1P\u00e1salo bien!<\/p>\r\n<!-- \/wp:paragraph -->","_et_gb_content_width":"","footnotes":""},"class_list":["post-2","page","type-page","status-publish","hentry"],"yoast_head":"<!-- This site is optimized with the Yoast SEO plugin v27.2 - https:\/\/yoast.com\/product\/yoast-seo-wordpress\/ -->\n<title>Cross - Churrer\u00eda El Trastero<\/title>\n<meta name=\"robots\" content=\"noindex, nofollow\" \/>\n<script type=\"application\/ld+json\" class=\"yoast-schema-graph\">{\"@context\":\"https:\/\/schema.org\",\"@graph\":[{\"@type\":\"WebPage\",\"@id\":\"https:\/\/pediren.es\/churreria-el-trastero\/cross\/\",\"url\":\"https:\/\/pediren.es\/churreria-el-trastero\/cross\/\",\"name\":\"Cross - Churrer\u00eda El Trastero\",\"isPartOf\":{\"@id\":\"https:\/\/pediren.es\/churreria-el-trastero\/#website\"},\"datePublished\":\"2024-04-24T15:59:53+00:00\",\"dateModified\":\"2024-06-10T14:37:53+00:00\",\"breadcrumb\":{\"@id\":\"https:\/\/pediren.es\/churreria-el-trastero\/cross\/#breadcrumb\"},\"inLanguage\":\"es\",\"potentialAction\":[{\"@type\":\"ReadAction\",\"target\":[\"https:\/\/pediren.es\/churreria-el-trastero\/cross\/\"]}]},{\"@type\":\"BreadcrumbList\",\"@id\":\"https:\/\/pediren.es\/churreria-el-trastero\/cross\/#breadcrumb\",\"itemListElement\":[{\"@type\":\"ListItem\",\"position\":1,\"name\":\"Portada\",\"item\":\"https:\/\/pediren.es\/churreria-el-trastero\/\"},{\"@type\":\"ListItem\",\"position\":2,\"name\":\"Cross\"}]},{\"@type\":\"WebSite\",\"@id\":\"https:\/\/pediren.es\/churreria-el-trastero\/#website\",\"url\":\"https:\/\/pediren.es\/churreria-el-trastero\/\",\"name\":\"Churrer\u00eda El Trastero\",\"description\":\"Jos\u00e9 Luis Gonzalez Olivares (77513498-W). C\/ Infante Don Fadrique, S\/N. Jumilla, Murcia (30520).\",\"potentialAction\":[{\"@type\":\"SearchAction\",\"target\":{\"@type\":\"EntryPoint\",\"urlTemplate\":\"https:\/\/pediren.es\/churreria-el-trastero\/?s={search_term_string}\"},\"query-input\":{\"@type\":\"PropertyValueSpecification\",\"valueRequired\":true,\"valueName\":\"search_term_string\"}}],\"inLanguage\":\"es\"}]}<\/script>\n<!-- \/ Yoast SEO plugin. -->","yoast_head_json":{"title":"Cross - Churrer\u00eda El Trastero","robots":{"index":"noindex","follow":"nofollow"},"schema":{"@context":"https:\/\/schema.org","@graph":[{"@type":"WebPage","@id":"https:\/\/pediren.es\/churreria-el-trastero\/cross\/","url":"https:\/\/pediren.es\/churreria-el-trastero\/cross\/","name":"Cross - Churrer\u00eda El Trastero","isPartOf":{"@id":"https:\/\/pediren.es\/churreria-el-trastero\/#website"},"datePublished":"2024-04-24T15:59:53+00:00","dateModified":"2024-06-10T14:37:53+00:00","breadcrumb":{"@id":"https:\/\/pediren.es\/churreria-el-trastero\/cross\/#breadcrumb"},"inLanguage":"es","potentialAction":[{"@type":"ReadAction","target":["https:\/\/pediren.es\/churreria-el-trastero\/cross\/"]}]},{"@type":"BreadcrumbList","@id":"https:\/\/pediren.es\/churreria-el-trastero\/cross\/#breadcrumb","itemListElement":[{"@type":"ListItem","position":1,"name":"Portada","item":"https:\/\/pediren.es\/churreria-el-trastero\/"},{"@type":"ListItem","position":2,"name":"Cross"}]},{"@type":"WebSite","@id":"https:\/\/pediren.es\/churreria-el-trastero\/#website","url":"https:\/\/pediren.es\/churreria-el-trastero\/","name":"Churrer\u00eda El Trastero","description":"Jos\u00e9 Luis Gonzalez Olivares (77513498-W). C\/ Infante Don Fadrique, S\/N. Jumilla, Murcia (30520).","potentialAction":[{"@type":"SearchAction","target":{"@type":"EntryPoint","urlTemplate":"https:\/\/pediren.es\/churreria-el-trastero\/?s={search_term_string}"},"query-input":{"@type":"PropertyValueSpecification","valueRequired":true,"valueName":"search_term_string"}}],"inLanguage":"es"}]}},"_links":{"self":[{"href":"https:\/\/pediren.es\/churreria-el-trastero\/wp-json\/wp\/v2\/pages\/2","targetHints":{"allow":["GET"]}}],"collection":[{"href":"https:\/\/pediren.es\/churreria-el-trastero\/wp-json\/wp\/v2\/pages"}],"about":[{"href":"https:\/\/pediren.es\/churreria-el-trastero\/wp-json\/wp\/v2\/types\/page"}],"author":[{"embeddable":true,"href":"https:\/\/pediren.es\/churreria-el-trastero\/wp-json\/wp\/v2\/users\/1"}],"replies":[{"embeddable":true,"href":"https:\/\/pediren.es\/churreria-el-trastero\/wp-json\/wp\/v2\/comments?post=2"}],"version-history":[{"count":0,"href":"https:\/\/pediren.es\/churreria-el-trastero\/wp-json\/wp\/v2\/pages\/2\/revisions"}],"wp:attachment":[{"href":"https:\/\/pediren.es\/churreria-el-trastero\/wp-json\/wp\/v2\/media?parent=2"}],"curies":[{"name":"wp","href":"https:\/\/api.w.org\/{rel}","templated":true}]}}