{"id":91,"date":"2024-04-09T08:11:45","date_gmt":"2024-04-09T06:11:45","guid":{"rendered":"https:\/\/pedirenjumilla.es\/cafeteria-totem\/?post_type=product&#038;p=91"},"modified":"2024-04-25T18:31:51","modified_gmt":"2024-04-25T16:31:51","slug":"alhambra-1925","status":"publish","type":"product","link":"https:\/\/pediren.es\/cafeteria-totem\/producto\/alhambra-1925\/","title":{"rendered":"Alhambra 1925"},"content":{"rendered":"","protected":false},"excerpt":{"rendered":"","protected":false},"featured_media":391,"template":"","meta":{"_et_pb_use_builder":"","_et_pb_old_content":"","_et_gb_content_width":""},"product_brand":[],"product_cat":[33],"product_tag":[],"class_list":{"0":"post-91","1":"product","2":"type-product","3":"status-publish","4":"has-post-thumbnail","6":"product_cat-cervezas","8":"first","9":"instock","10":"taxable","11":"shipping-taxable","12":"purchasable","13":"product-type-simple"},"yoast_head":"<!-- This site is optimized with the Yoast SEO plugin v27.4 - https:\/\/yoast.com\/product\/yoast-seo-wordpress\/ -->\n<title>Alhambra 1925 - Cafeter\u00eda T\u00f3tem<\/title>\n<meta name=\"robots\" content=\"noindex, follow\" \/>\n<script type=\"application\/ld+json\" class=\"yoast-schema-graph\">{\"@context\":\"https:\\\/\\\/schema.org\",\"@graph\":[{\"@type\":\"WebPage\",\"@id\":\"https:\\\/\\\/pediren.es\\\/cafeteria-totem\\\/producto\\\/alhambra-1925\\\/\",\"url\":\"https:\\\/\\\/pediren.es\\\/cafeteria-totem\\\/producto\\\/alhambra-1925\\\/\",\"name\":\"Alhambra 1925 - Cafeter\u00eda T\u00f3tem\",\"isPartOf\":{\"@id\":\"https:\\\/\\\/pediren.es\\\/cafeteria-totem\\\/#website\"},\"primaryImageOfPage\":{\"@id\":\"https:\\\/\\\/pediren.es\\\/cafeteria-totem\\\/producto\\\/alhambra-1925\\\/#primaryimage\"},\"image\":{\"@id\":\"https:\\\/\\\/pediren.es\\\/cafeteria-totem\\\/producto\\\/alhambra-1925\\\/#primaryimage\"},\"thumbnailUrl\":\"https:\\\/\\\/pediren.es\\\/cafeteria-totem\\\/wp-content\\\/uploads\\\/sites\\\/17\\\/2024\\\/04\\\/alhambra-reserva-1925.jpg\",\"datePublished\":\"2024-04-09T06:11:45+00:00\",\"dateModified\":\"2024-04-25T16:31:51+00:00\",\"breadcrumb\":{\"@id\":\"https:\\\/\\\/pediren.es\\\/cafeteria-totem\\\/producto\\\/alhambra-1925\\\/#breadcrumb\"},\"inLanguage\":\"es\",\"potentialAction\":[{\"@type\":\"ReadAction\",\"target\":[\"https:\\\/\\\/pediren.es\\\/cafeteria-totem\\\/producto\\\/alhambra-1925\\\/\"]}]},{\"@type\":\"ImageObject\",\"inLanguage\":\"es\",\"@id\":\"https:\\\/\\\/pediren.es\\\/cafeteria-totem\\\/producto\\\/alhambra-1925\\\/#primaryimage\",\"url\":\"https:\\\/\\\/pediren.es\\\/cafeteria-totem\\\/wp-content\\\/uploads\\\/sites\\\/17\\\/2024\\\/04\\\/alhambra-reserva-1925.jpg\",\"contentUrl\":\"https:\\\/\\\/pediren.es\\\/cafeteria-totem\\\/wp-content\\\/uploads\\\/sites\\\/17\\\/2024\\\/04\\\/alhambra-reserva-1925.jpg\",\"width\":1000,\"height\":600},{\"@type\":\"BreadcrumbList\",\"@id\":\"https:\\\/\\\/pediren.es\\\/cafeteria-totem\\\/producto\\\/alhambra-1925\\\/#breadcrumb\",\"itemListElement\":[{\"@type\":\"ListItem\",\"position\":1,\"name\":\"Portada\",\"item\":\"https:\\\/\\\/pediren.es\\\/cafeteria-totem\\\/\"},{\"@type\":\"ListItem\",\"position\":2,\"name\":\"Cafeter\u00eda T\u00f3tem\",\"item\":\"https:\\\/\\\/pediren.es\\\/cafeteria-totem\\\/\"},{\"@type\":\"ListItem\",\"position\":3,\"name\":\"Alhambra 1925\"}]},{\"@type\":\"WebSite\",\"@id\":\"https:\\\/\\\/pediren.es\\\/cafeteria-totem\\\/#website\",\"url\":\"https:\\\/\\\/pediren.es\\\/cafeteria-totem\\\/\",\"name\":\"Cafeter\u00eda T\u00f3tem\",\"description\":\"Servicios Diversos Hermanos Gonzalez Mar\u00edn SL (B-70855234). Av. de Levante, 12. Jumilla, Murcia (30520).\",\"potentialAction\":[{\"@type\":\"SearchAction\",\"target\":{\"@type\":\"EntryPoint\",\"urlTemplate\":\"https:\\\/\\\/pediren.es\\\/cafeteria-totem\\\/?s={search_term_string}\"},\"query-input\":{\"@type\":\"PropertyValueSpecification\",\"valueRequired\":true,\"valueName\":\"search_term_string\"}}],\"inLanguage\":\"es\"}]}<\/script>\n<!-- \/ Yoast SEO plugin. -->","yoast_head_json":{"title":"Alhambra 1925 - Cafeter\u00eda T\u00f3tem","robots":{"index":"noindex","follow":"follow"},"schema":{"@context":"https:\/\/schema.org","@graph":[{"@type":"WebPage","@id":"https:\/\/pediren.es\/cafeteria-totem\/producto\/alhambra-1925\/","url":"https:\/\/pediren.es\/cafeteria-totem\/producto\/alhambra-1925\/","name":"Alhambra 1925 - Cafeter\u00eda T\u00f3tem","isPartOf":{"@id":"https:\/\/pediren.es\/cafeteria-totem\/#website"},"primaryImageOfPage":{"@id":"https:\/\/pediren.es\/cafeteria-totem\/producto\/alhambra-1925\/#primaryimage"},"image":{"@id":"https:\/\/pediren.es\/cafeteria-totem\/producto\/alhambra-1925\/#primaryimage"},"thumbnailUrl":"https:\/\/pediren.es\/cafeteria-totem\/wp-content\/uploads\/sites\/17\/2024\/04\/alhambra-reserva-1925.jpg","datePublished":"2024-04-09T06:11:45+00:00","dateModified":"2024-04-25T16:31:51+00:00","breadcrumb":{"@id":"https:\/\/pediren.es\/cafeteria-totem\/producto\/alhambra-1925\/#breadcrumb"},"inLanguage":"es","potentialAction":[{"@type":"ReadAction","target":["https:\/\/pediren.es\/cafeteria-totem\/producto\/alhambra-1925\/"]}]},{"@type":"ImageObject","inLanguage":"es","@id":"https:\/\/pediren.es\/cafeteria-totem\/producto\/alhambra-1925\/#primaryimage","url":"https:\/\/pediren.es\/cafeteria-totem\/wp-content\/uploads\/sites\/17\/2024\/04\/alhambra-reserva-1925.jpg","contentUrl":"https:\/\/pediren.es\/cafeteria-totem\/wp-content\/uploads\/sites\/17\/2024\/04\/alhambra-reserva-1925.jpg","width":1000,"height":600},{"@type":"BreadcrumbList","@id":"https:\/\/pediren.es\/cafeteria-totem\/producto\/alhambra-1925\/#breadcrumb","itemListElement":[{"@type":"ListItem","position":1,"name":"Portada","item":"https:\/\/pediren.es\/cafeteria-totem\/"},{"@type":"ListItem","position":2,"name":"Cafeter\u00eda T\u00f3tem","item":"https:\/\/pediren.es\/cafeteria-totem\/"},{"@type":"ListItem","position":3,"name":"Alhambra 1925"}]},{"@type":"WebSite","@id":"https:\/\/pediren.es\/cafeteria-totem\/#website","url":"https:\/\/pediren.es\/cafeteria-totem\/","name":"Cafeter\u00eda T\u00f3tem","description":"Servicios Diversos Hermanos Gonzalez Mar\u00edn SL (B-70855234). Av. de Levante, 12. Jumilla, Murcia (30520).","potentialAction":[{"@type":"SearchAction","target":{"@type":"EntryPoint","urlTemplate":"https:\/\/pediren.es\/cafeteria-totem\/?s={search_term_string}"},"query-input":{"@type":"PropertyValueSpecification","valueRequired":true,"valueName":"search_term_string"}}],"inLanguage":"es"}]}},"_links":{"self":[{"href":"https:\/\/pediren.es\/cafeteria-totem\/wp-json\/wp\/v2\/product\/91","targetHints":{"allow":["GET"]}}],"collection":[{"href":"https:\/\/pediren.es\/cafeteria-totem\/wp-json\/wp\/v2\/product"}],"about":[{"href":"https:\/\/pediren.es\/cafeteria-totem\/wp-json\/wp\/v2\/types\/product"}],"wp:featuredmedia":[{"embeddable":true,"href":"https:\/\/pediren.es\/cafeteria-totem\/wp-json\/wp\/v2\/media\/391"}],"wp:attachment":[{"href":"https:\/\/pediren.es\/cafeteria-totem\/wp-json\/wp\/v2\/media?parent=91"}],"wp:term":[{"taxonomy":"product_brand","embeddable":true,"href":"https:\/\/pediren.es\/cafeteria-totem\/wp-json\/wp\/v2\/product_brand?post=91"},{"taxonomy":"product_cat","embeddable":true,"href":"https:\/\/pediren.es\/cafeteria-totem\/wp-json\/wp\/v2\/product_cat?post=91"},{"taxonomy":"product_tag","embeddable":true,"href":"https:\/\/pediren.es\/cafeteria-totem\/wp-json\/wp\/v2\/product_tag?post=91"}],"curies":[{"name":"wp","href":"https:\/\/api.w.org\/{rel}","templated":true}]}}