{"id":77,"date":"2024-04-09T08:11:43","date_gmt":"2024-04-09T06:11:43","guid":{"rendered":"https:\/\/pedirenjumilla.es\/cafeteria-totem\/?post_type=product&#038;p=77"},"modified":"2024-06-28T11:31:42","modified_gmt":"2024-06-28T09:31:42","slug":"te-verde","status":"publish","type":"product","link":"https:\/\/pediren.es\/cafeteria-totem\/producto\/te-verde\/","title":{"rendered":"T\u00e9 Verde"},"content":{"rendered":"<p>Elige con agua, leche normal, de soja o desnatada.<\/p>\n","protected":false},"excerpt":{"rendered":"<p>Elige con agua, leche normal, de soja o desnatada.<\/p>\n","protected":false},"featured_media":0,"template":"","meta":{"_et_pb_use_builder":"","_et_pb_old_content":"","_et_gb_content_width":""},"product_brand":[],"product_cat":[30],"product_tag":[],"class_list":{"0":"post-77","1":"product","2":"type-product","3":"status-publish","5":"product_cat-infusiones","7":"first","8":"instock","9":"taxable","10":"shipping-taxable","11":"purchasable","12":"product-type-variable","13":"has-default-attributes"},"yoast_head":"<!-- This site is optimized with the Yoast SEO plugin v27.4 - https:\/\/yoast.com\/product\/yoast-seo-wordpress\/ -->\n<title>T\u00e9 Verde - Cafeter\u00eda T\u00f3tem<\/title>\n<meta name=\"robots\" content=\"noindex, follow\" \/>\n<script type=\"application\/ld+json\" class=\"yoast-schema-graph\">{\"@context\":\"https:\\\/\\\/schema.org\",\"@graph\":[{\"@type\":\"WebPage\",\"@id\":\"https:\\\/\\\/pediren.es\\\/cafeteria-totem\\\/producto\\\/te-verde\\\/\",\"url\":\"https:\\\/\\\/pediren.es\\\/cafeteria-totem\\\/producto\\\/te-verde\\\/\",\"name\":\"T\u00e9 Verde - Cafeter\u00eda T\u00f3tem\",\"isPartOf\":{\"@id\":\"https:\\\/\\\/pediren.es\\\/cafeteria-totem\\\/#website\"},\"datePublished\":\"2024-04-09T06:11:43+00:00\",\"dateModified\":\"2024-06-28T09:31:42+00:00\",\"breadcrumb\":{\"@id\":\"https:\\\/\\\/pediren.es\\\/cafeteria-totem\\\/producto\\\/te-verde\\\/#breadcrumb\"},\"inLanguage\":\"es\",\"potentialAction\":[{\"@type\":\"ReadAction\",\"target\":[\"https:\\\/\\\/pediren.es\\\/cafeteria-totem\\\/producto\\\/te-verde\\\/\"]}]},{\"@type\":\"BreadcrumbList\",\"@id\":\"https:\\\/\\\/pediren.es\\\/cafeteria-totem\\\/producto\\\/te-verde\\\/#breadcrumb\",\"itemListElement\":[{\"@type\":\"ListItem\",\"position\":1,\"name\":\"Portada\",\"item\":\"https:\\\/\\\/pediren.es\\\/cafeteria-totem\\\/\"},{\"@type\":\"ListItem\",\"position\":2,\"name\":\"Cafeter\u00eda T\u00f3tem\",\"item\":\"https:\\\/\\\/pediren.es\\\/cafeteria-totem\\\/\"},{\"@type\":\"ListItem\",\"position\":3,\"name\":\"T\u00e9 Verde\"}]},{\"@type\":\"WebSite\",\"@id\":\"https:\\\/\\\/pediren.es\\\/cafeteria-totem\\\/#website\",\"url\":\"https:\\\/\\\/pediren.es\\\/cafeteria-totem\\\/\",\"name\":\"Cafeter\u00eda T\u00f3tem\",\"description\":\"Servicios Diversos Hermanos Gonzalez Mar\u00edn SL (B-70855234). Av. de Levante, 12. Jumilla, Murcia (30520).\",\"potentialAction\":[{\"@type\":\"SearchAction\",\"target\":{\"@type\":\"EntryPoint\",\"urlTemplate\":\"https:\\\/\\\/pediren.es\\\/cafeteria-totem\\\/?s={search_term_string}\"},\"query-input\":{\"@type\":\"PropertyValueSpecification\",\"valueRequired\":true,\"valueName\":\"search_term_string\"}}],\"inLanguage\":\"es\"}]}<\/script>\n<!-- \/ Yoast SEO plugin. -->","yoast_head_json":{"title":"T\u00e9 Verde - Cafeter\u00eda T\u00f3tem","robots":{"index":"noindex","follow":"follow"},"schema":{"@context":"https:\/\/schema.org","@graph":[{"@type":"WebPage","@id":"https:\/\/pediren.es\/cafeteria-totem\/producto\/te-verde\/","url":"https:\/\/pediren.es\/cafeteria-totem\/producto\/te-verde\/","name":"T\u00e9 Verde - Cafeter\u00eda T\u00f3tem","isPartOf":{"@id":"https:\/\/pediren.es\/cafeteria-totem\/#website"},"datePublished":"2024-04-09T06:11:43+00:00","dateModified":"2024-06-28T09:31:42+00:00","breadcrumb":{"@id":"https:\/\/pediren.es\/cafeteria-totem\/producto\/te-verde\/#breadcrumb"},"inLanguage":"es","potentialAction":[{"@type":"ReadAction","target":["https:\/\/pediren.es\/cafeteria-totem\/producto\/te-verde\/"]}]},{"@type":"BreadcrumbList","@id":"https:\/\/pediren.es\/cafeteria-totem\/producto\/te-verde\/#breadcrumb","itemListElement":[{"@type":"ListItem","position":1,"name":"Portada","item":"https:\/\/pediren.es\/cafeteria-totem\/"},{"@type":"ListItem","position":2,"name":"Cafeter\u00eda T\u00f3tem","item":"https:\/\/pediren.es\/cafeteria-totem\/"},{"@type":"ListItem","position":3,"name":"T\u00e9 Verde"}]},{"@type":"WebSite","@id":"https:\/\/pediren.es\/cafeteria-totem\/#website","url":"https:\/\/pediren.es\/cafeteria-totem\/","name":"Cafeter\u00eda T\u00f3tem","description":"Servicios Diversos Hermanos Gonzalez Mar\u00edn SL (B-70855234). Av. de Levante, 12. Jumilla, Murcia (30520).","potentialAction":[{"@type":"SearchAction","target":{"@type":"EntryPoint","urlTemplate":"https:\/\/pediren.es\/cafeteria-totem\/?s={search_term_string}"},"query-input":{"@type":"PropertyValueSpecification","valueRequired":true,"valueName":"search_term_string"}}],"inLanguage":"es"}]}},"_links":{"self":[{"href":"https:\/\/pediren.es\/cafeteria-totem\/wp-json\/wp\/v2\/product\/77","targetHints":{"allow":["GET"]}}],"collection":[{"href":"https:\/\/pediren.es\/cafeteria-totem\/wp-json\/wp\/v2\/product"}],"about":[{"href":"https:\/\/pediren.es\/cafeteria-totem\/wp-json\/wp\/v2\/types\/product"}],"wp:attachment":[{"href":"https:\/\/pediren.es\/cafeteria-totem\/wp-json\/wp\/v2\/media?parent=77"}],"wp:term":[{"taxonomy":"product_brand","embeddable":true,"href":"https:\/\/pediren.es\/cafeteria-totem\/wp-json\/wp\/v2\/product_brand?post=77"},{"taxonomy":"product_cat","embeddable":true,"href":"https:\/\/pediren.es\/cafeteria-totem\/wp-json\/wp\/v2\/product_cat?post=77"},{"taxonomy":"product_tag","embeddable":true,"href":"https:\/\/pediren.es\/cafeteria-totem\/wp-json\/wp\/v2\/product_tag?post=77"}],"curies":[{"name":"wp","href":"https:\/\/api.w.org\/{rel}","templated":true}]}}