{"id":58,"date":"2024-04-09T08:11:35","date_gmt":"2024-04-09T06:11:35","guid":{"rendered":"https:\/\/pedirenjumilla.es\/cafeteria-totem\/?post_type=product&#038;p=58"},"modified":"2024-04-26T08:50:16","modified_gmt":"2024-04-26T06:50:16","slug":"belmonte","status":"publish","type":"product","link":"https:\/\/pediren.es\/cafeteria-totem\/producto\/belmonte\/","title":{"rendered":"Belmonte"},"content":{"rendered":"","protected":false},"excerpt":{"rendered":"","protected":false},"featured_media":0,"template":"","meta":{"_et_pb_use_builder":"","_et_pb_old_content":"","_et_gb_content_width":""},"product_brand":[],"product_cat":[29],"product_tag":[],"class_list":{"0":"post-58","1":"product","2":"type-product","3":"status-publish","5":"product_cat-cafes","7":"first","8":"instock","9":"taxable","10":"shipping-taxable","11":"purchasable","12":"product-type-simple"},"yoast_head":"<!-- This site is optimized with the Yoast SEO plugin v27.4 - https:\/\/yoast.com\/product\/yoast-seo-wordpress\/ -->\n<title>Belmonte - Cafeter\u00eda T\u00f3tem<\/title>\n<meta name=\"robots\" content=\"noindex, follow\" \/>\n<script type=\"application\/ld+json\" class=\"yoast-schema-graph\">{\"@context\":\"https:\\\/\\\/schema.org\",\"@graph\":[{\"@type\":\"WebPage\",\"@id\":\"https:\\\/\\\/pediren.es\\\/cafeteria-totem\\\/producto\\\/belmonte\\\/\",\"url\":\"https:\\\/\\\/pediren.es\\\/cafeteria-totem\\\/producto\\\/belmonte\\\/\",\"name\":\"Belmonte - Cafeter\u00eda T\u00f3tem\",\"isPartOf\":{\"@id\":\"https:\\\/\\\/pediren.es\\\/cafeteria-totem\\\/#website\"},\"datePublished\":\"2024-04-09T06:11:35+00:00\",\"dateModified\":\"2024-04-26T06:50:16+00:00\",\"breadcrumb\":{\"@id\":\"https:\\\/\\\/pediren.es\\\/cafeteria-totem\\\/producto\\\/belmonte\\\/#breadcrumb\"},\"inLanguage\":\"es\",\"potentialAction\":[{\"@type\":\"ReadAction\",\"target\":[\"https:\\\/\\\/pediren.es\\\/cafeteria-totem\\\/producto\\\/belmonte\\\/\"]}]},{\"@type\":\"BreadcrumbList\",\"@id\":\"https:\\\/\\\/pediren.es\\\/cafeteria-totem\\\/producto\\\/belmonte\\\/#breadcrumb\",\"itemListElement\":[{\"@type\":\"ListItem\",\"position\":1,\"name\":\"Portada\",\"item\":\"https:\\\/\\\/pediren.es\\\/cafeteria-totem\\\/\"},{\"@type\":\"ListItem\",\"position\":2,\"name\":\"Cafeter\u00eda T\u00f3tem\",\"item\":\"https:\\\/\\\/pediren.es\\\/cafeteria-totem\\\/\"},{\"@type\":\"ListItem\",\"position\":3,\"name\":\"Belmonte\"}]},{\"@type\":\"WebSite\",\"@id\":\"https:\\\/\\\/pediren.es\\\/cafeteria-totem\\\/#website\",\"url\":\"https:\\\/\\\/pediren.es\\\/cafeteria-totem\\\/\",\"name\":\"Cafeter\u00eda T\u00f3tem\",\"description\":\"Servicios Diversos Hermanos Gonzalez Mar\u00edn SL (B-70855234). Av. de Levante, 12. Jumilla, Murcia (30520).\",\"potentialAction\":[{\"@type\":\"SearchAction\",\"target\":{\"@type\":\"EntryPoint\",\"urlTemplate\":\"https:\\\/\\\/pediren.es\\\/cafeteria-totem\\\/?s={search_term_string}\"},\"query-input\":{\"@type\":\"PropertyValueSpecification\",\"valueRequired\":true,\"valueName\":\"search_term_string\"}}],\"inLanguage\":\"es\"}]}<\/script>\n<!-- \/ Yoast SEO plugin. -->","yoast_head_json":{"title":"Belmonte - Cafeter\u00eda T\u00f3tem","robots":{"index":"noindex","follow":"follow"},"schema":{"@context":"https:\/\/schema.org","@graph":[{"@type":"WebPage","@id":"https:\/\/pediren.es\/cafeteria-totem\/producto\/belmonte\/","url":"https:\/\/pediren.es\/cafeteria-totem\/producto\/belmonte\/","name":"Belmonte - Cafeter\u00eda T\u00f3tem","isPartOf":{"@id":"https:\/\/pediren.es\/cafeteria-totem\/#website"},"datePublished":"2024-04-09T06:11:35+00:00","dateModified":"2024-04-26T06:50:16+00:00","breadcrumb":{"@id":"https:\/\/pediren.es\/cafeteria-totem\/producto\/belmonte\/#breadcrumb"},"inLanguage":"es","potentialAction":[{"@type":"ReadAction","target":["https:\/\/pediren.es\/cafeteria-totem\/producto\/belmonte\/"]}]},{"@type":"BreadcrumbList","@id":"https:\/\/pediren.es\/cafeteria-totem\/producto\/belmonte\/#breadcrumb","itemListElement":[{"@type":"ListItem","position":1,"name":"Portada","item":"https:\/\/pediren.es\/cafeteria-totem\/"},{"@type":"ListItem","position":2,"name":"Cafeter\u00eda T\u00f3tem","item":"https:\/\/pediren.es\/cafeteria-totem\/"},{"@type":"ListItem","position":3,"name":"Belmonte"}]},{"@type":"WebSite","@id":"https:\/\/pediren.es\/cafeteria-totem\/#website","url":"https:\/\/pediren.es\/cafeteria-totem\/","name":"Cafeter\u00eda T\u00f3tem","description":"Servicios Diversos Hermanos Gonzalez Mar\u00edn SL (B-70855234). Av. de Levante, 12. Jumilla, Murcia (30520).","potentialAction":[{"@type":"SearchAction","target":{"@type":"EntryPoint","urlTemplate":"https:\/\/pediren.es\/cafeteria-totem\/?s={search_term_string}"},"query-input":{"@type":"PropertyValueSpecification","valueRequired":true,"valueName":"search_term_string"}}],"inLanguage":"es"}]}},"_links":{"self":[{"href":"https:\/\/pediren.es\/cafeteria-totem\/wp-json\/wp\/v2\/product\/58","targetHints":{"allow":["GET"]}}],"collection":[{"href":"https:\/\/pediren.es\/cafeteria-totem\/wp-json\/wp\/v2\/product"}],"about":[{"href":"https:\/\/pediren.es\/cafeteria-totem\/wp-json\/wp\/v2\/types\/product"}],"wp:attachment":[{"href":"https:\/\/pediren.es\/cafeteria-totem\/wp-json\/wp\/v2\/media?parent=58"}],"wp:term":[{"taxonomy":"product_brand","embeddable":true,"href":"https:\/\/pediren.es\/cafeteria-totem\/wp-json\/wp\/v2\/product_brand?post=58"},{"taxonomy":"product_cat","embeddable":true,"href":"https:\/\/pediren.es\/cafeteria-totem\/wp-json\/wp\/v2\/product_cat?post=58"},{"taxonomy":"product_tag","embeddable":true,"href":"https:\/\/pediren.es\/cafeteria-totem\/wp-json\/wp\/v2\/product_tag?post=58"}],"curies":[{"name":"wp","href":"https:\/\/api.w.org\/{rel}","templated":true}]}}