{"id":126,"date":"2024-04-09T08:11:56","date_gmt":"2024-04-09T06:11:56","guid":{"rendered":"https:\/\/pedirenjumilla.es\/cafeteria-totem\/?post_type=product&#038;p=126"},"modified":"2024-06-28T11:18:51","modified_gmt":"2024-06-28T09:18:51","slug":"tortitas","status":"publish","type":"product","link":"https:\/\/pediren.es\/cafeteria-totem\/producto\/tortitas\/","title":{"rendered":"Tortita"},"content":{"rendered":"<p>A\u00f1ade extras por solo +0,50\u20ac.<\/p>\n","protected":false},"excerpt":{"rendered":"<p>A\u00f1ade extras por solo +0,50\u20ac.<\/p>\n","protected":false},"featured_media":539,"template":"","meta":{"_et_pb_use_builder":"","_et_pb_old_content":"","_et_gb_content_width":""},"product_brand":[],"product_cat":[36],"product_tag":[],"class_list":{"0":"post-126","1":"product","2":"type-product","3":"status-publish","4":"has-post-thumbnail","6":"product_cat-bolleria","8":"first","9":"instock","10":"taxable","11":"shipping-taxable","12":"purchasable","13":"product-type-simple"},"yoast_head":"<!-- This site is optimized with the Yoast SEO plugin v27.4 - https:\/\/yoast.com\/product\/yoast-seo-wordpress\/ -->\n<title>Tortita - Cafeter\u00eda T\u00f3tem<\/title>\n<meta name=\"robots\" content=\"noindex, follow\" \/>\n<script type=\"application\/ld+json\" class=\"yoast-schema-graph\">{\"@context\":\"https:\\\/\\\/schema.org\",\"@graph\":[{\"@type\":\"WebPage\",\"@id\":\"https:\\\/\\\/pediren.es\\\/cafeteria-totem\\\/producto\\\/tortitas\\\/\",\"url\":\"https:\\\/\\\/pediren.es\\\/cafeteria-totem\\\/producto\\\/tortitas\\\/\",\"name\":\"Tortita - Cafeter\u00eda T\u00f3tem\",\"isPartOf\":{\"@id\":\"https:\\\/\\\/pediren.es\\\/cafeteria-totem\\\/#website\"},\"primaryImageOfPage\":{\"@id\":\"https:\\\/\\\/pediren.es\\\/cafeteria-totem\\\/producto\\\/tortitas\\\/#primaryimage\"},\"image\":{\"@id\":\"https:\\\/\\\/pediren.es\\\/cafeteria-totem\\\/producto\\\/tortitas\\\/#primaryimage\"},\"thumbnailUrl\":\"https:\\\/\\\/pediren.es\\\/cafeteria-totem\\\/wp-content\\\/uploads\\\/sites\\\/17\\\/2024\\\/04\\\/tortita.jpg\",\"datePublished\":\"2024-04-09T06:11:56+00:00\",\"dateModified\":\"2024-06-28T09:18:51+00:00\",\"breadcrumb\":{\"@id\":\"https:\\\/\\\/pediren.es\\\/cafeteria-totem\\\/producto\\\/tortitas\\\/#breadcrumb\"},\"inLanguage\":\"es\",\"potentialAction\":[{\"@type\":\"ReadAction\",\"target\":[\"https:\\\/\\\/pediren.es\\\/cafeteria-totem\\\/producto\\\/tortitas\\\/\"]}]},{\"@type\":\"ImageObject\",\"inLanguage\":\"es\",\"@id\":\"https:\\\/\\\/pediren.es\\\/cafeteria-totem\\\/producto\\\/tortitas\\\/#primaryimage\",\"url\":\"https:\\\/\\\/pediren.es\\\/cafeteria-totem\\\/wp-content\\\/uploads\\\/sites\\\/17\\\/2024\\\/04\\\/tortita.jpg\",\"contentUrl\":\"https:\\\/\\\/pediren.es\\\/cafeteria-totem\\\/wp-content\\\/uploads\\\/sites\\\/17\\\/2024\\\/04\\\/tortita.jpg\",\"width\":1000,\"height\":600},{\"@type\":\"BreadcrumbList\",\"@id\":\"https:\\\/\\\/pediren.es\\\/cafeteria-totem\\\/producto\\\/tortitas\\\/#breadcrumb\",\"itemListElement\":[{\"@type\":\"ListItem\",\"position\":1,\"name\":\"Portada\",\"item\":\"https:\\\/\\\/pediren.es\\\/cafeteria-totem\\\/\"},{\"@type\":\"ListItem\",\"position\":2,\"name\":\"Cafeter\u00eda T\u00f3tem\",\"item\":\"https:\\\/\\\/pediren.es\\\/cafeteria-totem\\\/\"},{\"@type\":\"ListItem\",\"position\":3,\"name\":\"Tortita\"}]},{\"@type\":\"WebSite\",\"@id\":\"https:\\\/\\\/pediren.es\\\/cafeteria-totem\\\/#website\",\"url\":\"https:\\\/\\\/pediren.es\\\/cafeteria-totem\\\/\",\"name\":\"Cafeter\u00eda T\u00f3tem\",\"description\":\"Servicios Diversos Hermanos Gonzalez Mar\u00edn SL (B-70855234). Av. de Levante, 12. Jumilla, Murcia (30520).\",\"potentialAction\":[{\"@type\":\"SearchAction\",\"target\":{\"@type\":\"EntryPoint\",\"urlTemplate\":\"https:\\\/\\\/pediren.es\\\/cafeteria-totem\\\/?s={search_term_string}\"},\"query-input\":{\"@type\":\"PropertyValueSpecification\",\"valueRequired\":true,\"valueName\":\"search_term_string\"}}],\"inLanguage\":\"es\"}]}<\/script>\n<!-- \/ Yoast SEO plugin. -->","yoast_head_json":{"title":"Tortita - Cafeter\u00eda T\u00f3tem","robots":{"index":"noindex","follow":"follow"},"schema":{"@context":"https:\/\/schema.org","@graph":[{"@type":"WebPage","@id":"https:\/\/pediren.es\/cafeteria-totem\/producto\/tortitas\/","url":"https:\/\/pediren.es\/cafeteria-totem\/producto\/tortitas\/","name":"Tortita - Cafeter\u00eda T\u00f3tem","isPartOf":{"@id":"https:\/\/pediren.es\/cafeteria-totem\/#website"},"primaryImageOfPage":{"@id":"https:\/\/pediren.es\/cafeteria-totem\/producto\/tortitas\/#primaryimage"},"image":{"@id":"https:\/\/pediren.es\/cafeteria-totem\/producto\/tortitas\/#primaryimage"},"thumbnailUrl":"https:\/\/pediren.es\/cafeteria-totem\/wp-content\/uploads\/sites\/17\/2024\/04\/tortita.jpg","datePublished":"2024-04-09T06:11:56+00:00","dateModified":"2024-06-28T09:18:51+00:00","breadcrumb":{"@id":"https:\/\/pediren.es\/cafeteria-totem\/producto\/tortitas\/#breadcrumb"},"inLanguage":"es","potentialAction":[{"@type":"ReadAction","target":["https:\/\/pediren.es\/cafeteria-totem\/producto\/tortitas\/"]}]},{"@type":"ImageObject","inLanguage":"es","@id":"https:\/\/pediren.es\/cafeteria-totem\/producto\/tortitas\/#primaryimage","url":"https:\/\/pediren.es\/cafeteria-totem\/wp-content\/uploads\/sites\/17\/2024\/04\/tortita.jpg","contentUrl":"https:\/\/pediren.es\/cafeteria-totem\/wp-content\/uploads\/sites\/17\/2024\/04\/tortita.jpg","width":1000,"height":600},{"@type":"BreadcrumbList","@id":"https:\/\/pediren.es\/cafeteria-totem\/producto\/tortitas\/#breadcrumb","itemListElement":[{"@type":"ListItem","position":1,"name":"Portada","item":"https:\/\/pediren.es\/cafeteria-totem\/"},{"@type":"ListItem","position":2,"name":"Cafeter\u00eda T\u00f3tem","item":"https:\/\/pediren.es\/cafeteria-totem\/"},{"@type":"ListItem","position":3,"name":"Tortita"}]},{"@type":"WebSite","@id":"https:\/\/pediren.es\/cafeteria-totem\/#website","url":"https:\/\/pediren.es\/cafeteria-totem\/","name":"Cafeter\u00eda T\u00f3tem","description":"Servicios Diversos Hermanos Gonzalez Mar\u00edn SL (B-70855234). Av. de Levante, 12. Jumilla, Murcia (30520).","potentialAction":[{"@type":"SearchAction","target":{"@type":"EntryPoint","urlTemplate":"https:\/\/pediren.es\/cafeteria-totem\/?s={search_term_string}"},"query-input":{"@type":"PropertyValueSpecification","valueRequired":true,"valueName":"search_term_string"}}],"inLanguage":"es"}]}},"_links":{"self":[{"href":"https:\/\/pediren.es\/cafeteria-totem\/wp-json\/wp\/v2\/product\/126","targetHints":{"allow":["GET"]}}],"collection":[{"href":"https:\/\/pediren.es\/cafeteria-totem\/wp-json\/wp\/v2\/product"}],"about":[{"href":"https:\/\/pediren.es\/cafeteria-totem\/wp-json\/wp\/v2\/types\/product"}],"wp:featuredmedia":[{"embeddable":true,"href":"https:\/\/pediren.es\/cafeteria-totem\/wp-json\/wp\/v2\/media\/539"}],"wp:attachment":[{"href":"https:\/\/pediren.es\/cafeteria-totem\/wp-json\/wp\/v2\/media?parent=126"}],"wp:term":[{"taxonomy":"product_brand","embeddable":true,"href":"https:\/\/pediren.es\/cafeteria-totem\/wp-json\/wp\/v2\/product_brand?post=126"},{"taxonomy":"product_cat","embeddable":true,"href":"https:\/\/pediren.es\/cafeteria-totem\/wp-json\/wp\/v2\/product_cat?post=126"},{"taxonomy":"product_tag","embeddable":true,"href":"https:\/\/pediren.es\/cafeteria-totem\/wp-json\/wp\/v2\/product_tag?post=126"}],"curies":[{"name":"wp","href":"https:\/\/api.w.org\/{rel}","templated":true}]}}