{"id":288,"date":"2025-09-20T22:56:25","date_gmt":"2025-09-20T20:56:25","guid":{"rendered":"https:\/\/pediren.es\/boga-coffe-beer-villena\/?post_type=product&#038;p=288"},"modified":"2026-03-21T19:31:29","modified_gmt":"2026-03-21T18:31:29","slug":"box-mini-2-arepas-2-tequenos-patatas-bravas","status":"publish","type":"product","link":"https:\/\/pediren.es\/boga-coffe-beer-villena\/producto\/box-mini-2-arepas-2-tequenos-patatas-bravas\/","title":{"rendered":"Box Mini: 2 arepas + 2 teque\u00f1os + media de patatas b..."},"content":{"rendered":"<p>Elige a tu gusto: 2 arepas peque\u00f1as, 2 teque\u00f1os e incluye media raci\u00f3n de patatas bravas. Puedes indicar cualquier detalle al finalizar tu pedido.<br \/>\n<strong>AREPAS A ELEGIR:<\/strong><br \/>\n<strong>-Arepa Reina Pepiada:<\/strong> Pollo y crema de aguacate (aguacate, cebolla crujiente y mahonesa) en arepa de ma\u00edz.<br \/>\n<strong>-Arepa de aguacate con queso:<\/strong> En arepa de ma\u00edz.<br \/>\n<strong>-Arepa Pel\u00faa:<\/strong> Carne mechada y queso edam en arepa de ma\u00edz.<br \/>\n<strong>-Arepa solo carne mechada:<\/strong> En arepa de ma\u00edz.<br \/>\n<strong>-Arepa mixta:<\/strong> Jam\u00f3n york y queso blanco en arepa de ma\u00edz.<br \/>\n<strong>-Arepa combinada:<\/strong> Carne mechada, aguacate y queso blanco en arepa de ma\u00edz.<\/p>\n<p><strong>TEQUE\u00d1OS A ELEGIR:<\/strong><br \/>\n<strong>-El Cl\u00e1sico:<\/strong> Masa cl\u00e1sica con relleno de queso blanco.<br \/>\n<strong>-El Verde:<\/strong> Masa de ajo y perejil con relleno de queso blanco.<br \/>\n<strong>-El Colorao:<\/strong> Masa de tomates secos con relleno de queso edam.<br \/>\n<strong>-El Confitao:<\/strong> Masa de cebolla caramelizada con relleno de queso blanco.<br \/>\n<strong>-El Postre:<\/strong> Masa cl\u00e1sica con relleno de chocolate.<br \/>\n<strong>-El Mixto:<\/strong> Masa cl\u00e1sica con relleno de jam\u00f3n y queso blanco.<br \/>\n<strong>-El Tropical:<\/strong> Masa cl\u00e1sica con relleno de pi\u00f1a, bacon y queso blanco.<br \/>\n<strong>-El Dulz\u00f3n:<\/strong> Masa cl\u00e1sica con relleno de membrillo y queso blanco.<br \/>\n<strong>-El Exquisito:<\/strong> Masa cl\u00e1sica con relleno de trufa y queso blanco.<\/p>\n","protected":false},"excerpt":{"rendered":"<p>Elige a tu gusto: 2 arepas peque\u00f1as, 2 teque\u00f1os e incluye media raci\u00f3n de patatas bravas. Puedes indicar cualquier detalle al finalizar tu pedido. AREPAS A ELEGIR: -Arepa Reina Pepiada: Pollo y crema de aguacate (aguacate, cebolla crujiente y mahonesa) en arepa de ma\u00edz. -Arepa de aguacate con queso: En arepa de ma\u00edz. -Arepa Pel\u00faa: [&hellip;]<\/p>\n","protected":false},"featured_media":0,"template":"","meta":{"_et_pb_use_builder":"","_et_pb_old_content":"","_et_gb_content_width":""},"product_brand":[],"product_cat":[47],"product_tag":[],"class_list":{"0":"post-288","1":"product","2":"type-product","3":"status-publish","5":"product_cat-promos","7":"first","8":"instock","9":"taxable","10":"shipping-taxable","11":"purchasable","12":"product-type-simple"},"yoast_head":"<!-- This site is optimized with the Yoast SEO plugin v27.4 - https:\/\/yoast.com\/product\/yoast-seo-wordpress\/ -->\n<title>Box Mini: 2 arepas + 2 teque\u00f1os + media de patatas bravas - Boga Coffe Beer<\/title>\n<meta name=\"robots\" content=\"noindex, follow\" \/>\n<script type=\"application\/ld+json\" class=\"yoast-schema-graph\">{\"@context\":\"https:\\\/\\\/schema.org\",\"@graph\":[{\"@type\":\"WebPage\",\"@id\":\"https:\\\/\\\/pediren.es\\\/boga-coffe-beer-villena\\\/producto\\\/box-mini-2-arepas-2-tequenos-patatas-bravas\\\/\",\"url\":\"https:\\\/\\\/pediren.es\\\/boga-coffe-beer-villena\\\/producto\\\/box-mini-2-arepas-2-tequenos-patatas-bravas\\\/\",\"name\":\"Box Mini: 2 arepas + 2 teque\u00f1os + media de patatas bravas - Boga Coffe Beer\",\"isPartOf\":{\"@id\":\"https:\\\/\\\/pediren.es\\\/boga-coffe-beer-villena\\\/#website\"},\"datePublished\":\"2025-09-20T20:56:25+00:00\",\"dateModified\":\"2026-03-21T18:31:29+00:00\",\"breadcrumb\":{\"@id\":\"https:\\\/\\\/pediren.es\\\/boga-coffe-beer-villena\\\/producto\\\/box-mini-2-arepas-2-tequenos-patatas-bravas\\\/#breadcrumb\"},\"inLanguage\":\"es\",\"potentialAction\":[{\"@type\":\"ReadAction\",\"target\":[\"https:\\\/\\\/pediren.es\\\/boga-coffe-beer-villena\\\/producto\\\/box-mini-2-arepas-2-tequenos-patatas-bravas\\\/\"]}]},{\"@type\":\"BreadcrumbList\",\"@id\":\"https:\\\/\\\/pediren.es\\\/boga-coffe-beer-villena\\\/producto\\\/box-mini-2-arepas-2-tequenos-patatas-bravas\\\/#breadcrumb\",\"itemListElement\":[{\"@type\":\"ListItem\",\"position\":1,\"name\":\"Portada\",\"item\":\"https:\\\/\\\/pediren.es\\\/boga-coffe-beer-villena\\\/\"},{\"@type\":\"ListItem\",\"position\":2,\"name\":\"Boga Coffe Beer Villena\",\"item\":\"https:\\\/\\\/pediren.es\\\/boga-coffe-beer-villena\\\/\"},{\"@type\":\"ListItem\",\"position\":3,\"name\":\"Box Mini: 2 arepas + 2 teque\u00f1os + media de patatas b...\"}]},{\"@type\":\"WebSite\",\"@id\":\"https:\\\/\\\/pediren.es\\\/boga-coffe-beer-villena\\\/#website\",\"url\":\"https:\\\/\\\/pediren.es\\\/boga-coffe-beer-villena\\\/\",\"name\":\"Boga Coffe Beer\",\"description\":\"Arepas, teque\u00f1os y unos Boga-tillas con los que flipar\",\"publisher\":{\"@id\":\"https:\\\/\\\/pediren.es\\\/boga-coffe-beer-villena\\\/#organization\"},\"potentialAction\":[{\"@type\":\"SearchAction\",\"target\":{\"@type\":\"EntryPoint\",\"urlTemplate\":\"https:\\\/\\\/pediren.es\\\/boga-coffe-beer-villena\\\/?s={search_term_string}\"},\"query-input\":{\"@type\":\"PropertyValueSpecification\",\"valueRequired\":true,\"valueName\":\"search_term_string\"}}],\"inLanguage\":\"es\"},{\"@type\":\"Organization\",\"@id\":\"https:\\\/\\\/pediren.es\\\/boga-coffe-beer-villena\\\/#organization\",\"name\":\"PedirEnJumilla.es\",\"alternateName\":\"Pedir En Jumilla\",\"url\":\"https:\\\/\\\/pediren.es\\\/boga-coffe-beer-villena\\\/\",\"logo\":{\"@type\":\"ImageObject\",\"inLanguage\":\"es\",\"@id\":\"https:\\\/\\\/pediren.es\\\/boga-coffe-beer-villena\\\/#\\\/schema\\\/logo\\\/image\\\/\",\"url\":\"https:\\\/\\\/pediren.es\\\/wp-content\\\/uploads\\\/2024\\\/02\\\/pedir-en-jumilla-es-logo.svg\",\"contentUrl\":\"https:\\\/\\\/pediren.es\\\/wp-content\\\/uploads\\\/2024\\\/02\\\/pedir-en-jumilla-es-logo.svg\",\"width\":500,\"height\":173,\"caption\":\"PedirEnJumilla.es\"},\"image\":{\"@id\":\"https:\\\/\\\/pediren.es\\\/boga-coffe-beer-villena\\\/#\\\/schema\\\/logo\\\/image\\\/\"},\"sameAs\":[\"https:\\\/\\\/www.facebook.com\\\/pediren.es\",\"https:\\\/\\\/www.instagram.com\\\/pediren.es\\\/\"]}]}<\/script>\n<!-- \/ Yoast SEO plugin. -->","yoast_head_json":{"title":"Box Mini: 2 arepas + 2 teque\u00f1os + media de patatas bravas - Boga Coffe Beer","robots":{"index":"noindex","follow":"follow"},"schema":{"@context":"https:\/\/schema.org","@graph":[{"@type":"WebPage","@id":"https:\/\/pediren.es\/boga-coffe-beer-villena\/producto\/box-mini-2-arepas-2-tequenos-patatas-bravas\/","url":"https:\/\/pediren.es\/boga-coffe-beer-villena\/producto\/box-mini-2-arepas-2-tequenos-patatas-bravas\/","name":"Box Mini: 2 arepas + 2 teque\u00f1os + media de patatas bravas - Boga Coffe Beer","isPartOf":{"@id":"https:\/\/pediren.es\/boga-coffe-beer-villena\/#website"},"datePublished":"2025-09-20T20:56:25+00:00","dateModified":"2026-03-21T18:31:29+00:00","breadcrumb":{"@id":"https:\/\/pediren.es\/boga-coffe-beer-villena\/producto\/box-mini-2-arepas-2-tequenos-patatas-bravas\/#breadcrumb"},"inLanguage":"es","potentialAction":[{"@type":"ReadAction","target":["https:\/\/pediren.es\/boga-coffe-beer-villena\/producto\/box-mini-2-arepas-2-tequenos-patatas-bravas\/"]}]},{"@type":"BreadcrumbList","@id":"https:\/\/pediren.es\/boga-coffe-beer-villena\/producto\/box-mini-2-arepas-2-tequenos-patatas-bravas\/#breadcrumb","itemListElement":[{"@type":"ListItem","position":1,"name":"Portada","item":"https:\/\/pediren.es\/boga-coffe-beer-villena\/"},{"@type":"ListItem","position":2,"name":"Boga Coffe Beer Villena","item":"https:\/\/pediren.es\/boga-coffe-beer-villena\/"},{"@type":"ListItem","position":3,"name":"Box Mini: 2 arepas + 2 teque\u00f1os + media de patatas b..."}]},{"@type":"WebSite","@id":"https:\/\/pediren.es\/boga-coffe-beer-villena\/#website","url":"https:\/\/pediren.es\/boga-coffe-beer-villena\/","name":"Boga Coffe Beer","description":"Arepas, teque\u00f1os y unos Boga-tillas con los que flipar","publisher":{"@id":"https:\/\/pediren.es\/boga-coffe-beer-villena\/#organization"},"potentialAction":[{"@type":"SearchAction","target":{"@type":"EntryPoint","urlTemplate":"https:\/\/pediren.es\/boga-coffe-beer-villena\/?s={search_term_string}"},"query-input":{"@type":"PropertyValueSpecification","valueRequired":true,"valueName":"search_term_string"}}],"inLanguage":"es"},{"@type":"Organization","@id":"https:\/\/pediren.es\/boga-coffe-beer-villena\/#organization","name":"PedirEnJumilla.es","alternateName":"Pedir En Jumilla","url":"https:\/\/pediren.es\/boga-coffe-beer-villena\/","logo":{"@type":"ImageObject","inLanguage":"es","@id":"https:\/\/pediren.es\/boga-coffe-beer-villena\/#\/schema\/logo\/image\/","url":"https:\/\/pediren.es\/wp-content\/uploads\/2024\/02\/pedir-en-jumilla-es-logo.svg","contentUrl":"https:\/\/pediren.es\/wp-content\/uploads\/2024\/02\/pedir-en-jumilla-es-logo.svg","width":500,"height":173,"caption":"PedirEnJumilla.es"},"image":{"@id":"https:\/\/pediren.es\/boga-coffe-beer-villena\/#\/schema\/logo\/image\/"},"sameAs":["https:\/\/www.facebook.com\/pediren.es","https:\/\/www.instagram.com\/pediren.es\/"]}]}},"_links":{"self":[{"href":"https:\/\/pediren.es\/boga-coffe-beer-villena\/wp-json\/wp\/v2\/product\/288","targetHints":{"allow":["GET"]}}],"collection":[{"href":"https:\/\/pediren.es\/boga-coffe-beer-villena\/wp-json\/wp\/v2\/product"}],"about":[{"href":"https:\/\/pediren.es\/boga-coffe-beer-villena\/wp-json\/wp\/v2\/types\/product"}],"wp:attachment":[{"href":"https:\/\/pediren.es\/boga-coffe-beer-villena\/wp-json\/wp\/v2\/media?parent=288"}],"wp:term":[{"taxonomy":"product_brand","embeddable":true,"href":"https:\/\/pediren.es\/boga-coffe-beer-villena\/wp-json\/wp\/v2\/product_brand?post=288"},{"taxonomy":"product_cat","embeddable":true,"href":"https:\/\/pediren.es\/boga-coffe-beer-villena\/wp-json\/wp\/v2\/product_cat?post=288"},{"taxonomy":"product_tag","embeddable":true,"href":"https:\/\/pediren.es\/boga-coffe-beer-villena\/wp-json\/wp\/v2\/product_tag?post=288"}],"curies":[{"name":"wp","href":"https:\/\/api.w.org\/{rel}","templated":true}]}}