{"id":78,"date":"2025-09-24T08:49:23","date_gmt":"2025-09-24T06:49:23","guid":{"rendered":"https:\/\/pediren.es\/bocateria-instituto-cieza\/producto\/3-burger-americana\/"},"modified":"2026-02-27T09:54:08","modified_gmt":"2026-02-27T08:54:08","slug":"burger-americana","status":"publish","type":"product","link":"https:\/\/pediren.es\/bocateria-instituto-cieza\/producto\/burger-americana\/","title":{"rendered":"Burger Americana"},"content":{"rendered":"<p>Carne, queso, bacon, tomate y lechuga.<\/p>\n","protected":false},"excerpt":{"rendered":"<p>Carne, queso, bacon, tomate y lechuga.<\/p>\n","protected":false},"featured_media":0,"template":"","meta":{"_et_pb_use_builder":"","_et_pb_old_content":"","_et_gb_content_width":""},"product_brand":[],"product_cat":[19],"product_tag":[],"class_list":{"0":"post-78","1":"product","2":"type-product","3":"status-publish","5":"product_cat-burgers","7":"first","8":"instock","9":"featured","10":"taxable","11":"shipping-taxable","12":"purchasable","13":"product-type-simple"},"yoast_head":"<!-- This site is optimized with the Yoast SEO plugin v27.4 - https:\/\/yoast.com\/product\/yoast-seo-wordpress\/ -->\n<title>Burger Americana - Bocater\u00eda Instituto<\/title>\n<meta name=\"robots\" content=\"index, follow, max-snippet:-1, max-image-preview:large, max-video-preview:-1\" \/>\n<link rel=\"canonical\" href=\"https:\/\/pediren.es\/bocateria-instituto-cieza\/producto\/burger-americana\/\" \/>\n<meta property=\"og:locale\" content=\"es_ES\" \/>\n<meta property=\"og:type\" content=\"article\" \/>\n<meta property=\"og:title\" content=\"Burger Americana - Bocater\u00eda Instituto\" \/>\n<meta property=\"og:description\" content=\"Carne, queso, bacon, tomate y lechuga.\" \/>\n<meta property=\"og:url\" content=\"https:\/\/pediren.es\/bocateria-instituto-cieza\/producto\/burger-americana\/\" \/>\n<meta property=\"og:site_name\" content=\"Bocater\u00eda Instituto\" \/>\n<meta property=\"article:modified_time\" content=\"2026-02-27T08:54:08+00:00\" \/>\n<meta name=\"twitter:card\" content=\"summary_large_image\" \/>\n<script type=\"application\/ld+json\" class=\"yoast-schema-graph\">{\"@context\":\"https:\\\/\\\/schema.org\",\"@graph\":[{\"@type\":\"WebPage\",\"@id\":\"https:\\\/\\\/pediren.es\\\/bocateria-instituto-cieza\\\/producto\\\/burger-americana\\\/\",\"url\":\"https:\\\/\\\/pediren.es\\\/bocateria-instituto-cieza\\\/producto\\\/burger-americana\\\/\",\"name\":\"Burger Americana - Bocater\u00eda Instituto\",\"isPartOf\":{\"@id\":\"https:\\\/\\\/pediren.es\\\/bocateria-instituto-cieza\\\/#website\"},\"datePublished\":\"2025-09-24T06:49:23+00:00\",\"dateModified\":\"2026-02-27T08:54:08+00:00\",\"breadcrumb\":{\"@id\":\"https:\\\/\\\/pediren.es\\\/bocateria-instituto-cieza\\\/producto\\\/burger-americana\\\/#breadcrumb\"},\"inLanguage\":\"es\",\"potentialAction\":[{\"@type\":\"ReadAction\",\"target\":[\"https:\\\/\\\/pediren.es\\\/bocateria-instituto-cieza\\\/producto\\\/burger-americana\\\/\"]}]},{\"@type\":\"BreadcrumbList\",\"@id\":\"https:\\\/\\\/pediren.es\\\/bocateria-instituto-cieza\\\/producto\\\/burger-americana\\\/#breadcrumb\",\"itemListElement\":[{\"@type\":\"ListItem\",\"position\":1,\"name\":\"Portada\",\"item\":\"https:\\\/\\\/pediren.es\\\/bocateria-instituto-cieza\\\/\"},{\"@type\":\"ListItem\",\"position\":2,\"name\":\"Bocater\u00eda Instituto Cieza\",\"item\":\"https:\\\/\\\/pediren.es\\\/bocateria-instituto-cieza\\\/\"},{\"@type\":\"ListItem\",\"position\":3,\"name\":\"Burger Americana\"}]},{\"@type\":\"WebSite\",\"@id\":\"https:\\\/\\\/pediren.es\\\/bocateria-instituto-cieza\\\/#website\",\"url\":\"https:\\\/\\\/pediren.es\\\/bocateria-instituto-cieza\\\/\",\"name\":\"Bocater\u00eda Instituto\",\"description\":\"Los bocatas m\u00e1s famosos de Cieza se piden aqu\u00ed\",\"potentialAction\":[{\"@type\":\"SearchAction\",\"target\":{\"@type\":\"EntryPoint\",\"urlTemplate\":\"https:\\\/\\\/pediren.es\\\/bocateria-instituto-cieza\\\/?s={search_term_string}\"},\"query-input\":{\"@type\":\"PropertyValueSpecification\",\"valueRequired\":true,\"valueName\":\"search_term_string\"}}],\"inLanguage\":\"es\"}]}<\/script>\n<!-- \/ Yoast SEO plugin. -->","yoast_head_json":{"title":"Burger Americana - Bocater\u00eda Instituto","robots":{"index":"index","follow":"follow","max-snippet":"max-snippet:-1","max-image-preview":"max-image-preview:large","max-video-preview":"max-video-preview:-1"},"canonical":"https:\/\/pediren.es\/bocateria-instituto-cieza\/producto\/burger-americana\/","og_locale":"es_ES","og_type":"article","og_title":"Burger Americana - Bocater\u00eda Instituto","og_description":"Carne, queso, bacon, tomate y lechuga.","og_url":"https:\/\/pediren.es\/bocateria-instituto-cieza\/producto\/burger-americana\/","og_site_name":"Bocater\u00eda Instituto","article_modified_time":"2026-02-27T08:54:08+00:00","twitter_card":"summary_large_image","schema":{"@context":"https:\/\/schema.org","@graph":[{"@type":"WebPage","@id":"https:\/\/pediren.es\/bocateria-instituto-cieza\/producto\/burger-americana\/","url":"https:\/\/pediren.es\/bocateria-instituto-cieza\/producto\/burger-americana\/","name":"Burger Americana - Bocater\u00eda Instituto","isPartOf":{"@id":"https:\/\/pediren.es\/bocateria-instituto-cieza\/#website"},"datePublished":"2025-09-24T06:49:23+00:00","dateModified":"2026-02-27T08:54:08+00:00","breadcrumb":{"@id":"https:\/\/pediren.es\/bocateria-instituto-cieza\/producto\/burger-americana\/#breadcrumb"},"inLanguage":"es","potentialAction":[{"@type":"ReadAction","target":["https:\/\/pediren.es\/bocateria-instituto-cieza\/producto\/burger-americana\/"]}]},{"@type":"BreadcrumbList","@id":"https:\/\/pediren.es\/bocateria-instituto-cieza\/producto\/burger-americana\/#breadcrumb","itemListElement":[{"@type":"ListItem","position":1,"name":"Portada","item":"https:\/\/pediren.es\/bocateria-instituto-cieza\/"},{"@type":"ListItem","position":2,"name":"Bocater\u00eda Instituto Cieza","item":"https:\/\/pediren.es\/bocateria-instituto-cieza\/"},{"@type":"ListItem","position":3,"name":"Burger Americana"}]},{"@type":"WebSite","@id":"https:\/\/pediren.es\/bocateria-instituto-cieza\/#website","url":"https:\/\/pediren.es\/bocateria-instituto-cieza\/","name":"Bocater\u00eda Instituto","description":"Los bocatas m\u00e1s famosos de Cieza se piden aqu\u00ed","potentialAction":[{"@type":"SearchAction","target":{"@type":"EntryPoint","urlTemplate":"https:\/\/pediren.es\/bocateria-instituto-cieza\/?s={search_term_string}"},"query-input":{"@type":"PropertyValueSpecification","valueRequired":true,"valueName":"search_term_string"}}],"inLanguage":"es"}]}},"_links":{"self":[{"href":"https:\/\/pediren.es\/bocateria-instituto-cieza\/wp-json\/wp\/v2\/product\/78","targetHints":{"allow":["GET"]}}],"collection":[{"href":"https:\/\/pediren.es\/bocateria-instituto-cieza\/wp-json\/wp\/v2\/product"}],"about":[{"href":"https:\/\/pediren.es\/bocateria-instituto-cieza\/wp-json\/wp\/v2\/types\/product"}],"wp:attachment":[{"href":"https:\/\/pediren.es\/bocateria-instituto-cieza\/wp-json\/wp\/v2\/media?parent=78"}],"wp:term":[{"taxonomy":"product_brand","embeddable":true,"href":"https:\/\/pediren.es\/bocateria-instituto-cieza\/wp-json\/wp\/v2\/product_brand?post=78"},{"taxonomy":"product_cat","embeddable":true,"href":"https:\/\/pediren.es\/bocateria-instituto-cieza\/wp-json\/wp\/v2\/product_cat?post=78"},{"taxonomy":"product_tag","embeddable":true,"href":"https:\/\/pediren.es\/bocateria-instituto-cieza\/wp-json\/wp\/v2\/product_tag?post=78"}],"curies":[{"name":"wp","href":"https:\/\/api.w.org\/{rel}","templated":true}]}}