{"id":227,"date":"2026-02-27T10:04:36","date_gmt":"2026-02-27T09:04:36","guid":{"rendered":"https:\/\/pediren.es\/bocateria-instituto-cieza\/?post_type=product&#038;p=227"},"modified":"2026-02-27T10:10:12","modified_gmt":"2026-02-27T09:10:12","slug":"13-bocadillo-cantabrico","status":"publish","type":"product","link":"https:\/\/pediren.es\/bocateria-instituto-cieza\/producto\/13-bocadillo-cantabrico\/","title":{"rendered":"13. Bocadillo Cantabrico"},"content":{"rendered":"<p>At\u00fan, Anchoas, Pimiento morron, Tomate y Mahonesa<\/p>\n","protected":false},"excerpt":{"rendered":"<p>At\u00fan, Anchoas, Pimiento morron, Tomate y Mahonesa<\/p>\n","protected":false},"featured_media":0,"template":"","meta":{"_et_pb_use_builder":"","_et_pb_old_content":"","_et_gb_content_width":""},"product_brand":[],"product_cat":[17],"product_tag":[],"class_list":{"0":"post-227","1":"product","2":"type-product","3":"status-publish","5":"product_cat-bocadillos","7":"first","8":"instock","9":"taxable","10":"shipping-taxable","11":"purchasable","12":"product-type-simple"},"yoast_head":"<!-- This site is optimized with the Yoast SEO plugin v27.4 - https:\/\/yoast.com\/product\/yoast-seo-wordpress\/ -->\n<title>13. Bocadillo Cantabrico - Bocater\u00eda Instituto<\/title>\n<meta name=\"robots\" content=\"index, follow, max-snippet:-1, max-image-preview:large, max-video-preview:-1\" \/>\n<link rel=\"canonical\" href=\"https:\/\/pediren.es\/bocateria-instituto-cieza\/producto\/13-bocadillo-cantabrico\/\" \/>\n<meta property=\"og:locale\" content=\"es_ES\" \/>\n<meta property=\"og:type\" content=\"article\" \/>\n<meta property=\"og:title\" content=\"13. Bocadillo Cantabrico - Bocater\u00eda Instituto\" \/>\n<meta property=\"og:description\" content=\"At\u00fan, Anchoas, Pimiento morron, Tomate y Mahonesa\" \/>\n<meta property=\"og:url\" content=\"https:\/\/pediren.es\/bocateria-instituto-cieza\/producto\/13-bocadillo-cantabrico\/\" \/>\n<meta property=\"og:site_name\" content=\"Bocater\u00eda Instituto\" \/>\n<meta property=\"article:modified_time\" content=\"2026-02-27T09:10:12+00:00\" \/>\n<meta name=\"twitter:card\" content=\"summary_large_image\" \/>\n<script type=\"application\/ld+json\" class=\"yoast-schema-graph\">{\"@context\":\"https:\\\/\\\/schema.org\",\"@graph\":[{\"@type\":\"WebPage\",\"@id\":\"https:\\\/\\\/pediren.es\\\/bocateria-instituto-cieza\\\/producto\\\/13-bocadillo-cantabrico\\\/\",\"url\":\"https:\\\/\\\/pediren.es\\\/bocateria-instituto-cieza\\\/producto\\\/13-bocadillo-cantabrico\\\/\",\"name\":\"13. Bocadillo Cantabrico - Bocater\u00eda Instituto\",\"isPartOf\":{\"@id\":\"https:\\\/\\\/pediren.es\\\/bocateria-instituto-cieza\\\/#website\"},\"datePublished\":\"2026-02-27T09:04:36+00:00\",\"dateModified\":\"2026-02-27T09:10:12+00:00\",\"breadcrumb\":{\"@id\":\"https:\\\/\\\/pediren.es\\\/bocateria-instituto-cieza\\\/producto\\\/13-bocadillo-cantabrico\\\/#breadcrumb\"},\"inLanguage\":\"es\",\"potentialAction\":[{\"@type\":\"ReadAction\",\"target\":[\"https:\\\/\\\/pediren.es\\\/bocateria-instituto-cieza\\\/producto\\\/13-bocadillo-cantabrico\\\/\"]}]},{\"@type\":\"BreadcrumbList\",\"@id\":\"https:\\\/\\\/pediren.es\\\/bocateria-instituto-cieza\\\/producto\\\/13-bocadillo-cantabrico\\\/#breadcrumb\",\"itemListElement\":[{\"@type\":\"ListItem\",\"position\":1,\"name\":\"Portada\",\"item\":\"https:\\\/\\\/pediren.es\\\/bocateria-instituto-cieza\\\/\"},{\"@type\":\"ListItem\",\"position\":2,\"name\":\"Bocater\u00eda Instituto Cieza\",\"item\":\"https:\\\/\\\/pediren.es\\\/bocateria-instituto-cieza\\\/\"},{\"@type\":\"ListItem\",\"position\":3,\"name\":\"13. Bocadillo Cantabrico\"}]},{\"@type\":\"WebSite\",\"@id\":\"https:\\\/\\\/pediren.es\\\/bocateria-instituto-cieza\\\/#website\",\"url\":\"https:\\\/\\\/pediren.es\\\/bocateria-instituto-cieza\\\/\",\"name\":\"Bocater\u00eda Instituto\",\"description\":\"Los bocatas m\u00e1s famosos de Cieza se piden aqu\u00ed\",\"potentialAction\":[{\"@type\":\"SearchAction\",\"target\":{\"@type\":\"EntryPoint\",\"urlTemplate\":\"https:\\\/\\\/pediren.es\\\/bocateria-instituto-cieza\\\/?s={search_term_string}\"},\"query-input\":{\"@type\":\"PropertyValueSpecification\",\"valueRequired\":true,\"valueName\":\"search_term_string\"}}],\"inLanguage\":\"es\"}]}<\/script>\n<!-- \/ Yoast SEO plugin. -->","yoast_head_json":{"title":"13. Bocadillo Cantabrico - Bocater\u00eda Instituto","robots":{"index":"index","follow":"follow","max-snippet":"max-snippet:-1","max-image-preview":"max-image-preview:large","max-video-preview":"max-video-preview:-1"},"canonical":"https:\/\/pediren.es\/bocateria-instituto-cieza\/producto\/13-bocadillo-cantabrico\/","og_locale":"es_ES","og_type":"article","og_title":"13. Bocadillo Cantabrico - Bocater\u00eda Instituto","og_description":"At\u00fan, Anchoas, Pimiento morron, Tomate y Mahonesa","og_url":"https:\/\/pediren.es\/bocateria-instituto-cieza\/producto\/13-bocadillo-cantabrico\/","og_site_name":"Bocater\u00eda Instituto","article_modified_time":"2026-02-27T09:10:12+00:00","twitter_card":"summary_large_image","schema":{"@context":"https:\/\/schema.org","@graph":[{"@type":"WebPage","@id":"https:\/\/pediren.es\/bocateria-instituto-cieza\/producto\/13-bocadillo-cantabrico\/","url":"https:\/\/pediren.es\/bocateria-instituto-cieza\/producto\/13-bocadillo-cantabrico\/","name":"13. Bocadillo Cantabrico - Bocater\u00eda Instituto","isPartOf":{"@id":"https:\/\/pediren.es\/bocateria-instituto-cieza\/#website"},"datePublished":"2026-02-27T09:04:36+00:00","dateModified":"2026-02-27T09:10:12+00:00","breadcrumb":{"@id":"https:\/\/pediren.es\/bocateria-instituto-cieza\/producto\/13-bocadillo-cantabrico\/#breadcrumb"},"inLanguage":"es","potentialAction":[{"@type":"ReadAction","target":["https:\/\/pediren.es\/bocateria-instituto-cieza\/producto\/13-bocadillo-cantabrico\/"]}]},{"@type":"BreadcrumbList","@id":"https:\/\/pediren.es\/bocateria-instituto-cieza\/producto\/13-bocadillo-cantabrico\/#breadcrumb","itemListElement":[{"@type":"ListItem","position":1,"name":"Portada","item":"https:\/\/pediren.es\/bocateria-instituto-cieza\/"},{"@type":"ListItem","position":2,"name":"Bocater\u00eda Instituto Cieza","item":"https:\/\/pediren.es\/bocateria-instituto-cieza\/"},{"@type":"ListItem","position":3,"name":"13. Bocadillo Cantabrico"}]},{"@type":"WebSite","@id":"https:\/\/pediren.es\/bocateria-instituto-cieza\/#website","url":"https:\/\/pediren.es\/bocateria-instituto-cieza\/","name":"Bocater\u00eda Instituto","description":"Los bocatas m\u00e1s famosos de Cieza se piden aqu\u00ed","potentialAction":[{"@type":"SearchAction","target":{"@type":"EntryPoint","urlTemplate":"https:\/\/pediren.es\/bocateria-instituto-cieza\/?s={search_term_string}"},"query-input":{"@type":"PropertyValueSpecification","valueRequired":true,"valueName":"search_term_string"}}],"inLanguage":"es"}]}},"_links":{"self":[{"href":"https:\/\/pediren.es\/bocateria-instituto-cieza\/wp-json\/wp\/v2\/product\/227","targetHints":{"allow":["GET"]}}],"collection":[{"href":"https:\/\/pediren.es\/bocateria-instituto-cieza\/wp-json\/wp\/v2\/product"}],"about":[{"href":"https:\/\/pediren.es\/bocateria-instituto-cieza\/wp-json\/wp\/v2\/types\/product"}],"wp:attachment":[{"href":"https:\/\/pediren.es\/bocateria-instituto-cieza\/wp-json\/wp\/v2\/media?parent=227"}],"wp:term":[{"taxonomy":"product_brand","embeddable":true,"href":"https:\/\/pediren.es\/bocateria-instituto-cieza\/wp-json\/wp\/v2\/product_brand?post=227"},{"taxonomy":"product_cat","embeddable":true,"href":"https:\/\/pediren.es\/bocateria-instituto-cieza\/wp-json\/wp\/v2\/product_cat?post=227"},{"taxonomy":"product_tag","embeddable":true,"href":"https:\/\/pediren.es\/bocateria-instituto-cieza\/wp-json\/wp\/v2\/product_tag?post=227"}],"curies":[{"name":"wp","href":"https:\/\/api.w.org\/{rel}","templated":true}]}}