{"id":107,"date":"2025-09-24T08:49:25","date_gmt":"2025-09-24T06:49:25","guid":{"rendered":"https:\/\/pediren.es\/bocateria-instituto-cieza\/producto\/fanta-limon-bote\/"},"modified":"2026-02-26T18:40:26","modified_gmt":"2026-02-26T17:40:26","slug":"fanta-limon-bote","status":"publish","type":"product","link":"https:\/\/pediren.es\/bocateria-instituto-cieza\/producto\/fanta-limon-bote\/","title":{"rendered":"Fanta lim\u00f3n (bote)"},"content":{"rendered":"","protected":false},"excerpt":{"rendered":"","protected":false},"featured_media":41,"template":"","meta":{"_et_pb_use_builder":"","_et_pb_old_content":"","_et_gb_content_width":""},"product_brand":[],"product_cat":[22],"product_tag":[],"class_list":{"0":"post-107","1":"product","2":"type-product","3":"status-publish","4":"has-post-thumbnail","6":"product_cat-bebidas","8":"first","9":"instock","10":"taxable","11":"shipping-taxable","12":"purchasable","13":"product-type-simple"},"yoast_head":"<!-- This site is optimized with the Yoast SEO plugin v27.4 - https:\/\/yoast.com\/product\/yoast-seo-wordpress\/ -->\n<title>Fanta lim\u00f3n (bote) - Bocater\u00eda Instituto<\/title>\n<meta name=\"robots\" content=\"index, follow, max-snippet:-1, max-image-preview:large, max-video-preview:-1\" \/>\n<link rel=\"canonical\" href=\"https:\/\/pediren.es\/bocateria-instituto-cieza\/producto\/fanta-limon-bote\/\" \/>\n<meta property=\"og:locale\" content=\"es_ES\" \/>\n<meta property=\"og:type\" content=\"article\" \/>\n<meta property=\"og:title\" content=\"Fanta lim\u00f3n (bote) - Bocater\u00eda Instituto\" \/>\n<meta property=\"og:url\" content=\"https:\/\/pediren.es\/bocateria-instituto-cieza\/producto\/fanta-limon-bote\/\" \/>\n<meta property=\"og:site_name\" content=\"Bocater\u00eda Instituto\" \/>\n<meta property=\"article:modified_time\" content=\"2026-02-26T17:40:26+00:00\" \/>\n<meta property=\"og:image\" content=\"https:\/\/pediren.es\/bocateria-instituto-cieza\/wp-content\/uploads\/sites\/127\/2025\/09\/fanta-limon-bote.jpg\" \/>\n\t<meta property=\"og:image:width\" content=\"1000\" \/>\n\t<meta property=\"og:image:height\" content=\"600\" \/>\n\t<meta property=\"og:image:type\" content=\"image\/jpeg\" \/>\n<meta name=\"twitter:card\" content=\"summary_large_image\" \/>\n<script type=\"application\/ld+json\" class=\"yoast-schema-graph\">{\"@context\":\"https:\\\/\\\/schema.org\",\"@graph\":[{\"@type\":\"WebPage\",\"@id\":\"https:\\\/\\\/pediren.es\\\/bocateria-instituto-cieza\\\/producto\\\/fanta-limon-bote\\\/\",\"url\":\"https:\\\/\\\/pediren.es\\\/bocateria-instituto-cieza\\\/producto\\\/fanta-limon-bote\\\/\",\"name\":\"Fanta lim\u00f3n (bote) - Bocater\u00eda Instituto\",\"isPartOf\":{\"@id\":\"https:\\\/\\\/pediren.es\\\/bocateria-instituto-cieza\\\/#website\"},\"primaryImageOfPage\":{\"@id\":\"https:\\\/\\\/pediren.es\\\/bocateria-instituto-cieza\\\/producto\\\/fanta-limon-bote\\\/#primaryimage\"},\"image\":{\"@id\":\"https:\\\/\\\/pediren.es\\\/bocateria-instituto-cieza\\\/producto\\\/fanta-limon-bote\\\/#primaryimage\"},\"thumbnailUrl\":\"https:\\\/\\\/pediren.es\\\/bocateria-instituto-cieza\\\/wp-content\\\/uploads\\\/sites\\\/127\\\/2025\\\/09\\\/fanta-limon-bote.jpg\",\"datePublished\":\"2025-09-24T06:49:25+00:00\",\"dateModified\":\"2026-02-26T17:40:26+00:00\",\"breadcrumb\":{\"@id\":\"https:\\\/\\\/pediren.es\\\/bocateria-instituto-cieza\\\/producto\\\/fanta-limon-bote\\\/#breadcrumb\"},\"inLanguage\":\"es\",\"potentialAction\":[{\"@type\":\"ReadAction\",\"target\":[\"https:\\\/\\\/pediren.es\\\/bocateria-instituto-cieza\\\/producto\\\/fanta-limon-bote\\\/\"]}]},{\"@type\":\"ImageObject\",\"inLanguage\":\"es\",\"@id\":\"https:\\\/\\\/pediren.es\\\/bocateria-instituto-cieza\\\/producto\\\/fanta-limon-bote\\\/#primaryimage\",\"url\":\"https:\\\/\\\/pediren.es\\\/bocateria-instituto-cieza\\\/wp-content\\\/uploads\\\/sites\\\/127\\\/2025\\\/09\\\/fanta-limon-bote.jpg\",\"contentUrl\":\"https:\\\/\\\/pediren.es\\\/bocateria-instituto-cieza\\\/wp-content\\\/uploads\\\/sites\\\/127\\\/2025\\\/09\\\/fanta-limon-bote.jpg\",\"width\":1000,\"height\":600},{\"@type\":\"BreadcrumbList\",\"@id\":\"https:\\\/\\\/pediren.es\\\/bocateria-instituto-cieza\\\/producto\\\/fanta-limon-bote\\\/#breadcrumb\",\"itemListElement\":[{\"@type\":\"ListItem\",\"position\":1,\"name\":\"Portada\",\"item\":\"https:\\\/\\\/pediren.es\\\/bocateria-instituto-cieza\\\/\"},{\"@type\":\"ListItem\",\"position\":2,\"name\":\"Bocater\u00eda Instituto Cieza\",\"item\":\"https:\\\/\\\/pediren.es\\\/bocateria-instituto-cieza\\\/\"},{\"@type\":\"ListItem\",\"position\":3,\"name\":\"Fanta lim\u00f3n (bote)\"}]},{\"@type\":\"WebSite\",\"@id\":\"https:\\\/\\\/pediren.es\\\/bocateria-instituto-cieza\\\/#website\",\"url\":\"https:\\\/\\\/pediren.es\\\/bocateria-instituto-cieza\\\/\",\"name\":\"Bocater\u00eda Instituto\",\"description\":\"Los bocatas m\u00e1s famosos de Cieza se piden aqu\u00ed\",\"potentialAction\":[{\"@type\":\"SearchAction\",\"target\":{\"@type\":\"EntryPoint\",\"urlTemplate\":\"https:\\\/\\\/pediren.es\\\/bocateria-instituto-cieza\\\/?s={search_term_string}\"},\"query-input\":{\"@type\":\"PropertyValueSpecification\",\"valueRequired\":true,\"valueName\":\"search_term_string\"}}],\"inLanguage\":\"es\"}]}<\/script>\n<!-- \/ Yoast SEO plugin. -->","yoast_head_json":{"title":"Fanta lim\u00f3n (bote) - Bocater\u00eda Instituto","robots":{"index":"index","follow":"follow","max-snippet":"max-snippet:-1","max-image-preview":"max-image-preview:large","max-video-preview":"max-video-preview:-1"},"canonical":"https:\/\/pediren.es\/bocateria-instituto-cieza\/producto\/fanta-limon-bote\/","og_locale":"es_ES","og_type":"article","og_title":"Fanta lim\u00f3n (bote) - Bocater\u00eda Instituto","og_url":"https:\/\/pediren.es\/bocateria-instituto-cieza\/producto\/fanta-limon-bote\/","og_site_name":"Bocater\u00eda Instituto","article_modified_time":"2026-02-26T17:40:26+00:00","og_image":[{"width":1000,"height":600,"url":"https:\/\/pediren.es\/bocateria-instituto-cieza\/wp-content\/uploads\/sites\/127\/2025\/09\/fanta-limon-bote.jpg","type":"image\/jpeg"}],"twitter_card":"summary_large_image","schema":{"@context":"https:\/\/schema.org","@graph":[{"@type":"WebPage","@id":"https:\/\/pediren.es\/bocateria-instituto-cieza\/producto\/fanta-limon-bote\/","url":"https:\/\/pediren.es\/bocateria-instituto-cieza\/producto\/fanta-limon-bote\/","name":"Fanta lim\u00f3n (bote) - Bocater\u00eda Instituto","isPartOf":{"@id":"https:\/\/pediren.es\/bocateria-instituto-cieza\/#website"},"primaryImageOfPage":{"@id":"https:\/\/pediren.es\/bocateria-instituto-cieza\/producto\/fanta-limon-bote\/#primaryimage"},"image":{"@id":"https:\/\/pediren.es\/bocateria-instituto-cieza\/producto\/fanta-limon-bote\/#primaryimage"},"thumbnailUrl":"https:\/\/pediren.es\/bocateria-instituto-cieza\/wp-content\/uploads\/sites\/127\/2025\/09\/fanta-limon-bote.jpg","datePublished":"2025-09-24T06:49:25+00:00","dateModified":"2026-02-26T17:40:26+00:00","breadcrumb":{"@id":"https:\/\/pediren.es\/bocateria-instituto-cieza\/producto\/fanta-limon-bote\/#breadcrumb"},"inLanguage":"es","potentialAction":[{"@type":"ReadAction","target":["https:\/\/pediren.es\/bocateria-instituto-cieza\/producto\/fanta-limon-bote\/"]}]},{"@type":"ImageObject","inLanguage":"es","@id":"https:\/\/pediren.es\/bocateria-instituto-cieza\/producto\/fanta-limon-bote\/#primaryimage","url":"https:\/\/pediren.es\/bocateria-instituto-cieza\/wp-content\/uploads\/sites\/127\/2025\/09\/fanta-limon-bote.jpg","contentUrl":"https:\/\/pediren.es\/bocateria-instituto-cieza\/wp-content\/uploads\/sites\/127\/2025\/09\/fanta-limon-bote.jpg","width":1000,"height":600},{"@type":"BreadcrumbList","@id":"https:\/\/pediren.es\/bocateria-instituto-cieza\/producto\/fanta-limon-bote\/#breadcrumb","itemListElement":[{"@type":"ListItem","position":1,"name":"Portada","item":"https:\/\/pediren.es\/bocateria-instituto-cieza\/"},{"@type":"ListItem","position":2,"name":"Bocater\u00eda Instituto Cieza","item":"https:\/\/pediren.es\/bocateria-instituto-cieza\/"},{"@type":"ListItem","position":3,"name":"Fanta lim\u00f3n (bote)"}]},{"@type":"WebSite","@id":"https:\/\/pediren.es\/bocateria-instituto-cieza\/#website","url":"https:\/\/pediren.es\/bocateria-instituto-cieza\/","name":"Bocater\u00eda Instituto","description":"Los bocatas m\u00e1s famosos de Cieza se piden aqu\u00ed","potentialAction":[{"@type":"SearchAction","target":{"@type":"EntryPoint","urlTemplate":"https:\/\/pediren.es\/bocateria-instituto-cieza\/?s={search_term_string}"},"query-input":{"@type":"PropertyValueSpecification","valueRequired":true,"valueName":"search_term_string"}}],"inLanguage":"es"}]}},"_links":{"self":[{"href":"https:\/\/pediren.es\/bocateria-instituto-cieza\/wp-json\/wp\/v2\/product\/107","targetHints":{"allow":["GET"]}}],"collection":[{"href":"https:\/\/pediren.es\/bocateria-instituto-cieza\/wp-json\/wp\/v2\/product"}],"about":[{"href":"https:\/\/pediren.es\/bocateria-instituto-cieza\/wp-json\/wp\/v2\/types\/product"}],"wp:featuredmedia":[{"embeddable":true,"href":"https:\/\/pediren.es\/bocateria-instituto-cieza\/wp-json\/wp\/v2\/media\/41"}],"wp:attachment":[{"href":"https:\/\/pediren.es\/bocateria-instituto-cieza\/wp-json\/wp\/v2\/media?parent=107"}],"wp:term":[{"taxonomy":"product_brand","embeddable":true,"href":"https:\/\/pediren.es\/bocateria-instituto-cieza\/wp-json\/wp\/v2\/product_brand?post=107"},{"taxonomy":"product_cat","embeddable":true,"href":"https:\/\/pediren.es\/bocateria-instituto-cieza\/wp-json\/wp\/v2\/product_cat?post=107"},{"taxonomy":"product_tag","embeddable":true,"href":"https:\/\/pediren.es\/bocateria-instituto-cieza\/wp-json\/wp\/v2\/product_tag?post=107"}],"curies":[{"name":"wp","href":"https:\/\/api.w.org\/{rel}","templated":true}]}}